{"id":137,"date":"2019-08-22T13:45:34","date_gmt":"2019-08-22T11:45:34","guid":{"rendered":"https:\/\/chromonorm.de\/ratgeber\/?page_id=137"},"modified":"2024-08-22T14:28:59","modified_gmt":"2024-08-22T12:28:59","slug":"abfallkuehler","status":"publish","type":"page","link":"https:\/\/www.chromonorm.de\/ratgeber\/abfallkuehler\/","title":{"rendered":"Abfallk\u00fchler"},"content":{"rendered":"<section class=\"wpb-content-wrapper\"><p>[vc_row full_width=&#8220;stretch_row&#8220; gap=&#8220;35&#8243; css=&#8220;.vc_custom_1566485346340{margin-top: -65px !important;padding-bottom: 20px !important;background-color: #f2faff !important;}&#8220;][vc_column width=&#8220;1\/2&#8243;][vc_empty_space height=&#8220;20px&#8220;][vc_column_text single_style=&#8220;&#8220;]<\/p>\n<h1>Abfallk\u00fchler von CHROMOnorm<\/h1>\n<p>Ein Abfallk\u00fchler wird in jeder Gro\u00dfraumk\u00fcche ben\u00f6tigt, egal ob im Restaurant, im Bistro oder in der Kantine. Um den Hygienestandards nachzukommen und gerecht zu werden, m\u00fcssen organische Abf\u00e4lle heutzutage sachgem\u00e4\u00df gek\u00fchlt werden.<\/p>\n<p>Abfallk\u00fchler gibt es in verschiedenen Varianten und Gr\u00f6\u00dfen. Das Fassungsverm\u00f6gen variiert ebenfalls je nach Modell. Die Gr\u00f6\u00dfe des K\u00fchlers k\u00f6nnen Sie je nach Bedarf und Gr\u00f6\u00dfe Ihres Unternehmens bestimmen.<\/p>\n<p><strong>Unsere Vorteile im \u00dcberblick<\/strong><\/p>\n<ul>\n<li>Wir bieten Ihnen eine Auswahl an Abfallk\u00fchlern aus Edelstahl.<\/li>\n<li>Mit unserer individuellen Beratung finden Sie das richtige Produkt f\u00fcr Ihren Gastronomiebetrieb. Wir sind f\u00fcr Sie da und beraten Sie gerne umfangreich.<\/li>\n<li>Unsere Lieferzeiten sind kurz und f\u00fcr Sie in der Regel kostenfrei. Wir stehen f\u00fcr hohe Qualit\u00e4t und modernste Fertigungstechnologien aus Deutschland.<\/li>\n<\/ul>\n<p>&nbsp;<\/p>\n<p>Wenn wir Ihnen bei der Auswahl Ihres Produktes behilflich sein d\u00fcrfen, kontaktieren Sie uns gerne. Unsere Berater stehen Ihnen zur Verf\u00fcgung.[\/vc_column_text][vc_empty_space height=&#8220;20px&#8220;][\/vc_column][vc_column width=&#8220;1\/2&#8243;][vc_empty_space height=&#8220;100px&#8220;][vc_single_image image=&#8220;1596&#8243; img_size=&#8220;full&#8220; alignment=&#8220;right&#8220; css=&#8220;.vc_custom_1724317298062{padding-left: 0px !important;}&#8220;][vc_btn title=&#8220;Alle Abfallk\u00fchler ansehen&#8220; style=&#8220;flat&#8220; color=&#8220;primary&#8220; align=&#8220;center&#8220; link=&#8220;url:https%3A%2F%2Fwww.chromonorm.de%2Fkuehlgeraete%2Fabfallkuehler%2F|||&#8220;][\/vc_column][\/vc_row][vc_row css=&#8220;.vc_custom_1566485560490{margin-top: 40px !important;}&#8220;][vc_column][vc_column_text single_style=&#8220;&#8220;]<\/p>\n<h2>Abfallk\u00fchler in vielen Variationen<\/h2>\n<p>[\/vc_column_text][\/vc_column][\/vc_row][vc_row full_width=&#8220;stretch_row&#8220; gap=&#8220;20&#8243; css=&#8220;.vc_custom_1566487132571{margin-top: 0px !important;margin-bottom: 100px !important;}&#8220; el_class=&#8220;kategorie&#8220;][vc_column width=&#8220;1\/4&#8243;][vc_row_inner css=&#8220;.vc_custom_1566480253547{border-radius: 10px !important;}&#8220; el_class=&#8220;meinprodukt&#8220;][vc_column_inner][vc_single_image image=&#8220;1727&#8243; img_size=&#8220;full&#8220; alignment=&#8220;center&#8220;][vc_column_text single_style=&#8220;&#8220;]<\/p>\n<ul>\n<li><strong>1 T\u00fcr<\/strong><\/li>\n<li><strong>120 Liter<\/strong><\/li>\n<\/ul>\n<p>&nbsp;<\/p>\n<p>Unsere Abfallk\u00fchler mit einer Fl\u00fcgelt\u00fcr, 240 Liter Fassungsverm\u00f6gen und einer Korpusabdeckung aus Edelstahl, die vor Verschmutzungen sch\u00fctzen soll.<\/p>\n<p style=\"text-align: right;\"><strong>ab 3.240 \u20ac<\/strong><\/p>\n<p>[\/vc_column_text][vc_btn title=&#8220;Zur \u00dcbersicht&#8220; style=&#8220;flat&#8220; color=&#8220;primary&#8220; size=&#8220;sm&#8220; align=&#8220;center&#8220; button_block=&#8220;true&#8220; link=&#8220;url:https%3A%2F%2Fwww.chromonorm.de%2Fkuehlgeraete%2Fabfallkuehler%2F%3Fp%3D1%26o%3D2%26n%3D12%26f%3D8%257C10|||&#8220;][\/vc_column_inner][\/vc_row_inner][\/vc_column][vc_column width=&#8220;1\/4&#8243;][vc_row_inner el_class=&#8220;meinprodukt&#8220;][vc_column_inner][vc_single_image image=&#8220;1727&#8243; img_size=&#8220;full&#8220;][vc_column_text single_style=&#8220;&#8220;]<\/p>\n<ul>\n<li><strong>1 T\u00fcr <\/strong><\/li>\n<li><strong>240 Liter<\/strong><\/li>\n<\/ul>\n<p>&nbsp;<\/p>\n<p>Unsere Abfallk\u00fchler mit einer Fl\u00fcgelt\u00fcr, 240 Liter Fassungsverm\u00f6gen und einer Korpusabdeckung aus Edelstahl, die vor Verschmutzungen sch\u00fctzen soll.<\/p>\n<p style=\"text-align: right;\"><strong>ab 3.370 \u20ac<\/strong><\/p>\n<p>[\/vc_column_text][vc_btn title=&#8220;Zur \u00dcbersicht&#8220; style=&#8220;flat&#8220; color=&#8220;primary&#8220; size=&#8220;sm&#8220; align=&#8220;center&#8220; button_block=&#8220;true&#8220; link=&#8220;url:https%3A%2F%2Fwww.chromonorm.de%2Fkuehlgeraete%2Fabfallkuehler%2F%3Fp%3D1%26o%3D2%26n%3D12%26f%3D8%257C11|||&#8220;][\/vc_column_inner][\/vc_row_inner][\/vc_column][vc_column width=&#8220;1\/4&#8243;][vc_row_inner][vc_column_inner][vc_single_image image=&#8220;1596&#8243; img_size=&#8220;full&#8220;][vc_column_text single_style=&#8220;&#8220;]<\/p>\n<ul>\n<li><strong>2 T\u00fcren<\/strong><\/li>\n<li><strong>120 Liter<\/strong><\/li>\n<\/ul>\n<p>&nbsp;<\/p>\n<p>Unsere Abfallk\u00fchler mit zwei Fl\u00fcgelt\u00fcren, 120 Liter Fassungsverm\u00f6gen und einer Korpusabdeckung aus Edelstahl, die vor Verschmutzungen sch\u00fctzen soll.<\/p>\n<p style=\"text-align: right;\"><strong>ab 4.240 \u20ac<\/strong><\/p>\n<p>[\/vc_column_text][vc_btn title=&#8220;Zur \u00dcbersicht&#8220; style=&#8220;flat&#8220; color=&#8220;primary&#8220; size=&#8220;sm&#8220; align=&#8220;center&#8220; button_block=&#8220;true&#8220; link=&#8220;url:https%3A%2F%2Fwww.chromonorm.de%2Fkuehlgeraete%2Fabfallkuehler%2F%3Fp%3D1%26o%3D2%26n%3D12%26f%3D9%257C10|||&#8220;][\/vc_column_inner][\/vc_row_inner][\/vc_column][vc_column width=&#8220;1\/4&#8243;][vc_row_inner][vc_column_inner][vc_single_image image=&#8220;1596&#8243; img_size=&#8220;full&#8220;][vc_column_text single_style=&#8220;&#8220;]<\/p>\n<ul>\n<li><strong>2 T\u00fcren<\/strong><\/li>\n<li><strong>240 Liter<\/strong><\/li>\n<\/ul>\n<p>&nbsp;<\/p>\n<p>Unsere Abfallk\u00fchler mit zwei Fl\u00fcgelt\u00fcren, 240 Liter Fassungsverm\u00f6gen und einer Korpusabdeckung aus Edelstahl die vor Verschmutzungen sch\u00fctzt.<\/p>\n<p style=\"text-align: right;\"><strong>ab 4.375 \u20ac<\/strong><\/p>\n<p>[\/vc_column_text][vc_btn title=&#8220;Zur \u00dcbersicht&#8220; style=&#8220;flat&#8220; color=&#8220;primary&#8220; size=&#8220;sm&#8220; align=&#8220;center&#8220; button_block=&#8220;true&#8220; link=&#8220;url:https%3A%2F%2Fwww.chromonorm.de%2Fkuehlgeraete%2Fabfallkuehler%2F%3Fp%3D1%26o%3D2%26n%3D12%26f%3D9%257C11|||&#8220;][\/vc_column_inner][\/vc_row_inner][\/vc_column][\/vc_row][vc_row full_width=&#8220;stretch_row&#8220; css=&#8220;.vc_custom_1566485353024{padding-top: 40px !important;padding-bottom: 40px !important;background-color: #f2faff !important;}&#8220;][vc_column width=&#8220;2\/3&#8243;][vc_column_text single_style=&#8220;&#8220; css=&#8220;.vc_custom_1572954749459{padding-right: 40px !important;}&#8220;]<\/p>\n<h2>Gro\u00dfe Auswahl an Abfallk\u00fchlern<\/h2>\n<p>Wir von Chromonorm stehen f\u00fcr h\u00f6chste Qualit\u00e4t und individuelle Beratung. Mit unserer Hilfe finden Sie den richtigen Abfallk\u00fchler aus Edelstahl f\u00fcr Ihren Betrieb. Bei unseren Abfallk\u00fchlern haben wir unterschiedliche Modelle und Gr\u00f6\u00dfen im Angebot. Je nach Bedarf und der Abfallmenge in Ihrem gastronomischen Betrieb k\u00f6nnen Sie zwischen Abfallk\u00fchlern mit unterschiedlichem Fassungsverm\u00f6gen w\u00e4hlen.<\/p>\n<p>Es stehen einfache Modelle mit einer Fl\u00fcgelt\u00fcr oder die doppelten Modelle mit jeweils zwei Fl\u00fcgelt\u00fcren zur Auswahl. Das Fassungsverm\u00f6gen liegt entweder bei 120 L oder bei 240 L. Das Modell mit zwei Fl\u00fcgelt\u00fcren verf\u00fcgt \u00fcber zwei Einwurfklappen und einem so verdoppelten Fassungsverm\u00f6gen.[\/vc_column_text][\/vc_column][vc_column width=&#8220;1\/3&#8243;][vc_empty_space][vc_single_image image=&#8220;320&#8243; img_size=&#8220;full&#8220;][\/vc_column][\/vc_row][vc_row css=&#8220;.vc_custom_1566487681620{margin-top: 80px !important;}&#8220;][vc_column width=&#8220;1\/2&#8243;][vc_single_image image=&#8220;113&#8243; img_size=&#8220;large&#8220; css=&#8220;.vc_custom_1566487696729{margin-top: 50px !important;}&#8220;][\/vc_column][vc_column width=&#8220;1\/2&#8243;][vc_column_text single_style=&#8220;&#8220;]<\/p>\n<h2>TOP Qualit\u00e4t von CHROMOnorm<\/h2>\n<p>All unsere Abfallk\u00fchler bestehen innen und au\u00dfen aus Edelstahl und sind somit leicht zu reinigen. Sie weisen au\u00dferdem eine automatische Abtauung und eine Tauwasserverdunstung auf.<\/p>\n<p>Ein verdampferfreier Innenraum ist ebenfalls gegeben. Das Ger\u00e4t kann bei Bedarf zudem steckerfertig geliefert werden.[\/vc_column_text][\/vc_column][\/vc_row][vc_row][vc_column][vc_column_text single_style=&#8220;&#8220;]<\/p>\n<h2>Das k\u00f6nnte Sie auch interessieren<\/h2>\n<p>[\/vc_column_text][\/vc_column][\/vc_row][vc_row][vc_column width=&#8220;1\/4&#8243;][vc_row_inner][vc_column_inner][vc_single_image image=&#8220;1591&#8243; img_size=&#8220;full&#8220;][vc_column_text single_style=&#8220;&#8220;]<\/p>\n<h3 style=\"text-align: center;\">K\u00fchlschr\u00e4nke<\/h3>\n<p>[\/vc_column_text][vc_btn title=&#8220;Zu den K\u00fchlschr\u00e4nken&#8220; color=&#8220;primary&#8220; size=&#8220;sm&#8220; align=&#8220;center&#8220; link=&#8220;url:https%3A%2F%2Fchromonorm.de%2Fratgeber%2Fkuehlschraenke%2F|title:Arbeitsschr%C3%A4nke||&#8220;][\/vc_column_inner][\/vc_row_inner][\/vc_column][vc_column width=&#8220;1\/4&#8243;][vc_row_inner][vc_column_inner][vc_single_image image=&#8220;1592&#8243; img_size=&#8220;full&#8220;][vc_column_text single_style=&#8220;&#8220;]<\/p>\n<h3 style=\"text-align: center;\">Tiefk\u00fchlschr.<\/h3>\n<p>[\/vc_column_text][vc_btn title=&#8220;Zu den Tiefk\u00fchlschr.&#8220; color=&#8220;primary&#8220; size=&#8220;sm&#8220; align=&#8220;center&#8220; link=&#8220;url:https%3A%2F%2Fchromonorm.de%2Fratgeber%2Ftiefkuehlschraenke%2F|title:Arbeitsschr%C3%A4nke||&#8220;][\/vc_column_inner][\/vc_row_inner][\/vc_column][vc_column width=&#8220;1\/4&#8243;][vc_row_inner][vc_column_inner][vc_single_image image=&#8220;1594&#8243; img_size=&#8220;full&#8220;][vc_column_text single_style=&#8220;&#8220;]<\/p>\n<h3 style=\"text-align: center;\">Getr\u00e4nketheken<\/h3>\n<p>[\/vc_column_text][vc_btn title=&#8220;Zu den Getr\u00e4nketheken&#8220; color=&#8220;primary&#8220; size=&#8220;sm&#8220; align=&#8220;center&#8220; link=&#8220;url:https%3A%2F%2Fchromonorm.de%2Fratgeber%2Fgetraenketheken%2F|title:Arbeitsschr%C3%A4nke||&#8220;][\/vc_column_inner][\/vc_row_inner][\/vc_column][vc_column width=&#8220;1\/4&#8243;][vc_row_inner][vc_column_inner][vc_single_image image=&#8220;1598&#8243; img_size=&#8220;full&#8220;][vc_column_text single_style=&#8220;&#8220;]<\/p>\n<h3 style=\"text-align: center;\">Saladetten<\/h3>\n<p>[\/vc_column_text][vc_btn title=&#8220;Zu den Saladetten&#8220; color=&#8220;primary&#8220; size=&#8220;sm&#8220; align=&#8220;center&#8220; link=&#8220;url:https%3A%2F%2Fchromonorm.de%2Fratgeber%2Fsaladette%2F|title:Arbeitsschr%C3%A4nke||&#8220;][\/vc_column_inner][\/vc_row_inner][\/vc_column][\/vc_row]<\/p>\n<\/section>","protected":false},"excerpt":{"rendered":"<p>[vc_row full_width=&#8220;stretch_row&#8220; gap=&#8220;35&#8243; css=&#8220;.vc_custom_1566485346340{margin-top: -65px !important;padding-bottom: 20px !important;background-color: #f2faff !important;}&#8220;][vc_column width=&#8220;1\/2&#8243;][vc_empty_space height=&#8220;20px&#8220;][vc_column_text single_style=&#8220;&#8220;] Abfallk\u00fchler von CHROMOnorm Ein Abfallk\u00fchler wird in jeder Gro\u00dfraumk\u00fcche ben\u00f6tigt, egal ob im Restaurant, im Bistro oder in der Kantine. Um den Hygienestandards nachzukommen und gerecht zu werden, m\u00fcssen organische Abf\u00e4lle heutzutage sachgem\u00e4\u00df gek\u00fchlt werden. Abfallk\u00fchler gibt es in verschiedenen Varianten und<\/p>\n","protected":false},"author":6,"featured_media":0,"parent":0,"menu_order":0,"comment_status":"closed","ping_status":"closed","template":"page-blocks.php","meta":{"footnotes":""},"featured_image_urls":{"full":"","thumbnail":"","medium":"","medium_large":"","large":"","1536x1536":"","2048x2048":"","post-thumbnail":"","contentberg-main":"","contentberg-main-full":"","contentberg-slider-stylish":"","contentberg-slider-carousel":"","contentberg-slider-grid-b":"","contentberg-slider-grid-b-sm":"","contentberg-slider-bold-sm":"","contentberg-grid":"","contentberg-list":"","contentberg-list-b":"","contentberg-thumb":"","contentberg-thumb-alt":""},"post_excerpt_stackable":"<p>[vc_row full_width=&#8220;stretch_row&#8220; gap=&#8220;35&#8243; css=&#8220;.vc_custom_1566485346340{margin-top: -65px !important;padding-bottom: 20px !important;background-color: #f2faff !important;}&#8220;][vc_column width=&#8220;1\/2&#8243;][vc_empty_space height=&#8220;20px&#8220;][vc_column_text single_style=&#8220;&#8220;] Abfallk\u00fchler von CHROMOnorm Ein Abfallk\u00fchler wird in jeder Gro\u00dfraumk\u00fcche ben\u00f6tigt, egal ob im Restaurant, im Bistro oder in der Kantine. Um den Hygienestandards nachzukommen und gerecht zu werden, m\u00fcssen organische Abf\u00e4lle heutzutage sachgem\u00e4\u00df gek\u00fchlt werden. Abfallk\u00fchler gibt es in verschiedenen Varianten und Gr\u00f6\u00dfen. Das Fassungsverm\u00f6gen variiert ebenfalls je nach Modell. Die Gr\u00f6\u00dfe des K\u00fchlers k\u00f6nnen Sie je nach Bedarf und Gr\u00f6\u00dfe Ihres Unternehmens bestimmen. Unsere Vorteile im \u00dcberblick Wir bieten Ihnen eine Auswahl an Abfallk\u00fchlern aus Edelstahl. Mit unserer individuellen Beratung finden Sie das richtige Produkt f\u00fcr&hellip;<\/p>\n","category_list":"","author_info":{"name":"Dawid Kunda","url":"https:\/\/www.chromonorm.de\/ratgeber\/author\/dawid-kunda\/"},"comments_num":"0 comments","featured_image_urls_v2":{"full":"","thumbnail":"","medium":"","medium_large":"","large":"","1536x1536":"","2048x2048":"","post-thumbnail":"","contentberg-main":"","contentberg-main-full":"","contentberg-slider-stylish":"","contentberg-slider-carousel":"","contentberg-slider-grid-b":"","contentberg-slider-grid-b-sm":"","contentberg-slider-bold-sm":"","contentberg-grid":"","contentberg-list":"","contentberg-list-b":"","contentberg-thumb":"","contentberg-thumb-alt":""},"post_excerpt_stackable_v2":"<p>[vc_row full_width=&#8220;stretch_row&#8220; gap=&#8220;35&#8243; css=&#8220;.vc_custom_1566485346340{margin-top: -65px !important;padding-bottom: 20px !important;background-color: #f2faff !important;}&#8220;][vc_column width=&#8220;1\/2&#8243;][vc_empty_space height=&#8220;20px&#8220;][vc_column_text single_style=&#8220;&#8220;] Abfallk\u00fchler von CHROMOnorm Ein Abfallk\u00fchler wird in jeder Gro\u00dfraumk\u00fcche ben\u00f6tigt, egal ob im Restaurant, im Bistro oder in der Kantine. Um den Hygienestandards nachzukommen und gerecht zu werden, m\u00fcssen organische Abf\u00e4lle heutzutage sachgem\u00e4\u00df gek\u00fchlt werden. Abfallk\u00fchler gibt es in verschiedenen Varianten und Gr\u00f6\u00dfen. Das Fassungsverm\u00f6gen variiert ebenfalls je nach Modell. Die Gr\u00f6\u00dfe des K\u00fchlers k\u00f6nnen Sie je nach Bedarf und Gr\u00f6\u00dfe Ihres Unternehmens bestimmen. Unsere Vorteile im \u00dcberblick Wir bieten Ihnen eine Auswahl an Abfallk\u00fchlern aus Edelstahl. Mit unserer individuellen Beratung finden Sie das richtige Produkt f\u00fcr&hellip;<\/p>\n","category_list_v2":"","author_info_v2":{"name":"Dawid Kunda","url":"https:\/\/www.chromonorm.de\/ratgeber\/author\/dawid-kunda\/"},"comments_num_v2":"0 comments","yoast_head":"<!-- This site is optimized with the Yoast SEO plugin v22.6 - https:\/\/yoast.com\/wordpress\/plugins\/seo\/ -->\n<title>Abfallk\u00fchler aus Edelstahl online kaufen - TOP Qualit\u00e4t | Chromonorm<\/title>\n<meta name=\"description\" content=\"Abfallk\u00fchler aus Edelstahl \u2713 in TOP Qualit\u00e4t \u2713 f\u00fcr den Gastronomieeinsatz \u2713 Jetzt Abfallk\u00fchler online bestellen mit CHROMOnorm!\" \/>\n<meta name=\"robots\" content=\"index, nofollow, max-snippet:-1, max-image-preview:large, max-video-preview:-1\" \/>\n<link rel=\"canonical\" href=\"https:\/\/www.chromonorm.de\/ratgeber\/abfallkuehler\/\" \/>\n<meta property=\"og:locale\" content=\"de_DE\" \/>\n<meta property=\"og:type\" content=\"article\" \/>\n<meta property=\"og:title\" content=\"Abfallk\u00fchler aus Edelstahl online kaufen - TOP Qualit\u00e4t | Chromonorm\" \/>\n<meta property=\"og:description\" content=\"Abfallk\u00fchler aus Edelstahl \u2713 in TOP Qualit\u00e4t \u2713 f\u00fcr den Gastronomieeinsatz \u2713 Jetzt Abfallk\u00fchler online bestellen mit CHROMOnorm!\" \/>\n<meta property=\"og:url\" content=\"https:\/\/www.chromonorm.de\/ratgeber\/abfallkuehler\/\" \/>\n<meta property=\"og:site_name\" content=\"Chromonorm Ratgeber\" \/>\n<meta property=\"article:modified_time\" content=\"2024-08-22T12:28:59+00:00\" \/>\n<meta name=\"twitter:card\" content=\"summary_large_image\" \/>\n<meta name=\"twitter:label1\" content=\"Gesch\u00e4tzte Lesezeit\" \/>\n\t<meta name=\"twitter:data1\" content=\"4\u00a0Minuten\" \/>\n<script type=\"application\/ld+json\" class=\"yoast-schema-graph\">{\"@context\":\"https:\/\/schema.org\",\"@graph\":[{\"@type\":\"WebPage\",\"@id\":\"https:\/\/www.chromonorm.de\/ratgeber\/abfallkuehler\/\",\"url\":\"https:\/\/www.chromonorm.de\/ratgeber\/abfallkuehler\/\",\"name\":\"Abfallk\u00fchler aus Edelstahl online kaufen - TOP Qualit\u00e4t | Chromonorm\",\"isPartOf\":{\"@id\":\"https:\/\/www.chromonorm.de\/ratgeber\/#website\"},\"datePublished\":\"2019-08-22T11:45:34+00:00\",\"dateModified\":\"2024-08-22T12:28:59+00:00\",\"description\":\"Abfallk\u00fchler aus Edelstahl \u2713 in TOP Qualit\u00e4t \u2713 f\u00fcr den Gastronomieeinsatz \u2713 Jetzt Abfallk\u00fchler online bestellen mit CHROMOnorm!\",\"breadcrumb\":{\"@id\":\"https:\/\/www.chromonorm.de\/ratgeber\/abfallkuehler\/#breadcrumb\"},\"inLanguage\":\"de\",\"potentialAction\":[{\"@type\":\"ReadAction\",\"target\":[\"https:\/\/www.chromonorm.de\/ratgeber\/abfallkuehler\/\"]}]},{\"@type\":\"BreadcrumbList\",\"@id\":\"https:\/\/www.chromonorm.de\/ratgeber\/abfallkuehler\/#breadcrumb\",\"itemListElement\":[{\"@type\":\"ListItem\",\"position\":1,\"name\":\"Startseite\",\"item\":\"https:\/\/www.chromonorm.de\/ratgeber\/\"},{\"@type\":\"ListItem\",\"position\":2,\"name\":\"Abfallk\u00fchler\"}]},{\"@type\":\"WebSite\",\"@id\":\"https:\/\/www.chromonorm.de\/ratgeber\/#website\",\"url\":\"https:\/\/www.chromonorm.de\/ratgeber\/\",\"name\":\"Chromonorm Ratgeber\",\"description\":\"Ratgeber f\u00fcr Gastro K\u00fcchen\",\"publisher\":{\"@id\":\"https:\/\/www.chromonorm.de\/ratgeber\/#organization\"},\"potentialAction\":[{\"@type\":\"SearchAction\",\"target\":{\"@type\":\"EntryPoint\",\"urlTemplate\":\"https:\/\/www.chromonorm.de\/ratgeber\/?s={search_term_string}\"},\"query-input\":\"required name=search_term_string\"}],\"inLanguage\":\"de\"},{\"@type\":\"Organization\",\"@id\":\"https:\/\/www.chromonorm.de\/ratgeber\/#organization\",\"name\":\"Chromonorm\",\"url\":\"https:\/\/www.chromonorm.de\/ratgeber\/\",\"logo\":{\"@type\":\"ImageObject\",\"inLanguage\":\"de\",\"@id\":\"https:\/\/www.chromonorm.de\/ratgeber\/#\/schema\/logo\/image\/\",\"url\":\"https:\/\/www.chromonorm.de\/ratgeber\/wp-content\/uploads\/2019\/07\/Chromonorm-Logo.png\",\"contentUrl\":\"https:\/\/www.chromonorm.de\/ratgeber\/wp-content\/uploads\/2019\/07\/Chromonorm-Logo.png\",\"width\":350,\"height\":51,\"caption\":\"Chromonorm\"},\"image\":{\"@id\":\"https:\/\/www.chromonorm.de\/ratgeber\/#\/schema\/logo\/image\/\"}}]}<\/script>\n<!-- \/ Yoast SEO plugin. -->","yoast_head_json":{"title":"Abfallk\u00fchler aus Edelstahl online kaufen - TOP Qualit\u00e4t | Chromonorm","description":"Abfallk\u00fchler aus Edelstahl \u2713 in TOP Qualit\u00e4t \u2713 f\u00fcr den Gastronomieeinsatz \u2713 Jetzt Abfallk\u00fchler online bestellen mit CHROMOnorm!","robots":{"index":"index","follow":"nofollow","max-snippet":"max-snippet:-1","max-image-preview":"max-image-preview:large","max-video-preview":"max-video-preview:-1"},"canonical":"https:\/\/www.chromonorm.de\/ratgeber\/abfallkuehler\/","og_locale":"de_DE","og_type":"article","og_title":"Abfallk\u00fchler aus Edelstahl online kaufen - TOP Qualit\u00e4t | Chromonorm","og_description":"Abfallk\u00fchler aus Edelstahl \u2713 in TOP Qualit\u00e4t \u2713 f\u00fcr den Gastronomieeinsatz \u2713 Jetzt Abfallk\u00fchler online bestellen mit CHROMOnorm!","og_url":"https:\/\/www.chromonorm.de\/ratgeber\/abfallkuehler\/","og_site_name":"Chromonorm Ratgeber","article_modified_time":"2024-08-22T12:28:59+00:00","twitter_card":"summary_large_image","twitter_misc":{"Gesch\u00e4tzte Lesezeit":"4\u00a0Minuten"},"schema":{"@context":"https:\/\/schema.org","@graph":[{"@type":"WebPage","@id":"https:\/\/www.chromonorm.de\/ratgeber\/abfallkuehler\/","url":"https:\/\/www.chromonorm.de\/ratgeber\/abfallkuehler\/","name":"Abfallk\u00fchler aus Edelstahl online kaufen - TOP Qualit\u00e4t | Chromonorm","isPartOf":{"@id":"https:\/\/www.chromonorm.de\/ratgeber\/#website"},"datePublished":"2019-08-22T11:45:34+00:00","dateModified":"2024-08-22T12:28:59+00:00","description":"Abfallk\u00fchler aus Edelstahl \u2713 in TOP Qualit\u00e4t \u2713 f\u00fcr den Gastronomieeinsatz \u2713 Jetzt Abfallk\u00fchler online bestellen mit CHROMOnorm!","breadcrumb":{"@id":"https:\/\/www.chromonorm.de\/ratgeber\/abfallkuehler\/#breadcrumb"},"inLanguage":"de","potentialAction":[{"@type":"ReadAction","target":["https:\/\/www.chromonorm.de\/ratgeber\/abfallkuehler\/"]}]},{"@type":"BreadcrumbList","@id":"https:\/\/www.chromonorm.de\/ratgeber\/abfallkuehler\/#breadcrumb","itemListElement":[{"@type":"ListItem","position":1,"name":"Startseite","item":"https:\/\/www.chromonorm.de\/ratgeber\/"},{"@type":"ListItem","position":2,"name":"Abfallk\u00fchler"}]},{"@type":"WebSite","@id":"https:\/\/www.chromonorm.de\/ratgeber\/#website","url":"https:\/\/www.chromonorm.de\/ratgeber\/","name":"Chromonorm Ratgeber","description":"Ratgeber f\u00fcr Gastro K\u00fcchen","publisher":{"@id":"https:\/\/www.chromonorm.de\/ratgeber\/#organization"},"potentialAction":[{"@type":"SearchAction","target":{"@type":"EntryPoint","urlTemplate":"https:\/\/www.chromonorm.de\/ratgeber\/?s={search_term_string}"},"query-input":"required name=search_term_string"}],"inLanguage":"de"},{"@type":"Organization","@id":"https:\/\/www.chromonorm.de\/ratgeber\/#organization","name":"Chromonorm","url":"https:\/\/www.chromonorm.de\/ratgeber\/","logo":{"@type":"ImageObject","inLanguage":"de","@id":"https:\/\/www.chromonorm.de\/ratgeber\/#\/schema\/logo\/image\/","url":"https:\/\/www.chromonorm.de\/ratgeber\/wp-content\/uploads\/2019\/07\/Chromonorm-Logo.png","contentUrl":"https:\/\/www.chromonorm.de\/ratgeber\/wp-content\/uploads\/2019\/07\/Chromonorm-Logo.png","width":350,"height":51,"caption":"Chromonorm"},"image":{"@id":"https:\/\/www.chromonorm.de\/ratgeber\/#\/schema\/logo\/image\/"}}]}},"_links":{"self":[{"href":"https:\/\/www.chromonorm.de\/ratgeber\/wp-json\/wp\/v2\/pages\/137"}],"collection":[{"href":"https:\/\/www.chromonorm.de\/ratgeber\/wp-json\/wp\/v2\/pages"}],"about":[{"href":"https:\/\/www.chromonorm.de\/ratgeber\/wp-json\/wp\/v2\/types\/page"}],"author":[{"embeddable":true,"href":"https:\/\/www.chromonorm.de\/ratgeber\/wp-json\/wp\/v2\/users\/6"}],"replies":[{"embeddable":true,"href":"https:\/\/www.chromonorm.de\/ratgeber\/wp-json\/wp\/v2\/comments?post=137"}],"version-history":[{"count":218,"href":"https:\/\/www.chromonorm.de\/ratgeber\/wp-json\/wp\/v2\/pages\/137\/revisions"}],"predecessor-version":[{"id":1730,"href":"https:\/\/www.chromonorm.de\/ratgeber\/wp-json\/wp\/v2\/pages\/137\/revisions\/1730"}],"wp:attachment":[{"href":"https:\/\/www.chromonorm.de\/ratgeber\/wp-json\/wp\/v2\/media?parent=137"}],"curies":[{"name":"wp","href":"https:\/\/api.w.org\/{rel}","templated":true}]}}