{"id":1505,"date":"2024-08-20T18:15:11","date_gmt":"2024-08-20T16:15:11","guid":{"rendered":"https:\/\/www.chromonorm.de\/ratgeber\/?page_id=1505"},"modified":"2024-08-26T07:21:56","modified_gmt":"2024-08-26T05:21:56","slug":"eiswuerfelbereiter","status":"publish","type":"page","link":"https:\/\/www.chromonorm.de\/ratgeber\/eiswuerfelbereiter\/","title":{"rendered":"Eisw\u00fcrfelbereiter"},"content":{"rendered":"<section class=\"wpb-content-wrapper\"><p>[vc_row full_width=&#8220;stretch_row&#8220; gap=&#8220;35&#8243; css=&#8220;.vc_custom_1566485346340{margin-top: -65px !important;padding-bottom: 20px !important;background-color: #f2faff !important;}&#8220;][vc_column width=&#8220;1\/2&#8243;][vc_empty_space height=&#8220;20px&#8220;][vc_column_text single_style=&#8220;&#8220;]<\/p>\n<h1>Eisw\u00fcrfebereiter von MANITOWOC<\/h1>\n<p><span style=\"font-weight: 400;\">Eisw\u00fcrfel sind ein wesentlicher Bestandteil vieler Getr\u00e4nke, aber ihre Bedeutung wird oft untersch\u00e4tzt. Die richtige Zubereitung von Eisw\u00fcrfeln kann jedoch einen erheblichen Unterschied im Geschmack und der Qualit\u00e4t eines Getr\u00e4nks machen. Hier werden wir uns daher genauer damit befassen, wie die richtige Eisw\u00fcrfelzubereitung das Trinkerlebnis verbessern kann.\u00a0<\/span><\/p>\n<p><span style=\"font-weight: 400;\">Erfahren Sie, warum es sich lohnt, mehr Aufmerksamkeit auf die kleinen Details zu legen und wie Sie mit einfachen Tipps und Tricks Ihre Eisw\u00fcrfel perfektionieren k\u00f6nnen. Tauchen Sie ein in die Welt der Eisw\u00fcrfel und entdecken Sie, wie Sie den Genuss Ihrer Lieblingsgetr\u00e4nke steigern k\u00f6nnen.<\/span><\/p>\n<p><strong>Unsere Vorteile im \u00dcberblick<\/strong><\/p>\n<ul>\n<li>Wir bieten Ihnen eine gro\u00dfe Auswahl an Eisw\u00fcrfelbereiter.<\/li>\n<li>Mit unserer individuellen Beratung finden Sie das richtige Produkt f\u00fcr Ihren Gastronomiebetrieb. Wir sind f\u00fcr Sie da und beraten Sie gerne umfangreich.<\/li>\n<li>Unsere Lieferzeiten sind kurz und zumeist kostenfrei.<\/li>\n<li>Wir sind ein exklusiver Anbieter der MANITOWOC Produkte in Deutschland<\/li>\n<\/ul>\n<p>[\/vc_column_text][vc_empty_space height=&#8220;20px&#8220;][\/vc_column][vc_column width=&#8220;1\/2&#8243;][vc_empty_space height=&#8220;100px&#8220;][vc_single_image image=&#8220;1603&#8243; img_size=&#8220;full&#8220; alignment=&#8220;right&#8220; css=&#8220;.vc_custom_1724317491189{padding-left: 0px !important;}&#8220;][vc_btn title=&#8220;Alle Eisw\u00fcrfelbereiter ansehen&#8220; style=&#8220;flat&#8220; color=&#8220;primary&#8220; align=&#8220;center&#8220; link=&#8220;url:https%3A%2F%2Fwww.chromonorm.de%2Feiswuerfelbereiter%2F&#8220;][\/vc_column][\/vc_row][vc_row][vc_column][vc_column_text single_style=&#8220;&#8220;]<\/p>\n<h2>Eisw\u00fcrfelbereiter von MANITOWOC in vielen Variationen<\/h2>\n<p>[\/vc_column_text][\/vc_column][\/vc_row][vc_row css=&#8220;.vc_custom_1584701464383{margin-top: 0px !important;margin-right: 0px !important;margin-bottom: 0px !important;margin-left: 0px !important;border-top-width: 0px !important;border-right-width: 0px !important;border-bottom-width: 0px !important;border-left-width: 0px !important;padding-top: 0px !important;padding-right: 0px !important;padding-bottom: 0px !important;padding-left: 0px !important;}&#8220;][vc_column width=&#8220;1\/3&#8243;][vc_row_inner][vc_column_inner][vc_single_image image=&#8220;1758&#8243; img_size=&#8220;medium&#8220;][vc_column_text single_style=&#8220;&#8220;]<\/p>\n<ul>\n<li><strong>SOTTO Serie<\/strong><\/li>\n<\/ul>\n<p>&nbsp;<\/p>\n<p><span style=\"font-weight: 400;\">Der <strong>Manitowoc <\/strong>SOTTO Eisw\u00fcrfelbereiter zeichnet sich durch sein elegantes Design und seine kompakte Bauweise aus. <\/span><\/p>\n<p style=\"text-align: right;\"><strong>ab 1.680 \u20ac<\/strong><\/p>\n<p>[\/vc_column_text][vc_btn title=&#8220;Zur \u00dcbersicht&#8220; style=&#8220;flat&#8220; color=&#8220;primary&#8220; size=&#8220;sm&#8220; align=&#8220;center&#8220; button_block=&#8220;true&#8220; link=&#8220;url:https%3A%2F%2Fwww.chromonorm.de%2Fsearch%3Fsearch%3Dsotto&#8220;][\/vc_column_inner][\/vc_row_inner][\/vc_column][vc_column width=&#8220;1\/3&#8243;][vc_row_inner el_class=&#8220;meinprodukt&#8220;][vc_column_inner][vc_single_image image=&#8220;1757&#8243; img_size=&#8220;medium&#8220;][vc_column_text single_style=&#8220;&#8220;]<\/p>\n<ul>\n<li><strong>NEO Serie<\/strong><\/li>\n<\/ul>\n<p>&nbsp;<\/p>\n<p><span style=\"font-weight: 400;\">Der <strong>Manitowoc <\/strong>NEO ist ein robustes und langlebiges Ger\u00e4t, das speziell f\u00fcr den professionellen Einsatz entwickelt wurde.<\/span><\/p>\n<p style=\"text-align: right;\"><strong>ab 2.850 \u20ac<\/strong><\/p>\n<p>[\/vc_column_text][vc_btn title=&#8220;Zur \u00dcbersicht&#8220; style=&#8220;flat&#8220; color=&#8220;primary&#8220; size=&#8220;sm&#8220; align=&#8220;center&#8220; button_block=&#8220;true&#8220; link=&#8220;url:https%3A%2F%2Fwww.chromonorm.de%2Fsearch%3Fsearch%3Dneo&#8220;][\/vc_column_inner][\/vc_row_inner][\/vc_column][vc_column width=&#8220;1\/3&#8243;][vc_row_inner css=&#8220;.vc_custom_1566480253547{border-radius: 10px !important;}&#8220; el_class=&#8220;meinprodukt&#8220;][vc_column_inner][vc_single_image image=&#8220;1603&#8243; img_size=&#8220;medium&#8220;][vc_column_text single_style=&#8220;&#8220;]<\/p>\n<ul>\n<li><strong>INDIGO Serie<\/strong><\/li>\n<\/ul>\n<p>&nbsp;<\/p>\n<p><span style=\"font-weight: 400;\">Der <strong>Manitowoc <\/strong>INDIGO ist ein vielseitiger Eisw\u00fcrfelbereiter, der sowohl f\u00fcr den privaten als auch f\u00fcr den gewerblichen Einsatz geeignet ist.\u00a0<\/span><\/p>\n<p style=\"text-align: right;\"><strong>ab 4.585 \u20ac<\/strong><\/p>\n<p>[\/vc_column_text][vc_btn title=&#8220;Zur \u00dcbersicht&#8220; style=&#8220;flat&#8220; color=&#8220;primary&#8220; size=&#8220;sm&#8220; align=&#8220;center&#8220; button_block=&#8220;true&#8220; link=&#8220;url:https%3A%2F%2Fwww.chromonorm.de%2Fsearch%3Fsearch%3Dindigo&#8220;][\/vc_column_inner][\/vc_row_inner][\/vc_column][\/vc_row][vc_row full_width=&#8220;stretch_row&#8220; css=&#8220;.vc_custom_1586689602462{padding-top: 40px !important;padding-bottom: 40px !important;background-color: #f2faff !important;}&#8220;][vc_column width=&#8220;1\/2&#8243;][vc_single_image image=&#8220;1564&#8243; img_size=&#8220;large&#8220; css=&#8220;.vc_custom_1724169661660{margin-top: 50px !important;}&#8220;][\/vc_column][vc_column width=&#8220;1\/2&#8243;][vc_column_text single_style=&#8220;&#8220;]<b>Die Innovationskraft von Manitowoc\u00a0<\/b><\/p>\n<p><span style=\"font-weight: 400;\">Manitowoc hat sich als f\u00fchrender Anbieter etabliert, nicht nur durch seine erstklassige Produktqualit\u00e4t, sondern auch durch die kontinuierliche Innovationsbereitschaft. Die Kombination aus langj\u00e4hriger Erfahrung und modernster Technik erm\u00f6glicht es Manitowoc, L\u00f6sungen zu bieten, die den h\u00f6chsten Anspr\u00fcchen an Effizienz und Sicherheit gerecht werden.\u00a0<\/span><\/p>\n<p><span style=\"font-weight: 400;\">Durch gezielte Forschung und Entwicklung wird sichergestellt, dass jede Ger\u00e4teserie sowohl leistungsstark als auch benutzerfreundlich ist. Dies tr\u00e4gt ma\u00dfgeblich zur Qualit\u00e4t und Konsistenz bei, die Manitowoc zu einer bevorzugten Wahl f\u00fcr viele Unternehmen macht.<\/span><\/p>\n<p><span style=\"font-weight: 400;\">Ein besonders hervorzuhebendes Merkmal der Manitowoc-Ger\u00e4te ist deren Anpassungsf\u00e4higkeit an unterschiedliche Einsatzbedingungen. Letztlich stellt die Innovationskraft von Manitowoc eine entscheidende Komponente dar, die es dem Unternehmen erm\u00f6glicht, im Wettbewerb stets einen Schritt voraus zu sein. In einem Markt, wo Qualit\u00e4t und Konsistenz unverzichtbar sind, positioniert sich Manitowoc somit als klare erste Wahl.<\/span>[\/vc_column_text][\/vc_column][\/vc_row][vc_row full_width=&#8220;stretch_row&#8220; css=&#8220;.vc_custom_1586689531918{padding-top: 40px !important;padding-bottom: 40px !important;}&#8220;][vc_column width=&#8220;2\/3&#8243;][vc_column_text single_style=&#8220;&#8220; css=&#8220;.vc_custom_1723631710265{padding-right: 40px !important;}&#8220;]<\/p>\n<h2><strong>Die Effizienz der Manitowoc Eisw\u00fcrfelzubereitung im Gastronomiebetrieb<\/strong><\/h2>\n<p><span style=\"font-weight: 400;\">Die Manitowoc Eisw\u00fcrfelzubereitung bietet nicht nur eine exzellente Qualit\u00e4t der Eisw\u00fcrfel, sondern \u00fcberzeugt auch durch ihre bemerkenswerte Effizienz, die f\u00fcr Gastronomiebetriebe und den Heimgebrauch von gro\u00dfer Bedeutung ist.\u00a0<\/span><\/p>\n<p><span style=\"font-weight: 400;\">In einer Branche, in der Zeit und Ressourcen kostbar sind, erm\u00f6glicht die innovative Technologie von Manitowoc eine schnelle und zuverl\u00e4ssige Produktion von Eisw\u00fcrfeln. Die Maschinen sind darauf ausgelegt, selbst unter hohem Druck kontinuierlich zu arbeiten und dabei stets eine gleichbleibende Qualit\u00e4t zu gew\u00e4hrleisten. Dies bedeutet f\u00fcr Gastronomien, dass sie jederzeit \u00fcber ausreichend Eis verf\u00fcgen k\u00f6nnen, um den Anspr\u00fcchen ihrer G\u00e4ste gerecht zu werden \u2013 sei es f\u00fcr erfrischende Cocktails oder zur K\u00fchlung von Getr\u00e4nken.<\/span>[\/vc_column_text][\/vc_column][vc_column width=&#8220;1\/3&#8243;][vc_empty_space][vc_single_image image=&#8220;1568&#8243; img_size=&#8220;full&#8220;][\/vc_column][\/vc_row][vc_row][vc_column][vc_column_text single_style=&#8220;&#8220;]<\/p>\n<h2>Das k\u00f6nnte Sie auch interessieren<\/h2>\n<p>[\/vc_column_text][\/vc_column][\/vc_row][vc_row][vc_column width=&#8220;1\/4&#8243;][vc_row_inner][vc_column_inner][vc_single_image image=&#8220;1569&#8243; img_size=&#8220;full&#8220;][vc_column_text single_style=&#8220;&#8220;]<\/p>\n<h3 style=\"text-align: center;\">W\u00fcrfeleis<\/h3>\n<p>[\/vc_column_text][vc_btn title=&#8220;W\u00fcrfeleis Maschinen&#8220; color=&#8220;primary&#8220; size=&#8220;sm&#8220; align=&#8220;center&#8220; link=&#8220;url:https%3A%2F%2Fwww.chromonorm.de%2Feiswuerfelbereiter%2F%3Forder%3Dtopseller%26p%3D1%26properties%3Dd69d8c2059a944a4b005eb282accf8c4|title:Arbeitsschr%C3%A4nke&#8220;][\/vc_column_inner][\/vc_row_inner][\/vc_column][vc_column width=&#8220;1\/4&#8243;][vc_row_inner][vc_column_inner][vc_single_image image=&#8220;1570&#8243; img_size=&#8220;full&#8220;][vc_column_text single_style=&#8220;&#8220;]<\/p>\n<h3 style=\"text-align: center;\">Flockeneis<\/h3>\n<p>[\/vc_column_text][vc_btn title=&#8220;Flockeneis Maschinen&#8220; color=&#8220;primary&#8220; size=&#8220;sm&#8220; align=&#8220;center&#8220; link=&#8220;url:https%3A%2F%2Fwww.chromonorm.de%2Feiswuerfelbereiter%2F%3Forder%3Dtopseller%26p%3D1%26properties%3Da9b5e15933e545328cef6f84506786d8|title:Arbeitsschr%C3%A4nke&#8220;][\/vc_column_inner][\/vc_row_inner][\/vc_column][vc_column width=&#8220;1\/4&#8243;][vc_row_inner][vc_column_inner][vc_single_image image=&#8220;1571&#8243; img_size=&#8220;full&#8220;][vc_column_text single_style=&#8220;&#8220;]<\/p>\n<h3 style=\"text-align: center;\">Nuggeteis<\/h3>\n<p>[\/vc_column_text][vc_btn title=&#8220;Nuggeteis Maschinen&#8220; color=&#8220;primary&#8220; size=&#8220;sm&#8220; align=&#8220;center&#8220; link=&#8220;url:https%3A%2F%2Fwww.chromonorm.de%2Feiswuerfelbereiter%2F%3Forder%3Dtopseller%26p%3D1%26properties%3D47f7166d259b44a680f26ef4cf38ada0|title:Arbeitsschr%C3%A4nke&#8220;][\/vc_column_inner][\/vc_row_inner][\/vc_column][vc_column width=&#8220;1\/4&#8243;][\/vc_column][\/vc_row]<\/p>\n<\/section>","protected":false},"excerpt":{"rendered":"<p>[vc_row full_width=&#8220;stretch_row&#8220; gap=&#8220;35&#8243; css=&#8220;.vc_custom_1566485346340{margin-top: -65px !important;padding-bottom: 20px !important;background-color: #f2faff !important;}&#8220;][vc_column width=&#8220;1\/2&#8243;][vc_empty_space height=&#8220;20px&#8220;][vc_column_text single_style=&#8220;&#8220;] Eisw\u00fcrfebereiter von MANITOWOC Eisw\u00fcrfel sind ein wesentlicher Bestandteil vieler Getr\u00e4nke, aber ihre Bedeutung wird oft untersch\u00e4tzt. Die richtige Zubereitung von Eisw\u00fcrfeln kann jedoch einen erheblichen Unterschied im Geschmack und der Qualit\u00e4t eines Getr\u00e4nks machen. Hier werden wir uns daher genauer damit befassen,<\/p>\n","protected":false},"author":7,"featured_media":0,"parent":0,"menu_order":0,"comment_status":"closed","ping_status":"closed","template":"page-blocks.php","meta":{"footnotes":""},"featured_image_urls":{"full":"","thumbnail":"","medium":"","medium_large":"","large":"","1536x1536":"","2048x2048":"","post-thumbnail":"","contentberg-main":"","contentberg-main-full":"","contentberg-slider-stylish":"","contentberg-slider-carousel":"","contentberg-slider-grid-b":"","contentberg-slider-grid-b-sm":"","contentberg-slider-bold-sm":"","contentberg-grid":"","contentberg-list":"","contentberg-list-b":"","contentberg-thumb":"","contentberg-thumb-alt":""},"post_excerpt_stackable":"<p>[vc_row full_width=&#8220;stretch_row&#8220; gap=&#8220;35&#8243; css=&#8220;.vc_custom_1566485346340{margin-top: -65px !important;padding-bottom: 20px !important;background-color: #f2faff !important;}&#8220;][vc_column width=&#8220;1\/2&#8243;][vc_empty_space height=&#8220;20px&#8220;][vc_column_text single_style=&#8220;&#8220;] Eisw\u00fcrfebereiter von MANITOWOC Eisw\u00fcrfel sind ein wesentlicher Bestandteil vieler Getr\u00e4nke, aber ihre Bedeutung wird oft untersch\u00e4tzt. Die richtige Zubereitung von Eisw\u00fcrfeln kann jedoch einen erheblichen Unterschied im Geschmack und der Qualit\u00e4t eines Getr\u00e4nks machen. Hier werden wir uns daher genauer damit befassen, wie die richtige Eisw\u00fcrfelzubereitung das Trinkerlebnis verbessern kann.\u00a0 Erfahren Sie, warum es sich lohnt, mehr Aufmerksamkeit auf die kleinen Details zu legen und wie Sie mit einfachen Tipps und Tricks Ihre Eisw\u00fcrfel perfektionieren k\u00f6nnen. Tauchen Sie ein in die Welt der Eisw\u00fcrfel und entdecken Sie,&hellip;<\/p>\n","category_list":"","author_info":{"name":"Lead Crew","url":"https:\/\/www.chromonorm.de\/ratgeber\/author\/andreas-wagner\/"},"comments_num":"0 comments","featured_image_urls_v2":{"full":"","thumbnail":"","medium":"","medium_large":"","large":"","1536x1536":"","2048x2048":"","post-thumbnail":"","contentberg-main":"","contentberg-main-full":"","contentberg-slider-stylish":"","contentberg-slider-carousel":"","contentberg-slider-grid-b":"","contentberg-slider-grid-b-sm":"","contentberg-slider-bold-sm":"","contentberg-grid":"","contentberg-list":"","contentberg-list-b":"","contentberg-thumb":"","contentberg-thumb-alt":""},"post_excerpt_stackable_v2":"<p>[vc_row full_width=&#8220;stretch_row&#8220; gap=&#8220;35&#8243; css=&#8220;.vc_custom_1566485346340{margin-top: -65px !important;padding-bottom: 20px !important;background-color: #f2faff !important;}&#8220;][vc_column width=&#8220;1\/2&#8243;][vc_empty_space height=&#8220;20px&#8220;][vc_column_text single_style=&#8220;&#8220;] Eisw\u00fcrfebereiter von MANITOWOC Eisw\u00fcrfel sind ein wesentlicher Bestandteil vieler Getr\u00e4nke, aber ihre Bedeutung wird oft untersch\u00e4tzt. Die richtige Zubereitung von Eisw\u00fcrfeln kann jedoch einen erheblichen Unterschied im Geschmack und der Qualit\u00e4t eines Getr\u00e4nks machen. Hier werden wir uns daher genauer damit befassen, wie die richtige Eisw\u00fcrfelzubereitung das Trinkerlebnis verbessern kann.\u00a0 Erfahren Sie, warum es sich lohnt, mehr Aufmerksamkeit auf die kleinen Details zu legen und wie Sie mit einfachen Tipps und Tricks Ihre Eisw\u00fcrfel perfektionieren k\u00f6nnen. Tauchen Sie ein in die Welt der Eisw\u00fcrfel und entdecken Sie,&hellip;<\/p>\n","category_list_v2":"","author_info_v2":{"name":"Lead Crew","url":"https:\/\/www.chromonorm.de\/ratgeber\/author\/andreas-wagner\/"},"comments_num_v2":"0 comments","yoast_head":"<!-- This site is optimized with the Yoast SEO plugin v22.6 - https:\/\/yoast.com\/wordpress\/plugins\/seo\/ -->\n<title>Eisw\u00fcrfebereiter Manitowoc - exklusiver Partner Deutschland<\/title>\n<meta name=\"description\" content=\"TOP Eisw\u00fcrfelbereiter von MANITOWOC \u2713 f\u00fcr jede Art Gastronomie geeignet \u2713 Riesenauswahl in Top Qualit\u00e4t \u2713 Schnelle Lieferung\" \/>\n<meta name=\"robots\" content=\"index, nofollow, max-snippet:-1, max-image-preview:large, max-video-preview:-1\" \/>\n<link rel=\"canonical\" href=\"https:\/\/www.chromonorm.de\/ratgeber\/eiswuerfelbereiter\/\" \/>\n<meta property=\"og:locale\" content=\"de_DE\" \/>\n<meta property=\"og:type\" content=\"article\" \/>\n<meta property=\"og:title\" content=\"Eisw\u00fcrfebereiter Manitowoc - exklusiver Partner Deutschland\" \/>\n<meta property=\"og:description\" content=\"TOP Eisw\u00fcrfelbereiter von MANITOWOC \u2713 f\u00fcr jede Art Gastronomie geeignet \u2713 Riesenauswahl in Top Qualit\u00e4t \u2713 Schnelle Lieferung\" \/>\n<meta property=\"og:url\" content=\"https:\/\/www.chromonorm.de\/ratgeber\/eiswuerfelbereiter\/\" \/>\n<meta property=\"og:site_name\" content=\"Chromonorm Ratgeber\" \/>\n<meta property=\"article:modified_time\" content=\"2024-08-26T05:21:56+00:00\" \/>\n<meta name=\"twitter:card\" content=\"summary_large_image\" \/>\n<meta name=\"twitter:label1\" content=\"Gesch\u00e4tzte Lesezeit\" \/>\n\t<meta name=\"twitter:data1\" content=\"6\u00a0Minuten\" \/>\n<script type=\"application\/ld+json\" class=\"yoast-schema-graph\">{\"@context\":\"https:\/\/schema.org\",\"@graph\":[{\"@type\":\"WebPage\",\"@id\":\"https:\/\/www.chromonorm.de\/ratgeber\/eiswuerfelbereiter\/\",\"url\":\"https:\/\/www.chromonorm.de\/ratgeber\/eiswuerfelbereiter\/\",\"name\":\"Eisw\u00fcrfebereiter Manitowoc - exklusiver Partner Deutschland\",\"isPartOf\":{\"@id\":\"https:\/\/www.chromonorm.de\/ratgeber\/#website\"},\"datePublished\":\"2024-08-20T16:15:11+00:00\",\"dateModified\":\"2024-08-26T05:21:56+00:00\",\"description\":\"TOP Eisw\u00fcrfelbereiter von MANITOWOC \u2713 f\u00fcr jede Art Gastronomie geeignet \u2713 Riesenauswahl in Top Qualit\u00e4t \u2713 Schnelle Lieferung\",\"breadcrumb\":{\"@id\":\"https:\/\/www.chromonorm.de\/ratgeber\/eiswuerfelbereiter\/#breadcrumb\"},\"inLanguage\":\"de\",\"potentialAction\":[{\"@type\":\"ReadAction\",\"target\":[\"https:\/\/www.chromonorm.de\/ratgeber\/eiswuerfelbereiter\/\"]}]},{\"@type\":\"BreadcrumbList\",\"@id\":\"https:\/\/www.chromonorm.de\/ratgeber\/eiswuerfelbereiter\/#breadcrumb\",\"itemListElement\":[{\"@type\":\"ListItem\",\"position\":1,\"name\":\"Startseite\",\"item\":\"https:\/\/www.chromonorm.de\/ratgeber\/\"},{\"@type\":\"ListItem\",\"position\":2,\"name\":\"Eisw\u00fcrfelbereiter\"}]},{\"@type\":\"WebSite\",\"@id\":\"https:\/\/www.chromonorm.de\/ratgeber\/#website\",\"url\":\"https:\/\/www.chromonorm.de\/ratgeber\/\",\"name\":\"Chromonorm Ratgeber\",\"description\":\"Ratgeber f\u00fcr Gastro K\u00fcchen\",\"publisher\":{\"@id\":\"https:\/\/www.chromonorm.de\/ratgeber\/#organization\"},\"potentialAction\":[{\"@type\":\"SearchAction\",\"target\":{\"@type\":\"EntryPoint\",\"urlTemplate\":\"https:\/\/www.chromonorm.de\/ratgeber\/?s={search_term_string}\"},\"query-input\":\"required name=search_term_string\"}],\"inLanguage\":\"de\"},{\"@type\":\"Organization\",\"@id\":\"https:\/\/www.chromonorm.de\/ratgeber\/#organization\",\"name\":\"Chromonorm\",\"url\":\"https:\/\/www.chromonorm.de\/ratgeber\/\",\"logo\":{\"@type\":\"ImageObject\",\"inLanguage\":\"de\",\"@id\":\"https:\/\/www.chromonorm.de\/ratgeber\/#\/schema\/logo\/image\/\",\"url\":\"https:\/\/www.chromonorm.de\/ratgeber\/wp-content\/uploads\/2019\/07\/Chromonorm-Logo.png\",\"contentUrl\":\"https:\/\/www.chromonorm.de\/ratgeber\/wp-content\/uploads\/2019\/07\/Chromonorm-Logo.png\",\"width\":350,\"height\":51,\"caption\":\"Chromonorm\"},\"image\":{\"@id\":\"https:\/\/www.chromonorm.de\/ratgeber\/#\/schema\/logo\/image\/\"}}]}<\/script>\n<!-- \/ Yoast SEO plugin. -->","yoast_head_json":{"title":"Eisw\u00fcrfebereiter Manitowoc - exklusiver Partner Deutschland","description":"TOP Eisw\u00fcrfelbereiter von MANITOWOC \u2713 f\u00fcr jede Art Gastronomie geeignet \u2713 Riesenauswahl in Top Qualit\u00e4t \u2713 Schnelle Lieferung","robots":{"index":"index","follow":"nofollow","max-snippet":"max-snippet:-1","max-image-preview":"max-image-preview:large","max-video-preview":"max-video-preview:-1"},"canonical":"https:\/\/www.chromonorm.de\/ratgeber\/eiswuerfelbereiter\/","og_locale":"de_DE","og_type":"article","og_title":"Eisw\u00fcrfebereiter Manitowoc - exklusiver Partner Deutschland","og_description":"TOP Eisw\u00fcrfelbereiter von MANITOWOC \u2713 f\u00fcr jede Art Gastronomie geeignet \u2713 Riesenauswahl in Top Qualit\u00e4t \u2713 Schnelle Lieferung","og_url":"https:\/\/www.chromonorm.de\/ratgeber\/eiswuerfelbereiter\/","og_site_name":"Chromonorm Ratgeber","article_modified_time":"2024-08-26T05:21:56+00:00","twitter_card":"summary_large_image","twitter_misc":{"Gesch\u00e4tzte Lesezeit":"6\u00a0Minuten"},"schema":{"@context":"https:\/\/schema.org","@graph":[{"@type":"WebPage","@id":"https:\/\/www.chromonorm.de\/ratgeber\/eiswuerfelbereiter\/","url":"https:\/\/www.chromonorm.de\/ratgeber\/eiswuerfelbereiter\/","name":"Eisw\u00fcrfebereiter Manitowoc - exklusiver Partner Deutschland","isPartOf":{"@id":"https:\/\/www.chromonorm.de\/ratgeber\/#website"},"datePublished":"2024-08-20T16:15:11+00:00","dateModified":"2024-08-26T05:21:56+00:00","description":"TOP Eisw\u00fcrfelbereiter von MANITOWOC \u2713 f\u00fcr jede Art Gastronomie geeignet \u2713 Riesenauswahl in Top Qualit\u00e4t \u2713 Schnelle Lieferung","breadcrumb":{"@id":"https:\/\/www.chromonorm.de\/ratgeber\/eiswuerfelbereiter\/#breadcrumb"},"inLanguage":"de","potentialAction":[{"@type":"ReadAction","target":["https:\/\/www.chromonorm.de\/ratgeber\/eiswuerfelbereiter\/"]}]},{"@type":"BreadcrumbList","@id":"https:\/\/www.chromonorm.de\/ratgeber\/eiswuerfelbereiter\/#breadcrumb","itemListElement":[{"@type":"ListItem","position":1,"name":"Startseite","item":"https:\/\/www.chromonorm.de\/ratgeber\/"},{"@type":"ListItem","position":2,"name":"Eisw\u00fcrfelbereiter"}]},{"@type":"WebSite","@id":"https:\/\/www.chromonorm.de\/ratgeber\/#website","url":"https:\/\/www.chromonorm.de\/ratgeber\/","name":"Chromonorm Ratgeber","description":"Ratgeber f\u00fcr Gastro K\u00fcchen","publisher":{"@id":"https:\/\/www.chromonorm.de\/ratgeber\/#organization"},"potentialAction":[{"@type":"SearchAction","target":{"@type":"EntryPoint","urlTemplate":"https:\/\/www.chromonorm.de\/ratgeber\/?s={search_term_string}"},"query-input":"required name=search_term_string"}],"inLanguage":"de"},{"@type":"Organization","@id":"https:\/\/www.chromonorm.de\/ratgeber\/#organization","name":"Chromonorm","url":"https:\/\/www.chromonorm.de\/ratgeber\/","logo":{"@type":"ImageObject","inLanguage":"de","@id":"https:\/\/www.chromonorm.de\/ratgeber\/#\/schema\/logo\/image\/","url":"https:\/\/www.chromonorm.de\/ratgeber\/wp-content\/uploads\/2019\/07\/Chromonorm-Logo.png","contentUrl":"https:\/\/www.chromonorm.de\/ratgeber\/wp-content\/uploads\/2019\/07\/Chromonorm-Logo.png","width":350,"height":51,"caption":"Chromonorm"},"image":{"@id":"https:\/\/www.chromonorm.de\/ratgeber\/#\/schema\/logo\/image\/"}}]}},"_links":{"self":[{"href":"https:\/\/www.chromonorm.de\/ratgeber\/wp-json\/wp\/v2\/pages\/1505"}],"collection":[{"href":"https:\/\/www.chromonorm.de\/ratgeber\/wp-json\/wp\/v2\/pages"}],"about":[{"href":"https:\/\/www.chromonorm.de\/ratgeber\/wp-json\/wp\/v2\/types\/page"}],"author":[{"embeddable":true,"href":"https:\/\/www.chromonorm.de\/ratgeber\/wp-json\/wp\/v2\/users\/7"}],"replies":[{"embeddable":true,"href":"https:\/\/www.chromonorm.de\/ratgeber\/wp-json\/wp\/v2\/comments?post=1505"}],"version-history":[{"count":24,"href":"https:\/\/www.chromonorm.de\/ratgeber\/wp-json\/wp\/v2\/pages\/1505\/revisions"}],"predecessor-version":[{"id":1771,"href":"https:\/\/www.chromonorm.de\/ratgeber\/wp-json\/wp\/v2\/pages\/1505\/revisions\/1771"}],"wp:attachment":[{"href":"https:\/\/www.chromonorm.de\/ratgeber\/wp-json\/wp\/v2\/media?parent=1505"}],"curies":[{"name":"wp","href":"https:\/\/api.w.org\/{rel}","templated":true}]}}