{"id":372,"date":"2019-09-23T10:14:36","date_gmt":"2019-09-23T08:14:36","guid":{"rendered":"https:\/\/chromonorm.de\/ratgeber\/?page_id=372"},"modified":"2024-08-22T14:28:50","modified_gmt":"2024-08-22T12:28:50","slug":"kuehlschraenke","status":"publish","type":"page","link":"https:\/\/www.chromonorm.de\/ratgeber\/kuehlschraenke\/","title":{"rendered":"K\u00fchlschr\u00e4nke"},"content":{"rendered":"<section class=\"wpb-content-wrapper\"><p>[vc_row full_width=&#8220;stretch_row&#8220; gap=&#8220;35&#8243; css=&#8220;.vc_custom_1566485346340{margin-top: -65px !important;padding-bottom: 20px !important;background-color: #f2faff !important;}&#8220;][vc_column width=&#8220;1\/2&#8243;][vc_empty_space height=&#8220;20px&#8220;][vc_column_text single_style=&#8220;&#8220;]<\/p>\n<h1 class=\"hero--headline panel--title\">Gastronomie K\u00fchlschr\u00e4nke f\u00fcr jeden Einsatzbereich<\/h1>\n<p>Im gewerblichen Bereich besteht ein besonderer Bedarf zur K\u00fchlung von Lebensmitteln und Getr\u00e4nken. Dabei handelt es sich oft um gr\u00f6\u00dfere Mengen, deren optimale Lagerung durch verschiedene Anspr\u00fcche gekennzeichnet sein kann. Damit eine zu enge Lebensmittellagerung vermieden werden kann, muss ein Gastro K\u00fchlschrank ausreichend gro\u00df sein. Eine zu enge Aufbewahrung erh\u00f6ht au\u00dferdem den Energieverbrauch.<\/p>\n<p><strong>Unsere Vorteile im \u00dcberblick<\/strong><\/p>\n<ul>\n<li>Professionelle K\u00fchltechnik f\u00fcr eine optimale Lebensmittellagerung<\/li>\n<li>Langlebige, zuverl\u00e4ssige Produkte durch eine hochwertige Verarbeitung<\/li>\n<li>Ansprechende Optik<\/li>\n<li>Leichte Bedienbarkeit und Reinigung<\/li>\n<li>Kreative Sortimentsstruktur mit L\u00f6sungsm\u00f6glichkeiten f\u00fcr die verschiedensten Bedarfe<\/li>\n<li>Anforderungsgerechte Aktualisierung des Auswahlsortiments durch innovative Technologien<\/li>\n<li>Kurze Lieferzeiten<\/li>\n<li>Gro\u00dfz\u00fcgige Garantieleistungen<\/li>\n<li>Erstklassiger Service<\/li>\n<\/ul>\n<p>[\/vc_column_text][vc_empty_space height=&#8220;20px&#8220;][\/vc_column][vc_column width=&#8220;1\/2&#8243;][vc_empty_space height=&#8220;100px&#8220;][vc_single_image image=&#8220;1591&#8243; img_size=&#8220;full&#8220; alignment=&#8220;right&#8220; css=&#8220;.vc_custom_1724317203106{padding-left: 0px !important;}&#8220;][vc_btn title=&#8220;Alle K\u00fchlschr\u00e4nke ansehen&#8220; style=&#8220;flat&#8220; color=&#8220;primary&#8220; align=&#8220;center&#8220; link=&#8220;url:https%3A%2F%2Fwww.chromonorm.de%2Fkuehlgeraete%2Fkuehlschraenke%2F|||&#8220;][\/vc_column][\/vc_row][vc_row css=&#8220;.vc_custom_1566485560490{margin-top: 40px !important;}&#8220;][vc_column][vc_column_text single_style=&#8220;&#8220;]<\/p>\n<h2>K\u00fchlschr\u00e4nke in vielen Variationen<\/h2>\n<p>[\/vc_column_text][\/vc_column][\/vc_row][vc_row full_width=&#8220;stretch_row&#8220; gap=&#8220;20&#8243; css=&#8220;.vc_custom_1566487132571{margin-top: 0px !important;margin-bottom: 100px !important;}&#8220; el_class=&#8220;kategorie&#8220;][vc_column width=&#8220;1\/4&#8243;][vc_row_inner css=&#8220;.vc_custom_1566480253547{border-radius: 10px !important;}&#8220; el_class=&#8220;meinprodukt&#8220;][vc_column_inner][vc_single_image image=&#8220;1591&#8243; img_size=&#8220;full&#8220;][vc_column_text single_style=&#8220;&#8220;]<\/p>\n<ul>\n<li><strong>1 T\u00fcr<\/strong><\/li>\n<li><strong>Glas<\/strong><\/li>\n<\/ul>\n<p>&nbsp;<\/p>\n<p>K\u00fchlen Sie Lebensmittel und Getr\u00e4nke nicht nur, sondern lassen Sie sie auch noch gut aussehen. Unser K\u00fchlschrank, ausgestattet mit einer Glast\u00fcr, bietet neben einer idealen K\u00fchlung die M\u00f6glichkeit einer ansprechenden Warenpr\u00e4sentation.<\/p>\n<p style=\"text-align: right;\"><strong>ab 2.960 \u20ac<\/strong><\/p>\n<p>[\/vc_column_text][vc_btn title=&#8220;Zur \u00dcbersicht&#8220; style=&#8220;flat&#8220; color=&#8220;primary&#8220; size=&#8220;sm&#8220; align=&#8220;center&#8220; button_block=&#8220;true&#8220; link=&#8220;url:https%3A%2F%2Fwww.chromonorm.de%2Fkuehlgeraete%2Fkuehlschraenke%2F%3Fp%3D1%26o%3D2%26n%3D12%26f%3D8%257C17|||&#8220;][\/vc_column_inner][\/vc_row_inner][\/vc_column][vc_column width=&#8220;1\/4&#8243;][vc_row_inner el_class=&#8220;meinprodukt&#8220;][vc_column_inner][vc_single_image image=&#8220;1592&#8243; img_size=&#8220;full&#8220;][vc_column_text single_style=&#8220;&#8220;]<\/p>\n<ul>\n<li><strong>1 T\u00fcr<\/strong><\/li>\n<li><strong>Edelstahl<\/strong><\/li>\n<\/ul>\n<p>&nbsp;<\/p>\n<p>Unsere K\u00fchlschr\u00e4nke aus Edelstahl bieten durch ihr hoch funktionales K\u00fchlsystem eine ideale Lagerung von Lebensmitteln verschiedenster K\u00fchlbedarfe. Die blickdichte Variante mit einer Fl\u00fcgelt\u00fcr ist dabei ideal f\u00fcr die Gastronomiek\u00fcche geeignet.<\/p>\n<p style=\"text-align: right;\"><strong>ab 2.090 \u20ac<\/strong><\/p>\n<p>[\/vc_column_text][vc_btn title=&#8220;Zur \u00dcbersicht&#8220; style=&#8220;flat&#8220; color=&#8220;primary&#8220; size=&#8220;sm&#8220; align=&#8220;center&#8220; button_block=&#8220;true&#8220; link=&#8220;url:https%3A%2F%2Fwww.chromonorm.de%2Fkuehlgeraete%2Fkuehlschraenke%2F%3Fp%3D1%26o%3D2%26n%3D12%26f%3D8%257C18|||&#8220;][\/vc_column_inner][\/vc_row_inner][\/vc_column][vc_column width=&#8220;1\/4&#8243;][vc_row_inner][vc_column_inner][vc_single_image image=&#8220;1624&#8243; img_size=&#8220;full&#8220;][vc_column_text single_style=&#8220;&#8220;]<\/p>\n<ul>\n<li><strong>2 T\u00fcren<\/strong><\/li>\n<li><strong>Glas<\/strong><\/li>\n<\/ul>\n<p>&nbsp;<\/p>\n<p>F\u00fcr mehr Platz in Ihrem Restaurant, Bar, Bistro, B\u00e4ckerei und Co. empfehlen sich unsere Edelstahlk\u00fchlschr\u00e4nke mit zwei Fl\u00fcgelt\u00fcren. Bestehend aus isolierten Glasfronten, k\u00f6nnen Lebensmittel und Getr\u00e4nke bei effizienter K\u00fchlung optimal pr\u00e4sentiert werden.<\/p>\n<p style=\"text-align: right;\"><strong>ab 4.770 \u20ac<\/strong><\/p>\n<p>[\/vc_column_text][vc_btn title=&#8220;Zur \u00dcbersicht&#8220; style=&#8220;flat&#8220; color=&#8220;primary&#8220; size=&#8220;sm&#8220; align=&#8220;center&#8220; button_block=&#8220;true&#8220; link=&#8220;url:https%3A%2F%2Fwww.chromonorm.de%2Fkuehlgeraete%2Fkuehlschraenke%2F%3Fp%3D1%26o%3D2%26n%3D12%26f%3D9%257C17|||&#8220;][\/vc_column_inner][\/vc_row_inner][\/vc_column][vc_column width=&#8220;1\/4&#8243;][vc_row_inner][vc_column_inner][vc_single_image image=&#8220;1625&#8243; img_size=&#8220;full&#8220;][vc_column_text single_style=&#8220;&#8220;]<\/p>\n<ul>\n<li><strong>2 T\u00fcren<\/strong><\/li>\n<li><strong>Edelstahl<\/strong><\/li>\n<\/ul>\n<p>&nbsp;<\/p>\n<p>Unsere K\u00fchlschr\u00e4nke mit zwei Fl\u00fcgelt\u00fcren bieten jede Menge Platz f\u00fcr Lebensmittel und Getr\u00e4nke. Durch die blickdichten T\u00fcren aus Edelstahl k\u00f6nnen Lebensmittel und Co. ganz nach ihrem K\u00fchlbedarf angeordnet und gelagert werden.<\/p>\n<p style=\"text-align: right;\"><strong>ab 3.815 \u20ac<\/strong><\/p>\n<p>[\/vc_column_text][vc_btn title=&#8220;Zur \u00dcbersicht&#8220; style=&#8220;flat&#8220; color=&#8220;primary&#8220; size=&#8220;sm&#8220; align=&#8220;center&#8220; button_block=&#8220;true&#8220; link=&#8220;url:https%3A%2F%2Fwww.chromonorm.de%2Fkuehlgeraete%2Fkuehlschraenke%2F%3Fp%3D1%26o%3D2%26n%3D12%26f%3D9%257C18|||&#8220;][\/vc_column_inner][\/vc_row_inner][\/vc_column][\/vc_row][vc_row full_width=&#8220;stretch_row&#8220; css=&#8220;.vc_custom_1566485353024{padding-top: 40px !important;padding-bottom: 40px !important;background-color: #f2faff !important;}&#8220;][vc_column width=&#8220;2\/3&#8243;][vc_column_text single_style=&#8220;&#8220; css=&#8220;.vc_custom_1572967003346{padding-right: 40px !important;}&#8220;]<\/p>\n<h2>Gro\u00dfe Auswahl: Gastro K\u00fchlschr\u00e4nke von CHROMOnorm<\/h2>\n<p>Damit dem vielseitigen K\u00fchlbedarf in Gewerbebetrieben Rechnung getragen werden kann, bietet Chromonorm leistungsstarke K\u00fchlschr\u00e4nke in hoch funktionalen Ausfertigungen an. Die Ger\u00e4te entsprechen dem neuesten technologischen Stand. Der K\u00fchlkorpus von Chromonorm besteht aus einem FCKW-freien, hochdruckgesch\u00e4umten Korpus. Die \u00e4u\u00dferen Sichtseiten sowie die Innenseiten unserer K\u00fchlschr\u00e4nke sind mit Edelstahl ausgestattet. Die soliden, optisch ansprechenden K\u00fchlschr\u00e4nke \u00fcberzeugen durch ihr K\u00fchlsystem und ihre zweckm\u00e4\u00dfige Innenaufteilung. Nutzen Sie auch die M\u00f6glichkeit unserer K\u00fchlschr\u00e4nke mit Glast\u00fcren aus Isolierglaseinsatz. Der K\u00fchlkorpus verf\u00fcgt im Innenbereich \u00fcber gerundete Ecken sowie eine tiefgezogene Bodenwanne in Hygienefassung.<\/p>\n<p>Die hochwertigen K\u00fchlschr\u00e4nke von Chromonorm sind mit einer steckerfertigen Umluftk\u00fchlung und au\u00dfenliegendem Verdampfer ausgestattet. Eine Abtauautomatik in Verbindung mit einer Tauwasserverdunstung sorgt f\u00fcr einen st\u00f6rungsfreien Betrieb. Der Gastronomie K\u00fchlschrank verf\u00fcgt au\u00dferdem \u00fcber eine elektronische Regelung, die mit einer digitalen Anzeige versehen ist. Zum Ein- und Ausschalten ist ein beleuchteter Schalter vorhanden. Spezielle B\u00e4ckerei-K\u00fchlschr\u00e4nke von Chromonorm sind in einem Fassungsverm\u00f6gen von 700 Litern erh\u00e4ltlich.[\/vc_column_text][\/vc_column][vc_column width=&#8220;1\/3&#8243;][vc_empty_space][vc_single_image image=&#8220;320&#8243; img_size=&#8220;full&#8220;][\/vc_column][\/vc_row][vc_row css=&#8220;.vc_custom_1566487681620{margin-top: 80px !important;}&#8220;][vc_column width=&#8220;1\/2&#8243;][vc_single_image image=&#8220;113&#8243; img_size=&#8220;large&#8220; css=&#8220;.vc_custom_1566487696729{margin-top: 50px !important;}&#8220;][\/vc_column][vc_column width=&#8220;1\/2&#8243;][vc_column_text single_style=&#8220;&#8220;]<\/p>\n<h2>Unser Qualit\u00e4tsanspruch<\/h2>\n<p>Der Chromonorm K\u00fchlschrank ist alternativ mit einer LED-beleuchteten Fl\u00fcgelt\u00fcr mit Isolierglaseinsatz ausgestattet. Au\u00dferdem verf\u00fcgt er \u00fcber eine Vorrichtung zum Selbstverschluss bis zu einem Winkel von 90 Grad und ist abschlie\u00dfbar. Die K\u00fchlschr\u00e4nke verf\u00fcgen zudem \u00fcber h\u00f6henverstellbare Ausgleichsf\u00fc\u00dfe. Der ein- oder zweit\u00fcrige Nova-K\u00fchlschrank ist mit einem Volumen von 700 oder 1400 Litern verf\u00fcgbar. Zum Zubeh\u00f6r der 700 Liter-Version z\u00e4hlen 3 kippsichere h\u00f6henverstellbare U-Auflageschienenpaare und 3 rilsanierte Tragroste. Das Zubeh\u00f6r f\u00fcr die 1400-Liter-Ausf\u00fchrung umfasst jeweils 6 Auflageschienenpaare und Tragroste.<\/p>\n<p>Zum Angebotssortiment von Chromonorm z\u00e4hlt ebenso das K\u00fchlschrankmodell Star-K\u00fchlschrank. Die \u00e4u\u00dferen Sichtseiten sowie der Innenbereich bestehen aus Edelstahl, die R\u00fcckseite und die Maschinenfach-Innenseiten aus verzinktem Stahlblech. Zum Zubeh\u00f6r auch hier jeweils drei Auflagenschienenpaare und Tragroste. Chromonorm bietet au\u00dferdem die K\u00fchlschrankversion Star-White an. Das Modell verf\u00fcgt \u00fcber einen Bruttoinhalt von 650 Litern. Die \u00e4u\u00dferen Sichtseiten sind wei\u00df. Dazu geh\u00f6ren jeweils drei Auflagenschienenpaare und Tragroste.[\/vc_column_text][\/vc_column][\/vc_row][vc_row][vc_column][vc_column_text single_style=&#8220;&#8220;]<\/p>\n<h2>Das k\u00f6nnte Sie auch interessieren<\/h2>\n<p>[\/vc_column_text][\/vc_column][\/vc_row][vc_row][vc_column width=&#8220;1\/4&#8243;][vc_row_inner][vc_column_inner][vc_single_image image=&#8220;1595&#8243; img_size=&#8220;full&#8220;][vc_column_text single_style=&#8220;&#8220;]<\/p>\n<h3 style=\"text-align: center;\">Tiefk\u00fchltische<\/h3>\n<p>[\/vc_column_text][vc_btn title=&#8220;Zu den Tiefk\u00fchltischen&#8220; color=&#8220;primary&#8220; size=&#8220;sm&#8220; align=&#8220;center&#8220; link=&#8220;url:https%3A%2F%2Fchromonorm.de%2Fratgeber%2Ftiefkuehltische%2F|title:Arbeitsschr%C3%A4nke||&#8220;][\/vc_column_inner][\/vc_row_inner][\/vc_column][vc_column width=&#8220;1\/4&#8243;][vc_row_inner][vc_column_inner][vc_single_image image=&#8220;1594&#8243; img_size=&#8220;full&#8220;][vc_column_text single_style=&#8220;&#8220;]<\/p>\n<h3 style=\"text-align: center;\">Getr\u00e4nketheken<\/h3>\n<p>[\/vc_column_text][vc_btn title=&#8220;Zu den Getr\u00e4nketheken&#8220; color=&#8220;primary&#8220; size=&#8220;sm&#8220; align=&#8220;center&#8220; link=&#8220;url:https%3A%2F%2Fchromonorm.de%2Fratgeber%2Fgetraenketheken%2F|title:Arbeitsschr%C3%A4nke||&#8220;][\/vc_column_inner][\/vc_row_inner][\/vc_column][vc_column width=&#8220;1\/4&#8243;][vc_row_inner][vc_column_inner][vc_single_image image=&#8220;1596&#8243; img_size=&#8220;full&#8220;][vc_column_text single_style=&#8220;&#8220;]<\/p>\n<h3 style=\"text-align: center;\">Abfallk\u00fchler<\/h3>\n<p>[\/vc_column_text][vc_btn title=&#8220;Zu den Abfallk\u00fchler&#8220; color=&#8220;primary&#8220; size=&#8220;sm&#8220; align=&#8220;center&#8220; link=&#8220;url:https%3A%2F%2Fchromonorm.de%2Fratgeber%2Fabfallkuehler%2F|title:Arbeitsschr%C3%A4nke||&#8220;][\/vc_column_inner][\/vc_row_inner][\/vc_column][vc_column width=&#8220;1\/4&#8243;][vc_row_inner][vc_column_inner][vc_single_image image=&#8220;1593&#8243; img_size=&#8220;full&#8220;][vc_column_text single_style=&#8220;&#8220;]<\/p>\n<h3 style=\"text-align: center;\">Sp\u00fcltische<\/h3>\n<p>[\/vc_column_text][vc_btn title=&#8220;Zu den Sp\u00fcltischen&#8220; color=&#8220;primary&#8220; size=&#8220;sm&#8220; align=&#8220;center&#8220; link=&#8220;url:https%3A%2F%2Fchromonorm.de%2Fratgeber%2Fspueltische%2F|title:Arbeitsschr%C3%A4nke||&#8220;][\/vc_column_inner][\/vc_row_inner][\/vc_column][\/vc_row]<\/p>\n<\/section>","protected":false},"excerpt":{"rendered":"<p>[vc_row full_width=&#8220;stretch_row&#8220; gap=&#8220;35&#8243; css=&#8220;.vc_custom_1566485346340{margin-top: -65px !important;padding-bottom: 20px !important;background-color: #f2faff !important;}&#8220;][vc_column width=&#8220;1\/2&#8243;][vc_empty_space height=&#8220;20px&#8220;][vc_column_text single_style=&#8220;&#8220;] Gastronomie K\u00fchlschr\u00e4nke f\u00fcr jeden Einsatzbereich Im gewerblichen Bereich besteht ein besonderer Bedarf zur K\u00fchlung von Lebensmitteln und Getr\u00e4nken. Dabei handelt es sich oft um gr\u00f6\u00dfere Mengen, deren optimale Lagerung durch verschiedene Anspr\u00fcche gekennzeichnet sein kann. Damit eine zu enge Lebensmittellagerung vermieden werden<\/p>\n","protected":false},"author":6,"featured_media":0,"parent":0,"menu_order":0,"comment_status":"closed","ping_status":"closed","template":"page-blocks.php","meta":{"footnotes":""},"featured_image_urls":{"full":"","thumbnail":"","medium":"","medium_large":"","large":"","1536x1536":"","2048x2048":"","post-thumbnail":"","contentberg-main":"","contentberg-main-full":"","contentberg-slider-stylish":"","contentberg-slider-carousel":"","contentberg-slider-grid-b":"","contentberg-slider-grid-b-sm":"","contentberg-slider-bold-sm":"","contentberg-grid":"","contentberg-list":"","contentberg-list-b":"","contentberg-thumb":"","contentberg-thumb-alt":""},"post_excerpt_stackable":"<p>[vc_row full_width=&#8220;stretch_row&#8220; gap=&#8220;35&#8243; css=&#8220;.vc_custom_1566485346340{margin-top: -65px !important;padding-bottom: 20px !important;background-color: #f2faff !important;}&#8220;][vc_column width=&#8220;1\/2&#8243;][vc_empty_space height=&#8220;20px&#8220;][vc_column_text single_style=&#8220;&#8220;] Gastronomie K\u00fchlschr\u00e4nke f\u00fcr jeden Einsatzbereich Im gewerblichen Bereich besteht ein besonderer Bedarf zur K\u00fchlung von Lebensmitteln und Getr\u00e4nken. Dabei handelt es sich oft um gr\u00f6\u00dfere Mengen, deren optimale Lagerung durch verschiedene Anspr\u00fcche gekennzeichnet sein kann. Damit eine zu enge Lebensmittellagerung vermieden werden kann, muss ein Gastro K\u00fchlschrank ausreichend gro\u00df sein. Eine zu enge Aufbewahrung erh\u00f6ht au\u00dferdem den Energieverbrauch. Unsere Vorteile im \u00dcberblick Professionelle K\u00fchltechnik f\u00fcr eine optimale Lebensmittellagerung Langlebige, zuverl\u00e4ssige Produkte durch eine hochwertige Verarbeitung Ansprechende Optik Leichte Bedienbarkeit und Reinigung Kreative Sortimentsstruktur mit L\u00f6sungsm\u00f6glichkeiten f\u00fcr die&hellip;<\/p>\n","category_list":"","author_info":{"name":"Dawid Kunda","url":"https:\/\/www.chromonorm.de\/ratgeber\/author\/dawid-kunda\/"},"comments_num":"0 comments","featured_image_urls_v2":{"full":"","thumbnail":"","medium":"","medium_large":"","large":"","1536x1536":"","2048x2048":"","post-thumbnail":"","contentberg-main":"","contentberg-main-full":"","contentberg-slider-stylish":"","contentberg-slider-carousel":"","contentberg-slider-grid-b":"","contentberg-slider-grid-b-sm":"","contentberg-slider-bold-sm":"","contentberg-grid":"","contentberg-list":"","contentberg-list-b":"","contentberg-thumb":"","contentberg-thumb-alt":""},"post_excerpt_stackable_v2":"<p>[vc_row full_width=&#8220;stretch_row&#8220; gap=&#8220;35&#8243; css=&#8220;.vc_custom_1566485346340{margin-top: -65px !important;padding-bottom: 20px !important;background-color: #f2faff !important;}&#8220;][vc_column width=&#8220;1\/2&#8243;][vc_empty_space height=&#8220;20px&#8220;][vc_column_text single_style=&#8220;&#8220;] Gastronomie K\u00fchlschr\u00e4nke f\u00fcr jeden Einsatzbereich Im gewerblichen Bereich besteht ein besonderer Bedarf zur K\u00fchlung von Lebensmitteln und Getr\u00e4nken. Dabei handelt es sich oft um gr\u00f6\u00dfere Mengen, deren optimale Lagerung durch verschiedene Anspr\u00fcche gekennzeichnet sein kann. Damit eine zu enge Lebensmittellagerung vermieden werden kann, muss ein Gastro K\u00fchlschrank ausreichend gro\u00df sein. Eine zu enge Aufbewahrung erh\u00f6ht au\u00dferdem den Energieverbrauch. Unsere Vorteile im \u00dcberblick Professionelle K\u00fchltechnik f\u00fcr eine optimale Lebensmittellagerung Langlebige, zuverl\u00e4ssige Produkte durch eine hochwertige Verarbeitung Ansprechende Optik Leichte Bedienbarkeit und Reinigung Kreative Sortimentsstruktur mit L\u00f6sungsm\u00f6glichkeiten f\u00fcr die&hellip;<\/p>\n","category_list_v2":"","author_info_v2":{"name":"Dawid Kunda","url":"https:\/\/www.chromonorm.de\/ratgeber\/author\/dawid-kunda\/"},"comments_num_v2":"0 comments","yoast_head":"<!-- This site is optimized with the Yoast SEO plugin v22.6 - https:\/\/yoast.com\/wordpress\/plugins\/seo\/ -->\n<title>Gastro K\u00fchlschrank - g\u00fcnstig im Online Shop | Chromonorm<\/title>\n<meta name=\"description\" content=\"Gastro K\u00fchlschrank mit Qualit\u00e4t von CHROMOnorm \u2713 auch mit Glast\u00fcr \u2713 Steckerfertig \u2713 Inhalt von 650 - 1400 Liter \u2713 FCKW-frei uvm.\" \/>\n<meta name=\"robots\" content=\"index, nofollow, max-snippet:-1, max-image-preview:large, max-video-preview:-1\" \/>\n<link rel=\"canonical\" href=\"https:\/\/www.chromonorm.de\/ratgeber\/kuehlschraenke\/\" \/>\n<meta property=\"og:locale\" content=\"de_DE\" \/>\n<meta property=\"og:type\" content=\"article\" \/>\n<meta property=\"og:title\" content=\"Gastro K\u00fchlschrank - g\u00fcnstig im Online Shop | Chromonorm\" \/>\n<meta property=\"og:description\" content=\"Gastro K\u00fchlschrank mit Qualit\u00e4t von CHROMOnorm \u2713 auch mit Glast\u00fcr \u2713 Steckerfertig \u2713 Inhalt von 650 - 1400 Liter \u2713 FCKW-frei uvm.\" \/>\n<meta property=\"og:url\" content=\"https:\/\/www.chromonorm.de\/ratgeber\/kuehlschraenke\/\" \/>\n<meta property=\"og:site_name\" content=\"Chromonorm Ratgeber\" \/>\n<meta property=\"article:modified_time\" content=\"2024-08-22T12:28:50+00:00\" \/>\n<meta name=\"twitter:card\" content=\"summary_large_image\" \/>\n<meta name=\"twitter:label1\" content=\"Gesch\u00e4tzte Lesezeit\" \/>\n\t<meta name=\"twitter:data1\" content=\"7\u00a0Minuten\" \/>\n<script type=\"application\/ld+json\" class=\"yoast-schema-graph\">{\"@context\":\"https:\/\/schema.org\",\"@graph\":[{\"@type\":\"WebPage\",\"@id\":\"https:\/\/www.chromonorm.de\/ratgeber\/kuehlschraenke\/\",\"url\":\"https:\/\/www.chromonorm.de\/ratgeber\/kuehlschraenke\/\",\"name\":\"Gastro K\u00fchlschrank - g\u00fcnstig im Online Shop | Chromonorm\",\"isPartOf\":{\"@id\":\"https:\/\/www.chromonorm.de\/ratgeber\/#website\"},\"datePublished\":\"2019-09-23T08:14:36+00:00\",\"dateModified\":\"2024-08-22T12:28:50+00:00\",\"description\":\"Gastro K\u00fchlschrank mit Qualit\u00e4t von CHROMOnorm \u2713 auch mit Glast\u00fcr \u2713 Steckerfertig \u2713 Inhalt von 650 - 1400 Liter \u2713 FCKW-frei uvm.\",\"breadcrumb\":{\"@id\":\"https:\/\/www.chromonorm.de\/ratgeber\/kuehlschraenke\/#breadcrumb\"},\"inLanguage\":\"de\",\"potentialAction\":[{\"@type\":\"ReadAction\",\"target\":[\"https:\/\/www.chromonorm.de\/ratgeber\/kuehlschraenke\/\"]}]},{\"@type\":\"BreadcrumbList\",\"@id\":\"https:\/\/www.chromonorm.de\/ratgeber\/kuehlschraenke\/#breadcrumb\",\"itemListElement\":[{\"@type\":\"ListItem\",\"position\":1,\"name\":\"Startseite\",\"item\":\"https:\/\/www.chromonorm.de\/ratgeber\/\"},{\"@type\":\"ListItem\",\"position\":2,\"name\":\"K\u00fchlschr\u00e4nke\"}]},{\"@type\":\"WebSite\",\"@id\":\"https:\/\/www.chromonorm.de\/ratgeber\/#website\",\"url\":\"https:\/\/www.chromonorm.de\/ratgeber\/\",\"name\":\"Chromonorm Ratgeber\",\"description\":\"Ratgeber f\u00fcr Gastro K\u00fcchen\",\"publisher\":{\"@id\":\"https:\/\/www.chromonorm.de\/ratgeber\/#organization\"},\"potentialAction\":[{\"@type\":\"SearchAction\",\"target\":{\"@type\":\"EntryPoint\",\"urlTemplate\":\"https:\/\/www.chromonorm.de\/ratgeber\/?s={search_term_string}\"},\"query-input\":\"required name=search_term_string\"}],\"inLanguage\":\"de\"},{\"@type\":\"Organization\",\"@id\":\"https:\/\/www.chromonorm.de\/ratgeber\/#organization\",\"name\":\"Chromonorm\",\"url\":\"https:\/\/www.chromonorm.de\/ratgeber\/\",\"logo\":{\"@type\":\"ImageObject\",\"inLanguage\":\"de\",\"@id\":\"https:\/\/www.chromonorm.de\/ratgeber\/#\/schema\/logo\/image\/\",\"url\":\"https:\/\/www.chromonorm.de\/ratgeber\/wp-content\/uploads\/2019\/07\/Chromonorm-Logo.png\",\"contentUrl\":\"https:\/\/www.chromonorm.de\/ratgeber\/wp-content\/uploads\/2019\/07\/Chromonorm-Logo.png\",\"width\":350,\"height\":51,\"caption\":\"Chromonorm\"},\"image\":{\"@id\":\"https:\/\/www.chromonorm.de\/ratgeber\/#\/schema\/logo\/image\/\"}}]}<\/script>\n<!-- \/ Yoast SEO plugin. -->","yoast_head_json":{"title":"Gastro K\u00fchlschrank - g\u00fcnstig im Online Shop | Chromonorm","description":"Gastro K\u00fchlschrank mit Qualit\u00e4t von CHROMOnorm \u2713 auch mit Glast\u00fcr \u2713 Steckerfertig \u2713 Inhalt von 650 - 1400 Liter \u2713 FCKW-frei uvm.","robots":{"index":"index","follow":"nofollow","max-snippet":"max-snippet:-1","max-image-preview":"max-image-preview:large","max-video-preview":"max-video-preview:-1"},"canonical":"https:\/\/www.chromonorm.de\/ratgeber\/kuehlschraenke\/","og_locale":"de_DE","og_type":"article","og_title":"Gastro K\u00fchlschrank - g\u00fcnstig im Online Shop | Chromonorm","og_description":"Gastro K\u00fchlschrank mit Qualit\u00e4t von CHROMOnorm \u2713 auch mit Glast\u00fcr \u2713 Steckerfertig \u2713 Inhalt von 650 - 1400 Liter \u2713 FCKW-frei uvm.","og_url":"https:\/\/www.chromonorm.de\/ratgeber\/kuehlschraenke\/","og_site_name":"Chromonorm Ratgeber","article_modified_time":"2024-08-22T12:28:50+00:00","twitter_card":"summary_large_image","twitter_misc":{"Gesch\u00e4tzte Lesezeit":"7\u00a0Minuten"},"schema":{"@context":"https:\/\/schema.org","@graph":[{"@type":"WebPage","@id":"https:\/\/www.chromonorm.de\/ratgeber\/kuehlschraenke\/","url":"https:\/\/www.chromonorm.de\/ratgeber\/kuehlschraenke\/","name":"Gastro K\u00fchlschrank - g\u00fcnstig im Online Shop | Chromonorm","isPartOf":{"@id":"https:\/\/www.chromonorm.de\/ratgeber\/#website"},"datePublished":"2019-09-23T08:14:36+00:00","dateModified":"2024-08-22T12:28:50+00:00","description":"Gastro K\u00fchlschrank mit Qualit\u00e4t von CHROMOnorm \u2713 auch mit Glast\u00fcr \u2713 Steckerfertig \u2713 Inhalt von 650 - 1400 Liter \u2713 FCKW-frei uvm.","breadcrumb":{"@id":"https:\/\/www.chromonorm.de\/ratgeber\/kuehlschraenke\/#breadcrumb"},"inLanguage":"de","potentialAction":[{"@type":"ReadAction","target":["https:\/\/www.chromonorm.de\/ratgeber\/kuehlschraenke\/"]}]},{"@type":"BreadcrumbList","@id":"https:\/\/www.chromonorm.de\/ratgeber\/kuehlschraenke\/#breadcrumb","itemListElement":[{"@type":"ListItem","position":1,"name":"Startseite","item":"https:\/\/www.chromonorm.de\/ratgeber\/"},{"@type":"ListItem","position":2,"name":"K\u00fchlschr\u00e4nke"}]},{"@type":"WebSite","@id":"https:\/\/www.chromonorm.de\/ratgeber\/#website","url":"https:\/\/www.chromonorm.de\/ratgeber\/","name":"Chromonorm Ratgeber","description":"Ratgeber f\u00fcr Gastro K\u00fcchen","publisher":{"@id":"https:\/\/www.chromonorm.de\/ratgeber\/#organization"},"potentialAction":[{"@type":"SearchAction","target":{"@type":"EntryPoint","urlTemplate":"https:\/\/www.chromonorm.de\/ratgeber\/?s={search_term_string}"},"query-input":"required name=search_term_string"}],"inLanguage":"de"},{"@type":"Organization","@id":"https:\/\/www.chromonorm.de\/ratgeber\/#organization","name":"Chromonorm","url":"https:\/\/www.chromonorm.de\/ratgeber\/","logo":{"@type":"ImageObject","inLanguage":"de","@id":"https:\/\/www.chromonorm.de\/ratgeber\/#\/schema\/logo\/image\/","url":"https:\/\/www.chromonorm.de\/ratgeber\/wp-content\/uploads\/2019\/07\/Chromonorm-Logo.png","contentUrl":"https:\/\/www.chromonorm.de\/ratgeber\/wp-content\/uploads\/2019\/07\/Chromonorm-Logo.png","width":350,"height":51,"caption":"Chromonorm"},"image":{"@id":"https:\/\/www.chromonorm.de\/ratgeber\/#\/schema\/logo\/image\/"}}]}},"_links":{"self":[{"href":"https:\/\/www.chromonorm.de\/ratgeber\/wp-json\/wp\/v2\/pages\/372"}],"collection":[{"href":"https:\/\/www.chromonorm.de\/ratgeber\/wp-json\/wp\/v2\/pages"}],"about":[{"href":"https:\/\/www.chromonorm.de\/ratgeber\/wp-json\/wp\/v2\/types\/page"}],"author":[{"embeddable":true,"href":"https:\/\/www.chromonorm.de\/ratgeber\/wp-json\/wp\/v2\/users\/6"}],"replies":[{"embeddable":true,"href":"https:\/\/www.chromonorm.de\/ratgeber\/wp-json\/wp\/v2\/comments?post=372"}],"version-history":[{"count":37,"href":"https:\/\/www.chromonorm.de\/ratgeber\/wp-json\/wp\/v2\/pages\/372\/revisions"}],"predecessor-version":[{"id":1765,"href":"https:\/\/www.chromonorm.de\/ratgeber\/wp-json\/wp\/v2\/pages\/372\/revisions\/1765"}],"wp:attachment":[{"href":"https:\/\/www.chromonorm.de\/ratgeber\/wp-json\/wp\/v2\/media?parent=372"}],"curies":[{"name":"wp","href":"https:\/\/api.w.org\/{rel}","templated":true}]}}