{"id":386,"date":"2019-11-06T11:44:15","date_gmt":"2019-11-06T10:44:15","guid":{"rendered":"https:\/\/chromonorm.de\/ratgeber\/?page_id=386"},"modified":"2024-08-22T14:29:05","modified_gmt":"2024-08-22T12:29:05","slug":"spueltische","status":"publish","type":"page","link":"https:\/\/www.chromonorm.de\/ratgeber\/spueltische\/","title":{"rendered":"Sp\u00fcltische"},"content":{"rendered":"<section class=\"wpb-content-wrapper\"><p>[vc_row full_width=&#8220;stretch_row&#8220; gap=&#8220;35&#8243; css=&#8220;.vc_custom_1566485346340{margin-top: -65px !important;padding-bottom: 20px !important;background-color: #f2faff !important;}&#8220;][vc_column width=&#8220;1\/2&#8243;][vc_empty_space height=&#8220;20px&#8220;][vc_column_text single_style=&#8220;&#8220;]<\/p>\n<h1>Sp\u00fcltische f\u00fcr die Gastronomie<\/h1>\n<p>Ein praktischer und funktionaler <a href=\"\/edelstahlmoebel\/spueltische\/\">Sp\u00fcltisch<\/a> erm\u00f6glicht es, Ihren gehobenen <a href=\"https:\/\/chromonorm.de\/ratgeber\/haccp\/\">Hygienestandard<\/a> in der K\u00fcche m\u00fchelos aufrechtzuerhalten. Sauberkeit und Ordnung sind in der Gastronomie besonders wichtig. Vor allem an gut besuchten Tagen f\u00e4llt zu den Sto\u00dfzeiten eine gro\u00dfe Menge an schmutzigem Geschirr an. W\u00e4hrend des laufenden Betriebes in der K\u00fcche muss dieses Geschirr schnell zur Seite ger\u00e4umt oder im besten Fall sogar gesp\u00fclt werden. Mit dem richtigen Sp\u00fcltisch f\u00fcr Ihre K\u00fcche stellt das schmutzige Geschirr kein Hindernis mehr dar.<\/p>\n<p><strong>Unsere Vorteile im \u00dcberblick<\/strong><\/p>\n<ul>\n<li>Sp\u00fclbecken aus Edelstahl<\/li>\n<li>W\u00e4hlen Sie einen Sp\u00fcltisch mit einem oder zwei Sp\u00fclbecken<\/li>\n<li>Offene Unterkonstruktion oder ein Schrank mit Fl\u00fcgelt\u00fcren<\/li>\n<li>Umlaufender Wulstrand<\/li>\n<li>tiefgezogene gerillte Abtropffl\u00e4che<\/li>\n<li>nahtlos eingeschwei\u00dfte Sp\u00fclbecken<\/li>\n<\/ul>\n<p>[\/vc_column_text][vc_empty_space height=&#8220;20px&#8220;][\/vc_column][vc_column width=&#8220;1\/2&#8243;][vc_empty_space height=&#8220;100px&#8220;][vc_single_image image=&#8220;1593&#8243; img_size=&#8220;full&#8220; alignment=&#8220;right&#8220; css=&#8220;.vc_custom_1724317392859{padding-left: 0px !important;}&#8220;][vc_btn title=&#8220;Alle Sp\u00fcltische ansehen&#8220; style=&#8220;flat&#8220; color=&#8220;primary&#8220; align=&#8220;center&#8220; link=&#8220;url:https%3A%2F%2Fwww.chromonorm.de%2Fedelstahlmoebel%2Fspueltische%2F|||&#8220;][\/vc_column][\/vc_row][vc_row css=&#8220;.vc_custom_1566485560490{margin-top: 40px !important;}&#8220;][vc_column][vc_column_text single_style=&#8220;&#8220;]<\/p>\n<h2>Sp\u00fcltische in vielen Variationen<\/h2>\n<p>[\/vc_column_text][\/vc_column][\/vc_row][vc_row full_width=&#8220;stretch_row&#8220; gap=&#8220;20&#8243; css=&#8220;.vc_custom_1566487132571{margin-top: 0px !important;margin-bottom: 100px !important;}&#8220; el_class=&#8220;kategorie&#8220;][vc_column width=&#8220;1\/3&#8243;][vc_row_inner css=&#8220;.vc_custom_1566480253547{border-radius: 10px !important;}&#8220; el_class=&#8220;meinprodukt&#8220;][vc_column_inner][vc_single_image image=&#8220;1745&#8243; img_size=&#8220;full&#8220;][vc_column_text single_style=&#8220;&#8220;]<\/p>\n<ul>\n<li><strong>1 Becken<\/strong><\/li>\n<li><strong>600 mm Tiefe<\/strong><\/li>\n<\/ul>\n<p>&nbsp;<\/p>\n<p>Unsere Sp\u00fcltische aus Edelstahl bieten bei einer Tiefe von 600 mm Platz f\u00fcr ein Becken, erg\u00e4nzt durch eine Abtropffl\u00e4che.<\/p>\n<p style=\"text-align: right;\"><strong>ab 980 \u20ac<\/strong><\/p>\n<p>[\/vc_column_text][vc_btn title=&#8220;Zur \u00dcbersicht&#8220; style=&#8220;flat&#8220; color=&#8220;primary&#8220; size=&#8220;sm&#8220; align=&#8220;center&#8220; button_block=&#8220;true&#8220; link=&#8220;url:https%3A%2F%2Fwww.chromonorm.de%2Fedelstahlmoebel%2Fspueltische%2F%3Fp%3D1%26o%3D3%26n%3D12%26f%3D12%257C28|||&#8220;][\/vc_column_inner][\/vc_row_inner][\/vc_column][vc_column width=&#8220;1\/3&#8243;][vc_row_inner css=&#8220;.vc_custom_1566480253547{border-radius: 10px !important;}&#8220; el_class=&#8220;meinprodukt&#8220;][vc_column_inner][vc_single_image image=&#8220;1745&#8243; img_size=&#8220;full&#8220;][vc_column_text single_style=&#8220;&#8220;]<\/p>\n<ul>\n<li><strong>1 Becken<\/strong><\/li>\n<li><strong>700 mm Tiefe<\/strong><\/li>\n<\/ul>\n<p>&nbsp;<\/p>\n<p>F\u00fcr eine Tiefe von 700 mm bieten wir Sp\u00fcltische aus Edelstahl, ausgestattet mit einem Becken sowie einer Abtropffl\u00e4che.<\/p>\n<p style=\"text-align: right;\"><strong>ab 1.045 \u20ac<\/strong><\/p>\n<p>[\/vc_column_text][vc_btn title=&#8220;Zur \u00dcbersicht&#8220; style=&#8220;flat&#8220; color=&#8220;primary&#8220; size=&#8220;sm&#8220; align=&#8220;center&#8220; button_block=&#8220;true&#8220; link=&#8220;url:https%3A%2F%2Fwww.chromonorm.de%2Fedelstahlmoebel%2Fspueltische%2F%3Fp%3D1%26o%3D3%26n%3D12%26f%3D12%257C29|||&#8220;][\/vc_column_inner][\/vc_row_inner][\/vc_column][vc_column width=&#8220;1\/3&#8243;][vc_row_inner el_class=&#8220;meinprodukt&#8220;][vc_column_inner][vc_single_image image=&#8220;1746&#8243; img_size=&#8220;full&#8220;][vc_column_text single_style=&#8220;&#8220;]<\/p>\n<ul>\n<li><strong>2 Becken<\/strong><\/li>\n<li><strong>600 mm Tiefe<\/strong><\/li>\n<\/ul>\n<p>&nbsp;<\/p>\n<p>Bei einer Tiefe von 600 mm bieten unsere Sp\u00fcltische aus Edelstahl 2 Becken. Auch eine Abtropffl\u00e4che ist m\u00f6glich.<\/p>\n<p style=\"text-align: right;\"><strong>ab 1.190 \u20ac<\/strong><\/p>\n<p>[\/vc_column_text][vc_btn title=&#8220;Zur \u00dcbersicht&#8220; style=&#8220;flat&#8220; color=&#8220;primary&#8220; size=&#8220;sm&#8220; align=&#8220;center&#8220; button_block=&#8220;true&#8220; link=&#8220;url:https%3A%2F%2Fwww.chromonorm.de%2Fedelstahlmoebel%2Fspueltische%2F%3Fp%3D1%26o%3D3%26n%3D12%26f%3D13%257C28|||&#8220;][\/vc_column_inner][\/vc_row_inner][\/vc_column][\/vc_row][vc_row full_width=&#8220;stretch_row&#8220; css=&#8220;.vc_custom_1566485353024{padding-top: 40px !important;padding-bottom: 40px !important;background-color: #f2faff !important;}&#8220;][vc_column width=&#8220;2\/3&#8243;][vc_column_text single_style=&#8220;&#8220; css=&#8220;.vc_custom_1573036806263{padding-right: 40px !important;}&#8220;]<\/p>\n<h2>Sp\u00fcltische von Chromonorm<\/h2>\n<p><strong>Wir bieten Ihnen den idealen Sp\u00fcltisch f\u00fcr Ihre Gro\u00dfk\u00fcche.<\/strong> Unser Angebot beinhaltet sowohl Tische mit nur <strong>einem Sp\u00fclbecken als auch mit zwei Sp\u00fclbecken.<\/strong> Au\u00dferdem haben Sie die Wahl zwischen einer <strong>offenen Unterkonstruktion<\/strong> und einem Schrank <strong>mit Fl\u00fcgelt\u00fcren<\/strong> f\u00fcr weiteren Stauraum in Ihrer Gastronomie K\u00fcche.<\/p>\n<p>All unsere Sp\u00fcltische bestehen aus Edelstahl und bieten Ihnen somit eine edle Optik und <strong>eine lange Haltbarkeit.<\/strong> Au\u00dferdem sind Edelstahl Sp\u00fclbecken leicht zu reinigen.<\/p>\n<p>Jeder Sp\u00fcltisch verf\u00fcgt des Weiteren \u00fcber einen umlaufenden Wulstrand. So wird verhindert, dass Wasser oder Essensreste \u00fcberlaufen. Tiefgezogene gerillte Abtropffl\u00e4chen bieten Ihnen den zus\u00e4tzlichen Komfort, \u00fcbersch\u00fcssiges Wasser schnell und einfach wieder ablaufen lassen zu k\u00f6nnen. Die Becken sind nahtlos eingeschwei\u00dft. Somit verhindern wir von vornherein unn\u00f6tige Schmutzf\u00e4nger.<\/p>\n<p><strong>Unsere Sp\u00fcltische liefern wir inklusive eines Standrohres 2\u201d mit Ventilsitz als Zubeh\u00f6r.<\/strong>[\/vc_column_text][\/vc_column][vc_column width=&#8220;1\/3&#8243;][vc_empty_space][vc_single_image image=&#8220;320&#8243; img_size=&#8220;full&#8220;][\/vc_column][\/vc_row][vc_row css=&#8220;.vc_custom_1566487681620{margin-top: 80px !important;}&#8220;][vc_column width=&#8220;1\/2&#8243;][vc_single_image image=&#8220;113&#8243; img_size=&#8220;large&#8220; css=&#8220;.vc_custom_1566487696729{margin-top: 50px !important;}&#8220;][\/vc_column][vc_column width=&#8220;1\/2&#8243;][vc_column_text single_style=&#8220;&#8220;]<\/p>\n<h2>Unser Qualit\u00e4tsanspruch<\/h2>\n<p><strong>Von uns k\u00f6nnen Sie immer einen hohen Qualit\u00e4tsstandard erwarten.<\/strong> Uns ist es wichtig, Ihnen nur Artikel zu liefern, die unseren Anspr\u00fcchen gerecht werden. Aus diesem Grund wenden wir modernste Fertigungstechniken <strong>in Deutschland<\/strong> an.<\/p>\n<p>Zu einer guten Qualit\u00e4t geh\u00f6rt in unseren Augen auch ein guter Service. Deswegen halten wir <strong>kurze Lieferzeiten<\/strong> ein und liefern direkt aus unserem Lager.[\/vc_column_text][\/vc_column][\/vc_row][vc_row][vc_column][vc_column_text single_style=&#8220;&#8220;]<\/p>\n<h2>Das k\u00f6nnte Sie auch interessieren<\/h2>\n<p>[\/vc_column_text][\/vc_column][\/vc_row][vc_row][vc_column width=&#8220;1\/4&#8243;][vc_row_inner][vc_column_inner][vc_single_image image=&#8220;1591&#8243; img_size=&#8220;full&#8220;][vc_column_text single_style=&#8220;&#8220;]<\/p>\n<h3 style=\"text-align: center;\">K\u00fchlschr\u00e4nke<\/h3>\n<p>[\/vc_column_text][vc_btn title=&#8220;Zu den K\u00fchlwannen&#8220; color=&#8220;primary&#8220; size=&#8220;sm&#8220; align=&#8220;center&#8220; link=&#8220;url:https%3A%2F%2Fwww.chromonorm.de%2Fkuehlgeraete%2Fkuehlschraenke%2F|title:Arbeitsschr%C3%A4nke&#8220;][\/vc_column_inner][\/vc_row_inner][\/vc_column][vc_column width=&#8220;1\/4&#8243;][vc_row_inner][vc_column_inner][vc_single_image image=&#8220;1598&#8243; img_size=&#8220;full&#8220;][vc_column_text single_style=&#8220;&#8220;]<\/p>\n<h3 style=\"text-align: center;\">Saladetten<\/h3>\n<p>[\/vc_column_text][vc_btn title=&#8220;Zu den Saladetten&#8220; color=&#8220;primary&#8220; size=&#8220;sm&#8220; align=&#8220;center&#8220; link=&#8220;url:https%3A%2F%2Fchromonorm.de%2Fratgeber%2Fsaladette%2F|title:Arbeitsschr%C3%A4nke||&#8220;][\/vc_column_inner][\/vc_row_inner][\/vc_column][vc_column width=&#8220;1\/4&#8243;][vc_row_inner][vc_column_inner][vc_single_image image=&#8220;1597&#8243; img_size=&#8220;full&#8220;][vc_column_text single_style=&#8220;&#8220;]<\/p>\n<h3 style=\"text-align: center;\">Sp\u00fclcenter<\/h3>\n<p>[\/vc_column_text][vc_btn title=&#8220;Zu den Sp\u00fclcenter&#8220; color=&#8220;primary&#8220; size=&#8220;sm&#8220; align=&#8220;center&#8220; link=&#8220;url:https%3A%2F%2Fchromonorm.de%2Fratgeber%2Fspuelcenter%2F|title:Arbeitsschr%C3%A4nke||&#8220;][\/vc_column_inner][\/vc_row_inner][\/vc_column][vc_column width=&#8220;1\/4&#8243;][vc_row_inner][vc_column_inner][vc_single_image image=&#8220;1737&#8243; img_size=&#8220;full&#8220;][vc_column_text single_style=&#8220;&#8220;]<\/p>\n<h3 style=\"text-align: center;\">Handwaschbe.<\/h3>\n<p>[\/vc_column_text][vc_btn title=&#8220;Zu den Handwaschbe.&#8220; color=&#8220;primary&#8220; size=&#8220;sm&#8220; align=&#8220;center&#8220; link=&#8220;url:https%3A%2F%2Fchromonorm.de%2Fratgeber%2Fedelstahl-handwaschbecken%2F|title:Arbeitsschr%C3%A4nke||&#8220;][\/vc_column_inner][\/vc_row_inner][\/vc_column][\/vc_row]<\/p>\n<\/section>","protected":false},"excerpt":{"rendered":"<p>[vc_row full_width=&#8220;stretch_row&#8220; gap=&#8220;35&#8243; css=&#8220;.vc_custom_1566485346340{margin-top: -65px !important;padding-bottom: 20px !important;background-color: #f2faff !important;}&#8220;][vc_column width=&#8220;1\/2&#8243;][vc_empty_space height=&#8220;20px&#8220;][vc_column_text single_style=&#8220;&#8220;] Sp\u00fcltische f\u00fcr die Gastronomie Ein praktischer und funktionaler Sp\u00fcltisch erm\u00f6glicht es, Ihren gehobenen Hygienestandard in der K\u00fcche m\u00fchelos aufrechtzuerhalten. Sauberkeit und Ordnung sind in der Gastronomie besonders wichtig. Vor allem an gut besuchten Tagen f\u00e4llt zu den Sto\u00dfzeiten eine gro\u00dfe Menge an<\/p>\n","protected":false},"author":6,"featured_media":0,"parent":0,"menu_order":0,"comment_status":"closed","ping_status":"closed","template":"page-blocks.php","meta":{"footnotes":""},"featured_image_urls":{"full":"","thumbnail":"","medium":"","medium_large":"","large":"","1536x1536":"","2048x2048":"","post-thumbnail":"","contentberg-main":"","contentberg-main-full":"","contentberg-slider-stylish":"","contentberg-slider-carousel":"","contentberg-slider-grid-b":"","contentberg-slider-grid-b-sm":"","contentberg-slider-bold-sm":"","contentberg-grid":"","contentberg-list":"","contentberg-list-b":"","contentberg-thumb":"","contentberg-thumb-alt":""},"post_excerpt_stackable":"<p>[vc_row full_width=&#8220;stretch_row&#8220; gap=&#8220;35&#8243; css=&#8220;.vc_custom_1566485346340{margin-top: -65px !important;padding-bottom: 20px !important;background-color: #f2faff !important;}&#8220;][vc_column width=&#8220;1\/2&#8243;][vc_empty_space height=&#8220;20px&#8220;][vc_column_text single_style=&#8220;&#8220;] Sp\u00fcltische f\u00fcr die Gastronomie Ein praktischer und funktionaler Sp\u00fcltisch erm\u00f6glicht es, Ihren gehobenen Hygienestandard in der K\u00fcche m\u00fchelos aufrechtzuerhalten. Sauberkeit und Ordnung sind in der Gastronomie besonders wichtig. Vor allem an gut besuchten Tagen f\u00e4llt zu den Sto\u00dfzeiten eine gro\u00dfe Menge an schmutzigem Geschirr an. W\u00e4hrend des laufenden Betriebes in der K\u00fcche muss dieses Geschirr schnell zur Seite ger\u00e4umt oder im besten Fall sogar gesp\u00fclt werden. Mit dem richtigen Sp\u00fcltisch f\u00fcr Ihre K\u00fcche stellt das schmutzige Geschirr kein Hindernis mehr dar. Unsere Vorteile im \u00dcberblick Sp\u00fclbecken aus&hellip;<\/p>\n","category_list":"","author_info":{"name":"Dawid Kunda","url":"https:\/\/www.chromonorm.de\/ratgeber\/author\/dawid-kunda\/"},"comments_num":"0 comments","featured_image_urls_v2":{"full":"","thumbnail":"","medium":"","medium_large":"","large":"","1536x1536":"","2048x2048":"","post-thumbnail":"","contentberg-main":"","contentberg-main-full":"","contentberg-slider-stylish":"","contentberg-slider-carousel":"","contentberg-slider-grid-b":"","contentberg-slider-grid-b-sm":"","contentberg-slider-bold-sm":"","contentberg-grid":"","contentberg-list":"","contentberg-list-b":"","contentberg-thumb":"","contentberg-thumb-alt":""},"post_excerpt_stackable_v2":"<p>[vc_row full_width=&#8220;stretch_row&#8220; gap=&#8220;35&#8243; css=&#8220;.vc_custom_1566485346340{margin-top: -65px !important;padding-bottom: 20px !important;background-color: #f2faff !important;}&#8220;][vc_column width=&#8220;1\/2&#8243;][vc_empty_space height=&#8220;20px&#8220;][vc_column_text single_style=&#8220;&#8220;] Sp\u00fcltische f\u00fcr die Gastronomie Ein praktischer und funktionaler Sp\u00fcltisch erm\u00f6glicht es, Ihren gehobenen Hygienestandard in der K\u00fcche m\u00fchelos aufrechtzuerhalten. Sauberkeit und Ordnung sind in der Gastronomie besonders wichtig. Vor allem an gut besuchten Tagen f\u00e4llt zu den Sto\u00dfzeiten eine gro\u00dfe Menge an schmutzigem Geschirr an. W\u00e4hrend des laufenden Betriebes in der K\u00fcche muss dieses Geschirr schnell zur Seite ger\u00e4umt oder im besten Fall sogar gesp\u00fclt werden. Mit dem richtigen Sp\u00fcltisch f\u00fcr Ihre K\u00fcche stellt das schmutzige Geschirr kein Hindernis mehr dar. Unsere Vorteile im \u00dcberblick Sp\u00fclbecken aus&hellip;<\/p>\n","category_list_v2":"","author_info_v2":{"name":"Dawid Kunda","url":"https:\/\/www.chromonorm.de\/ratgeber\/author\/dawid-kunda\/"},"comments_num_v2":"0 comments","yoast_head":"<!-- This site is optimized with the Yoast SEO plugin v22.6 - https:\/\/yoast.com\/wordpress\/plugins\/seo\/ -->\n<title>Edelstahl Sp\u00fcltisch online kaufen - TOP Qualit\u00e4t | Chromonorm<\/title>\n<meta name=\"description\" content=\"Sp\u00fcltische aus Edelstahl \u2713 in TOP Qualit\u00e4t \u2713 f\u00fcr den Gastronomieeinsatz \u2713 Jetzt Edelstahlarbeitstische online bestellen!\" \/>\n<meta name=\"robots\" content=\"index, nofollow, max-snippet:-1, max-image-preview:large, max-video-preview:-1\" \/>\n<link rel=\"canonical\" href=\"https:\/\/www.chromonorm.de\/ratgeber\/spueltische\/\" \/>\n<meta property=\"og:locale\" content=\"de_DE\" \/>\n<meta property=\"og:type\" content=\"article\" \/>\n<meta property=\"og:title\" content=\"Edelstahl Sp\u00fcltisch online kaufen - TOP Qualit\u00e4t | Chromonorm\" \/>\n<meta property=\"og:description\" content=\"Sp\u00fcltische aus Edelstahl \u2713 in TOP Qualit\u00e4t \u2713 f\u00fcr den Gastronomieeinsatz \u2713 Jetzt Edelstahlarbeitstische online bestellen!\" \/>\n<meta property=\"og:url\" content=\"https:\/\/www.chromonorm.de\/ratgeber\/spueltische\/\" \/>\n<meta property=\"og:site_name\" content=\"Chromonorm Ratgeber\" \/>\n<meta property=\"article:modified_time\" content=\"2024-08-22T12:29:05+00:00\" \/>\n<meta name=\"twitter:card\" content=\"summary_large_image\" \/>\n<meta name=\"twitter:label1\" content=\"Gesch\u00e4tzte Lesezeit\" \/>\n\t<meta name=\"twitter:data1\" content=\"6\u00a0Minuten\" \/>\n<script type=\"application\/ld+json\" class=\"yoast-schema-graph\">{\"@context\":\"https:\/\/schema.org\",\"@graph\":[{\"@type\":\"WebPage\",\"@id\":\"https:\/\/www.chromonorm.de\/ratgeber\/spueltische\/\",\"url\":\"https:\/\/www.chromonorm.de\/ratgeber\/spueltische\/\",\"name\":\"Edelstahl Sp\u00fcltisch online kaufen - TOP Qualit\u00e4t | Chromonorm\",\"isPartOf\":{\"@id\":\"https:\/\/www.chromonorm.de\/ratgeber\/#website\"},\"datePublished\":\"2019-11-06T10:44:15+00:00\",\"dateModified\":\"2024-08-22T12:29:05+00:00\",\"description\":\"Sp\u00fcltische aus Edelstahl \u2713 in TOP Qualit\u00e4t \u2713 f\u00fcr den Gastronomieeinsatz \u2713 Jetzt Edelstahlarbeitstische online bestellen!\",\"breadcrumb\":{\"@id\":\"https:\/\/www.chromonorm.de\/ratgeber\/spueltische\/#breadcrumb\"},\"inLanguage\":\"de\",\"potentialAction\":[{\"@type\":\"ReadAction\",\"target\":[\"https:\/\/www.chromonorm.de\/ratgeber\/spueltische\/\"]}]},{\"@type\":\"BreadcrumbList\",\"@id\":\"https:\/\/www.chromonorm.de\/ratgeber\/spueltische\/#breadcrumb\",\"itemListElement\":[{\"@type\":\"ListItem\",\"position\":1,\"name\":\"Startseite\",\"item\":\"https:\/\/www.chromonorm.de\/ratgeber\/\"},{\"@type\":\"ListItem\",\"position\":2,\"name\":\"Sp\u00fcltische\"}]},{\"@type\":\"WebSite\",\"@id\":\"https:\/\/www.chromonorm.de\/ratgeber\/#website\",\"url\":\"https:\/\/www.chromonorm.de\/ratgeber\/\",\"name\":\"Chromonorm Ratgeber\",\"description\":\"Ratgeber f\u00fcr Gastro K\u00fcchen\",\"publisher\":{\"@id\":\"https:\/\/www.chromonorm.de\/ratgeber\/#organization\"},\"potentialAction\":[{\"@type\":\"SearchAction\",\"target\":{\"@type\":\"EntryPoint\",\"urlTemplate\":\"https:\/\/www.chromonorm.de\/ratgeber\/?s={search_term_string}\"},\"query-input\":\"required name=search_term_string\"}],\"inLanguage\":\"de\"},{\"@type\":\"Organization\",\"@id\":\"https:\/\/www.chromonorm.de\/ratgeber\/#organization\",\"name\":\"Chromonorm\",\"url\":\"https:\/\/www.chromonorm.de\/ratgeber\/\",\"logo\":{\"@type\":\"ImageObject\",\"inLanguage\":\"de\",\"@id\":\"https:\/\/www.chromonorm.de\/ratgeber\/#\/schema\/logo\/image\/\",\"url\":\"https:\/\/www.chromonorm.de\/ratgeber\/wp-content\/uploads\/2019\/07\/Chromonorm-Logo.png\",\"contentUrl\":\"https:\/\/www.chromonorm.de\/ratgeber\/wp-content\/uploads\/2019\/07\/Chromonorm-Logo.png\",\"width\":350,\"height\":51,\"caption\":\"Chromonorm\"},\"image\":{\"@id\":\"https:\/\/www.chromonorm.de\/ratgeber\/#\/schema\/logo\/image\/\"}}]}<\/script>\n<!-- \/ Yoast SEO plugin. -->","yoast_head_json":{"title":"Edelstahl Sp\u00fcltisch online kaufen - TOP Qualit\u00e4t | Chromonorm","description":"Sp\u00fcltische aus Edelstahl \u2713 in TOP Qualit\u00e4t \u2713 f\u00fcr den Gastronomieeinsatz \u2713 Jetzt Edelstahlarbeitstische online bestellen!","robots":{"index":"index","follow":"nofollow","max-snippet":"max-snippet:-1","max-image-preview":"max-image-preview:large","max-video-preview":"max-video-preview:-1"},"canonical":"https:\/\/www.chromonorm.de\/ratgeber\/spueltische\/","og_locale":"de_DE","og_type":"article","og_title":"Edelstahl Sp\u00fcltisch online kaufen - TOP Qualit\u00e4t | Chromonorm","og_description":"Sp\u00fcltische aus Edelstahl \u2713 in TOP Qualit\u00e4t \u2713 f\u00fcr den Gastronomieeinsatz \u2713 Jetzt Edelstahlarbeitstische online bestellen!","og_url":"https:\/\/www.chromonorm.de\/ratgeber\/spueltische\/","og_site_name":"Chromonorm Ratgeber","article_modified_time":"2024-08-22T12:29:05+00:00","twitter_card":"summary_large_image","twitter_misc":{"Gesch\u00e4tzte Lesezeit":"6\u00a0Minuten"},"schema":{"@context":"https:\/\/schema.org","@graph":[{"@type":"WebPage","@id":"https:\/\/www.chromonorm.de\/ratgeber\/spueltische\/","url":"https:\/\/www.chromonorm.de\/ratgeber\/spueltische\/","name":"Edelstahl Sp\u00fcltisch online kaufen - TOP Qualit\u00e4t | Chromonorm","isPartOf":{"@id":"https:\/\/www.chromonorm.de\/ratgeber\/#website"},"datePublished":"2019-11-06T10:44:15+00:00","dateModified":"2024-08-22T12:29:05+00:00","description":"Sp\u00fcltische aus Edelstahl \u2713 in TOP Qualit\u00e4t \u2713 f\u00fcr den Gastronomieeinsatz \u2713 Jetzt Edelstahlarbeitstische online bestellen!","breadcrumb":{"@id":"https:\/\/www.chromonorm.de\/ratgeber\/spueltische\/#breadcrumb"},"inLanguage":"de","potentialAction":[{"@type":"ReadAction","target":["https:\/\/www.chromonorm.de\/ratgeber\/spueltische\/"]}]},{"@type":"BreadcrumbList","@id":"https:\/\/www.chromonorm.de\/ratgeber\/spueltische\/#breadcrumb","itemListElement":[{"@type":"ListItem","position":1,"name":"Startseite","item":"https:\/\/www.chromonorm.de\/ratgeber\/"},{"@type":"ListItem","position":2,"name":"Sp\u00fcltische"}]},{"@type":"WebSite","@id":"https:\/\/www.chromonorm.de\/ratgeber\/#website","url":"https:\/\/www.chromonorm.de\/ratgeber\/","name":"Chromonorm Ratgeber","description":"Ratgeber f\u00fcr Gastro K\u00fcchen","publisher":{"@id":"https:\/\/www.chromonorm.de\/ratgeber\/#organization"},"potentialAction":[{"@type":"SearchAction","target":{"@type":"EntryPoint","urlTemplate":"https:\/\/www.chromonorm.de\/ratgeber\/?s={search_term_string}"},"query-input":"required name=search_term_string"}],"inLanguage":"de"},{"@type":"Organization","@id":"https:\/\/www.chromonorm.de\/ratgeber\/#organization","name":"Chromonorm","url":"https:\/\/www.chromonorm.de\/ratgeber\/","logo":{"@type":"ImageObject","inLanguage":"de","@id":"https:\/\/www.chromonorm.de\/ratgeber\/#\/schema\/logo\/image\/","url":"https:\/\/www.chromonorm.de\/ratgeber\/wp-content\/uploads\/2019\/07\/Chromonorm-Logo.png","contentUrl":"https:\/\/www.chromonorm.de\/ratgeber\/wp-content\/uploads\/2019\/07\/Chromonorm-Logo.png","width":350,"height":51,"caption":"Chromonorm"},"image":{"@id":"https:\/\/www.chromonorm.de\/ratgeber\/#\/schema\/logo\/image\/"}}]}},"_links":{"self":[{"href":"https:\/\/www.chromonorm.de\/ratgeber\/wp-json\/wp\/v2\/pages\/386"}],"collection":[{"href":"https:\/\/www.chromonorm.de\/ratgeber\/wp-json\/wp\/v2\/pages"}],"about":[{"href":"https:\/\/www.chromonorm.de\/ratgeber\/wp-json\/wp\/v2\/types\/page"}],"author":[{"embeddable":true,"href":"https:\/\/www.chromonorm.de\/ratgeber\/wp-json\/wp\/v2\/users\/6"}],"replies":[{"embeddable":true,"href":"https:\/\/www.chromonorm.de\/ratgeber\/wp-json\/wp\/v2\/comments?post=386"}],"version-history":[{"count":21,"href":"https:\/\/www.chromonorm.de\/ratgeber\/wp-json\/wp\/v2\/pages\/386\/revisions"}],"predecessor-version":[{"id":1769,"href":"https:\/\/www.chromonorm.de\/ratgeber\/wp-json\/wp\/v2\/pages\/386\/revisions\/1769"}],"wp:attachment":[{"href":"https:\/\/www.chromonorm.de\/ratgeber\/wp-json\/wp\/v2\/media?parent=386"}],"curies":[{"name":"wp","href":"https:\/\/api.w.org\/{rel}","templated":true}]}}