{"id":396,"date":"2019-11-05T15:11:33","date_gmt":"2019-11-05T14:11:33","guid":{"rendered":"https:\/\/chromonorm.de\/ratgeber\/?page_id=396"},"modified":"2024-08-22T14:28:59","modified_gmt":"2024-08-22T12:28:59","slug":"getraenketheken","status":"publish","type":"page","link":"https:\/\/www.chromonorm.de\/ratgeber\/getraenketheken\/","title":{"rendered":"Getr\u00e4nketheken"},"content":{"rendered":"<section class=\"wpb-content-wrapper\"><p>[vc_row full_width=&#8220;stretch_row&#8220; gap=&#8220;35&#8243; css=&#8220;.vc_custom_1566485346340{margin-top: -65px !important;padding-bottom: 20px !important;background-color: #f2faff !important;}&#8220;][vc_column width=&#8220;1\/2&#8243;][vc_empty_space height=&#8220;20px&#8220;][vc_column_text single_style=&#8220;&#8220;]<\/p>\n<h1 class=\"hero--headline panel--title\">Getr\u00e4nketheke aus Edelstahl<\/h1>\n<p>Eine gute Getr\u00e4nketheke ist vielseitig einsetzbar. Sie kann in jedem Barbetrieb und jedem Restaurant praktisch und funktional eingesetzt werden. Heutzutage darf eine Theke in keinem Lokal mehr fehlen und ist damit ein absolutes Must-have.<\/p>\n<p>Unsere Getr\u00e4nketheken zeichnen sich neben ihren Sp\u00fchlbecken durch eine gro\u00dfe Arbeitsfl\u00e4che und ausreichend Platz zum Verstauen aus. Genau hierf\u00fcr befindet sich unter der Theke eine K\u00fchlung. Dies hat den Vorteil, dass sich die Getr\u00e4nke direkt am Arbeitsplatz befinden.<\/p>\n<p><strong>Unsere Vorteile im \u00dcberblick<\/strong><\/p>\n<ul>\n<li>Sie k\u00f6nnen Ihr Produkt individuell aus Fl\u00fcgelt\u00fcren und Schubladenbl\u00f6cken kombinieren.<\/li>\n<li>Die Theken verf\u00fcgen \u00fcber gen\u00fcgend Stauraum f\u00fcr Ihre Getr\u00e4nke.<\/li>\n<li>Bei uns erhalten Sie Getr\u00e4nketheken in vielen verschiedenen Ma\u00dfen.<\/li>\n<li>Wir stehen f\u00fcr h\u00f6chste Qualit\u00e4t, individuelle Beratung und hochwertige Produkte.<\/li>\n<li>Unsere Lieferzeiten sind kurz und f\u00fcr Sie in der Regel kostenfrei.<\/li>\n<\/ul>\n<p>[\/vc_column_text][vc_empty_space height=&#8220;20px&#8220;][\/vc_column][vc_column width=&#8220;1\/2&#8243;][vc_empty_space height=&#8220;100px&#8220;][vc_single_image image=&#8220;1594&#8243; img_size=&#8220;full&#8220; alignment=&#8220;right&#8220; css=&#8220;.vc_custom_1724317317008{padding-left: 0px !important;}&#8220;][vc_btn title=&#8220;Alle Getr\u00e4nketheken ansehen&#8220; style=&#8220;flat&#8220; color=&#8220;primary&#8220; align=&#8220;center&#8220; link=&#8220;url:https%3A%2F%2Fwww.chromonorm.de%2Fkuehlgeraete%2Fgetraenketheken%2F|||&#8220;][\/vc_column][\/vc_row][vc_row][vc_column][vc_column_text single_style=&#8220;&#8220;]<\/p>\n<h2 style=\"text-align: center;\">NEU! Unser Produktfinder<\/h2>\n<p>[\/vc_column_text][\/vc_column][\/vc_row][vc_row css=&#8220;.vc_custom_1584701464383{margin-top: 0px !important;margin-right: 0px !important;margin-bottom: 0px !important;margin-left: 0px !important;border-top-width: 0px !important;border-right-width: 0px !important;border-bottom-width: 0px !important;border-left-width: 0px !important;padding-top: 0px !important;padding-right: 0px !important;padding-bottom: 0px !important;padding-left: 0px !important;}&#8220;][vc_column width=&#8220;1\/12&#8243;][\/vc_column][vc_column width=&#8220;10\/12&#8243;][vc_message message_box_color=&#8220;success&#8220;]<\/p>\n<p style=\"text-align: center;\"><strong>W\u00e4hlen Sie die unterschiedlichen Konfigurationseinstellungen und gelangen Sie direkt zum passenden Produkt.<\/strong><\/p>\n<p>[\/vc_message][vc_empty_space][vc_raw_html]JTNDZGl2JTIwY2xhc3MlM0QlMjJlbWJlZC1yZXNwb25zaXZlJTIwZW1iZWQtcmVzcG9uc2l2ZS0xNmJ5OSUyMiUzRSUwQSUyMCUyMCUzQ2lmcmFtZSUyMHdpZHRoJTNEJTIyMTAwJTI1JTIyJTIwaGVpZ2h0JTNEJTIyNDAwcHglMjIlMjBjbGFzcyUzRCUyMmVtYmVkLXJlc3BvbnNpdmUtaXRlbSUyMiUyMHNyYyUzRCUyMmh0dHBzJTNBJTJGJTJGd3d3LmNocm9tb25vcm0uZGUlMkZ3aXphcmQlMkZ0aGVrZW4uaHRtbCUyMiUyMGFsbG93ZnVsbHNjcmVlbiUzRSUzQyUyRmlmcmFtZSUzRSUwQSUzQyUyRmRpdiUzRQ==[\/vc_raw_html][\/vc_column][vc_column width=&#8220;1\/12&#8243;][\/vc_column][\/vc_row][vc_row full_width=&#8220;stretch_row&#8220; css=&#8220;.vc_custom_1584701765534{background-color: #f2faff !important;}&#8220;][vc_column][vc_column_text single_style=&#8220;&#8220; css=&#8220;.vc_custom_1584702146515{padding-top: 40px !important;}&#8220;]<\/p>\n<h2>Getr\u00e4nketheken in vielen Variationen<\/h2>\n<p>[\/vc_column_text][\/vc_column][\/vc_row][vc_row full_width=&#8220;stretch_row&#8220; gap=&#8220;20&#8243; css=&#8220;.vc_custom_1584702152198{margin-top: 0px !important;margin-bottom: 100px !important;padding-bottom: 40px !important;background-color: #f2faff !important;}&#8220; el_class=&#8220;kategorie&#8220;][vc_column width=&#8220;1\/4&#8243;][vc_row_inner css=&#8220;.vc_custom_1566480253547{border-radius: 10px !important;}&#8220; el_class=&#8220;meinprodukt&#8220;][vc_column_inner][vc_single_image image=&#8220;1420&#8243; img_size=&#8220;full&#8220; alignment=&#8220;right&#8220;][vc_column_text single_style=&#8220;&#8220;]<\/p>\n<ul>\n<li><strong>1 Becken<\/strong><\/li>\n<li><strong>mit T\u00fcren<\/strong><\/li>\n<\/ul>\n<p>&nbsp;<\/p>\n<p>Unsere Getr\u00e4nketheken, ausgestattet mit einem Becken und Fl\u00fcgelt\u00fcren, verf\u00fcgen \u00fcber eine schalld\u00e4mmende, unterf\u00fctterte Abdeckung mit Ablauf. Herausnehmbare Abtropfbleche erleichtern die Arbeitsprozesse zus\u00e4tzlich.<\/p>\n<p style=\"text-align: right;\"><strong>ab 3.115 \u20ac<\/strong><\/p>\n<p>[\/vc_column_text][vc_btn title=&#8220;Zur \u00dcbersicht&#8220; style=&#8220;flat&#8220; color=&#8220;primary&#8220; size=&#8220;sm&#8220; align=&#8220;center&#8220; button_block=&#8220;true&#8220; link=&#8220;url:https%3A%2F%2Fwww.chromonorm.de%2Fkuehlgeraete%2Fgetraenketheken%2F%3Fp%3D1%26o%3D3%26n%3D12%26f%3D12%257C14|||&#8220;][\/vc_column_inner][\/vc_row_inner][\/vc_column][vc_column width=&#8220;1\/4&#8243;][vc_row_inner el_class=&#8220;meinprodukt&#8220;][vc_column_inner][vc_single_image image=&#8220;1421&#8243; img_size=&#8220;full&#8220;][vc_column_text single_style=&#8220;&#8220;]<\/p>\n<ul>\n<li><strong>1 Becken<\/strong><\/li>\n<li><strong>mit T\u00fcren &amp; Schubladen<\/strong><\/li>\n<\/ul>\n<p>&nbsp;<\/p>\n<p>Neben einem Becken sowie T\u00fcren und Schubladen, verf\u00fcgen unsere Getr\u00e4nketheken \u00fcber herausnehmbare Abtropfbleche. Zus\u00e4tzlich enthalten sie eine schalld\u00e4mmende, unterf\u00fctterte Abdeckung mit Ablauf.<\/p>\n<p style=\"text-align: right;\"><strong>ab 3.620 \u20ac<\/strong><\/p>\n<p>[\/vc_column_text][vc_btn title=&#8220;Zur \u00dcbersicht&#8220; style=&#8220;flat&#8220; color=&#8220;primary&#8220; size=&#8220;sm&#8220; align=&#8220;center&#8220; button_block=&#8220;true&#8220; link=&#8220;url:https%3A%2F%2Fwww.chromonorm.de%2Fkuehlgeraete%2Fgetraenketheken%2F%3Fp%3D1%26o%3D2%26n%3D12%26f%3D15%257C12|||&#8220;][\/vc_column_inner][\/vc_row_inner][\/vc_column][vc_column width=&#8220;1\/4&#8243;][vc_row_inner][vc_column_inner][vc_single_image image=&#8220;1422&#8243; img_size=&#8220;full&#8220;][vc_column_text single_style=&#8220;&#8220;]<\/p>\n<ul>\n<li><strong>1 Becken<\/strong><\/li>\n<li><strong>mit Schubladen<\/strong><\/li>\n<\/ul>\n<p>&nbsp;<\/p>\n<p>Unsere Getr\u00e4nketheken bieten mit einem Becken und Schubladen gen\u00fcgend Platz f\u00fcr Gastronomien. Sie verf\u00fcgen au\u00dferdem \u00fcber eine schalld\u00e4mmende, unterf\u00fctterte Abdeckung mit Ablauf und herausnehmbaren Abtropfblechen.<\/p>\n<p style=\"text-align: right;\"><strong>ab 4.125 \u20ac<\/strong><\/p>\n<p>[\/vc_column_text][vc_btn title=&#8220;Zur \u00dcbersicht&#8220; style=&#8220;flat&#8220; color=&#8220;primary&#8220; size=&#8220;sm&#8220; align=&#8220;center&#8220; button_block=&#8220;true&#8220; link=&#8220;url:https%3A%2F%2Fwww.chromonorm.de%2Fkuehlgeraete%2Fgetraenketheken%2F%3Fp%3D1%26o%3D2%26n%3D12%26f%3D12%257C16|||&#8220;][\/vc_column_inner][\/vc_row_inner][\/vc_column][vc_column width=&#8220;1\/4&#8243;][vc_row_inner][vc_column_inner][vc_single_image image=&#8220;1423&#8243; img_size=&#8220;full&#8220;][vc_column_text single_style=&#8220;&#8220;]<\/p>\n<ul>\n<li><strong>2 Becken<\/strong><\/li>\n<li><strong>mit T\u00fcren<\/strong><\/li>\n<\/ul>\n<p>&nbsp;<\/p>\n<p>Mit 2 Becken sowie Fl\u00fcgelt\u00fcren z\u00e4hlen diese Getr\u00e4nketheken zu unserer gro\u00dfen Variante. Die schalld\u00e4mmende, unterf\u00fctterte Abdeckung mit Ablauf und die entnehmbaren Abtropfbleche bieten Komfort pur.<\/p>\n<p style=\"text-align: right;\"><strong>ab 3.260 \u20ac<\/strong><\/p>\n<p>[\/vc_column_text][vc_btn title=&#8220;Zur \u00dcbersicht&#8220; style=&#8220;flat&#8220; color=&#8220;primary&#8220; size=&#8220;sm&#8220; align=&#8220;center&#8220; button_block=&#8220;true&#8220; link=&#8220;url:https%3A%2F%2Fwww.chromonorm.de%2Fkuehlgeraete%2Fgetraenketheken%2F%3Fp%3D1%26o%3D2%26n%3D12%26f%3D13%257C14|||&#8220;][\/vc_column_inner][\/vc_row_inner][\/vc_column][\/vc_row][vc_row full_width=&#8220;stretch_row&#8220;][vc_column width=&#8220;2\/3&#8243;][vc_column_text single_style=&#8220;&#8220; css=&#8220;.vc_custom_1572965783648{padding-right: 40px !important;}&#8220;]<\/p>\n<h2>Gro\u00dfe Auswahl an Getr\u00e4nketheken<\/h2>\n<p>Unsere Getr\u00e4nketheken von Chromonorm sind vielseitig und f\u00fcgen sich ideal in Ihr Lokal ein. Bei uns finden Sie die richtige Getr\u00e4nketheke. Unser Angebot beinhaltet Theken in verschiedenen Gr\u00f6\u00dfen und mit unterschiedlichen Ausstattungen. All unsere Theken verf\u00fcgen entweder \u00fcber Fl\u00fcgelt\u00fcren oder \u00fcber Schubl\u00e4den mit einer zentralgek\u00fchlten oder steckerfertigen Umluftk\u00fchlung. Eine Kombination aus beiden Elementen ist ebenfalls m\u00f6glich. Sie k\u00f6nnen zudem w\u00e4hlen, ob sie die Theke mit oder ohne Abdeckung erhalten m\u00f6chten.<\/p>\n<p>Die Abdeckung verf\u00fcgt \u00fcber einen Wulstrand, eine Tropfmulde mit Ablauf und herausnehmbare Abtropfbleche. Die Lieferung erfolgt ohne Zapfs\u00e4ule und ohne Mischbatterie. Die Getr\u00e4nketheken von Chromonorm k\u00f6nnen au\u00dferdem mit oder ohne Sp\u00fclbecken geliefert werden. Sie haben die Wahl zwischen einem oder zwei Sp\u00fclbecken. Alternativ k\u00f6nnen Sie auch lediglich eine Theke mit einer Vorrichtung f\u00fcr die Becken erhalten.[\/vc_column_text][\/vc_column][vc_column width=&#8220;1\/3&#8243;][vc_empty_space][vc_single_image image=&#8220;320&#8243; img_size=&#8220;full&#8220;][\/vc_column][\/vc_row][vc_row full_width=&#8220;stretch_row&#8220; css=&#8220;.vc_custom_1584702133055{margin-top: 80px !important;padding-top: 40px !important;padding-bottom: 40px !important;background-color: #f2faff !important;}&#8220;][vc_column width=&#8220;1\/2&#8243;][vc_single_image image=&#8220;113&#8243; img_size=&#8220;large&#8220; css=&#8220;.vc_custom_1566487696729{margin-top: 50px !important;}&#8220;][\/vc_column][vc_column width=&#8220;1\/2&#8243;][vc_column_text single_style=&#8220;&#8220;]<\/p>\n<h2>TOP Qualit\u00e4t von CHROMOnorm<\/h2>\n<p>Wir von Chromonorm stehen f\u00fcr h\u00f6chste Qualit\u00e4t. All unsere Getr\u00e4nketheken sind innen und au\u00dfen aus Edelstahl gefertigt. Die Seiten und R\u00fcckseiten bestehen aus verzinktem Stahlblech.<\/p>\n<p>Die neutrale Oberfl\u00e4che f\u00fcgt sich optisch \u00fcberall ideal ein und ist au\u00dferdem leicht zu reinigen. Die integrierte K\u00fchlung unterhalb der Arbeitsfl\u00e4che kann optimal genutzt werden und verf\u00fcgt \u00fcber gen\u00fcgend Stauraum.<\/p>\n<p>[\/vc_column_text][\/vc_column][\/vc_row][vc_row][vc_column][vc_column_text single_style=&#8220;&#8220;]<\/p>\n<h2>Das k\u00f6nnte Sie auch interessieren<\/h2>\n<p>[\/vc_column_text][\/vc_column][\/vc_row][vc_row][vc_column width=&#8220;1\/4&#8243;][vc_row_inner][vc_column_inner][vc_single_image image=&#8220;1595&#8243; img_size=&#8220;full&#8220;][vc_column_text single_style=&#8220;&#8220;]<\/p>\n<h3 style=\"text-align: center;\">Tiefk\u00fchltische<\/h3>\n<p>[\/vc_column_text][vc_btn title=&#8220;Zu den Tiefk\u00fchltischen&#8220; color=&#8220;primary&#8220; size=&#8220;sm&#8220; align=&#8220;center&#8220; link=&#8220;url:https%3A%2F%2Fchromonorm.de%2Fratgeber%2Ftiefkuehltische%2F|title:Arbeitsschr%C3%A4nke||&#8220;][\/vc_column_inner][\/vc_row_inner][\/vc_column][vc_column width=&#8220;1\/4&#8243;][vc_row_inner][vc_column_inner][vc_single_image image=&#8220;1594&#8243; img_size=&#8220;full&#8220;][vc_column_text single_style=&#8220;&#8220;]<\/p>\n<h3 style=\"text-align: center;\">Getr\u00e4nketheken<\/h3>\n<p>[\/vc_column_text][vc_btn title=&#8220;Zu den Getr\u00e4nketheken&#8220; color=&#8220;primary&#8220; size=&#8220;sm&#8220; align=&#8220;center&#8220; link=&#8220;url:https%3A%2F%2Fchromonorm.de%2Fratgeber%2Fgetraenketheken%2F|title:Arbeitsschr%C3%A4nke||&#8220;][\/vc_column_inner][\/vc_row_inner][\/vc_column][vc_column width=&#8220;1\/4&#8243;][vc_row_inner][vc_column_inner][vc_single_image image=&#8220;1596&#8243; img_size=&#8220;full&#8220;][vc_column_text single_style=&#8220;&#8220;]<\/p>\n<h3 style=\"text-align: center;\">Abfallk\u00fchler<\/h3>\n<p>[\/vc_column_text][vc_btn title=&#8220;Zu den Abfallk\u00fchler&#8220; color=&#8220;primary&#8220; size=&#8220;sm&#8220; align=&#8220;center&#8220; link=&#8220;url:https%3A%2F%2Fchromonorm.de%2Fratgeber%2Fabfallkuehler%2F|title:Arbeitsschr%C3%A4nke||&#8220;][\/vc_column_inner][\/vc_row_inner][\/vc_column][vc_column width=&#8220;1\/4&#8243;][vc_row_inner][vc_column_inner][vc_single_image image=&#8220;1593&#8243; img_size=&#8220;full&#8220;][vc_column_text single_style=&#8220;&#8220;]<\/p>\n<h3 style=\"text-align: center;\">Sp\u00fcltische<\/h3>\n<p>[\/vc_column_text][vc_btn title=&#8220;Zu den Sp\u00fcltischen&#8220; color=&#8220;primary&#8220; size=&#8220;sm&#8220; align=&#8220;center&#8220; link=&#8220;url:https%3A%2F%2Fchromonorm.de%2Fratgeber%2Fspueltische%2F|title:Arbeitsschr%C3%A4nke||&#8220;][\/vc_column_inner][\/vc_row_inner][\/vc_column][\/vc_row]<\/p>\n<\/section>","protected":false},"excerpt":{"rendered":"<p>[vc_row full_width=&#8220;stretch_row&#8220; gap=&#8220;35&#8243; css=&#8220;.vc_custom_1566485346340{margin-top: -65px !important;padding-bottom: 20px !important;background-color: #f2faff !important;}&#8220;][vc_column width=&#8220;1\/2&#8243;][vc_empty_space height=&#8220;20px&#8220;][vc_column_text single_style=&#8220;&#8220;] Getr\u00e4nketheke aus Edelstahl Eine gute Getr\u00e4nketheke ist vielseitig einsetzbar. Sie kann in jedem Barbetrieb und jedem Restaurant praktisch und funktional eingesetzt werden. Heutzutage darf eine Theke in keinem Lokal mehr fehlen und ist damit ein absolutes Must-have. Unsere Getr\u00e4nketheken zeichnen sich neben<\/p>\n","protected":false},"author":6,"featured_media":0,"parent":0,"menu_order":0,"comment_status":"closed","ping_status":"closed","template":"page-blocks.php","meta":{"footnotes":""},"featured_image_urls":{"full":"","thumbnail":"","medium":"","medium_large":"","large":"","1536x1536":"","2048x2048":"","post-thumbnail":"","contentberg-main":"","contentberg-main-full":"","contentberg-slider-stylish":"","contentberg-slider-carousel":"","contentberg-slider-grid-b":"","contentberg-slider-grid-b-sm":"","contentberg-slider-bold-sm":"","contentberg-grid":"","contentberg-list":"","contentberg-list-b":"","contentberg-thumb":"","contentberg-thumb-alt":""},"post_excerpt_stackable":"<p>[vc_row full_width=&#8220;stretch_row&#8220; gap=&#8220;35&#8243; css=&#8220;.vc_custom_1566485346340{margin-top: -65px !important;padding-bottom: 20px !important;background-color: #f2faff !important;}&#8220;][vc_column width=&#8220;1\/2&#8243;][vc_empty_space height=&#8220;20px&#8220;][vc_column_text single_style=&#8220;&#8220;] Getr\u00e4nketheke aus Edelstahl Eine gute Getr\u00e4nketheke ist vielseitig einsetzbar. Sie kann in jedem Barbetrieb und jedem Restaurant praktisch und funktional eingesetzt werden. Heutzutage darf eine Theke in keinem Lokal mehr fehlen und ist damit ein absolutes Must-have. Unsere Getr\u00e4nketheken zeichnen sich neben ihren Sp\u00fchlbecken durch eine gro\u00dfe Arbeitsfl\u00e4che und ausreichend Platz zum Verstauen aus. Genau hierf\u00fcr befindet sich unter der Theke eine K\u00fchlung. Dies hat den Vorteil, dass sich die Getr\u00e4nke direkt am Arbeitsplatz befinden. Unsere Vorteile im \u00dcberblick Sie k\u00f6nnen Ihr Produkt individuell aus Fl\u00fcgelt\u00fcren und&hellip;<\/p>\n","category_list":"","author_info":{"name":"Dawid Kunda","url":"https:\/\/www.chromonorm.de\/ratgeber\/author\/dawid-kunda\/"},"comments_num":"0 comments","featured_image_urls_v2":{"full":"","thumbnail":"","medium":"","medium_large":"","large":"","1536x1536":"","2048x2048":"","post-thumbnail":"","contentberg-main":"","contentberg-main-full":"","contentberg-slider-stylish":"","contentberg-slider-carousel":"","contentberg-slider-grid-b":"","contentberg-slider-grid-b-sm":"","contentberg-slider-bold-sm":"","contentberg-grid":"","contentberg-list":"","contentberg-list-b":"","contentberg-thumb":"","contentberg-thumb-alt":""},"post_excerpt_stackable_v2":"<p>[vc_row full_width=&#8220;stretch_row&#8220; gap=&#8220;35&#8243; css=&#8220;.vc_custom_1566485346340{margin-top: -65px !important;padding-bottom: 20px !important;background-color: #f2faff !important;}&#8220;][vc_column width=&#8220;1\/2&#8243;][vc_empty_space height=&#8220;20px&#8220;][vc_column_text single_style=&#8220;&#8220;] Getr\u00e4nketheke aus Edelstahl Eine gute Getr\u00e4nketheke ist vielseitig einsetzbar. Sie kann in jedem Barbetrieb und jedem Restaurant praktisch und funktional eingesetzt werden. Heutzutage darf eine Theke in keinem Lokal mehr fehlen und ist damit ein absolutes Must-have. Unsere Getr\u00e4nketheken zeichnen sich neben ihren Sp\u00fchlbecken durch eine gro\u00dfe Arbeitsfl\u00e4che und ausreichend Platz zum Verstauen aus. Genau hierf\u00fcr befindet sich unter der Theke eine K\u00fchlung. Dies hat den Vorteil, dass sich die Getr\u00e4nke direkt am Arbeitsplatz befinden. Unsere Vorteile im \u00dcberblick Sie k\u00f6nnen Ihr Produkt individuell aus Fl\u00fcgelt\u00fcren und&hellip;<\/p>\n","category_list_v2":"","author_info_v2":{"name":"Dawid Kunda","url":"https:\/\/www.chromonorm.de\/ratgeber\/author\/dawid-kunda\/"},"comments_num_v2":"0 comments","yoast_head":"<!-- This site is optimized with the Yoast SEO plugin v22.6 - https:\/\/yoast.com\/wordpress\/plugins\/seo\/ -->\n<title>TOP Getr\u00e4nketheken f\u00fcr die Gastronomie | Chromonorm<\/title>\n<meta name=\"description\" content=\"Getr\u00e4nketheken &amp; Biertheken zu TOP Preisen \u2713 mit Zentralk\u00fchlung \u2713 von CHROMOnorm \u2713 komplette Systeme \u2713 online Kaufen\" \/>\n<meta name=\"robots\" content=\"index, nofollow, max-snippet:-1, max-image-preview:large, max-video-preview:-1\" \/>\n<link rel=\"canonical\" href=\"https:\/\/www.chromonorm.de\/ratgeber\/getraenketheken\/\" \/>\n<meta property=\"og:locale\" content=\"de_DE\" \/>\n<meta property=\"og:type\" content=\"article\" \/>\n<meta property=\"og:title\" content=\"TOP Getr\u00e4nketheken f\u00fcr die Gastronomie | Chromonorm\" \/>\n<meta property=\"og:description\" content=\"Getr\u00e4nketheken &amp; Biertheken zu TOP Preisen \u2713 mit Zentralk\u00fchlung \u2713 von CHROMOnorm \u2713 komplette Systeme \u2713 online Kaufen\" \/>\n<meta property=\"og:url\" content=\"https:\/\/www.chromonorm.de\/ratgeber\/getraenketheken\/\" \/>\n<meta property=\"og:site_name\" content=\"Chromonorm Ratgeber\" \/>\n<meta property=\"article:modified_time\" content=\"2024-08-22T12:28:59+00:00\" \/>\n<meta name=\"twitter:card\" content=\"summary_large_image\" \/>\n<meta name=\"twitter:label1\" content=\"Gesch\u00e4tzte Lesezeit\" \/>\n\t<meta name=\"twitter:data1\" content=\"7\u00a0Minuten\" \/>\n<script type=\"application\/ld+json\" class=\"yoast-schema-graph\">{\"@context\":\"https:\/\/schema.org\",\"@graph\":[{\"@type\":\"WebPage\",\"@id\":\"https:\/\/www.chromonorm.de\/ratgeber\/getraenketheken\/\",\"url\":\"https:\/\/www.chromonorm.de\/ratgeber\/getraenketheken\/\",\"name\":\"TOP Getr\u00e4nketheken f\u00fcr die Gastronomie | Chromonorm\",\"isPartOf\":{\"@id\":\"https:\/\/www.chromonorm.de\/ratgeber\/#website\"},\"datePublished\":\"2019-11-05T14:11:33+00:00\",\"dateModified\":\"2024-08-22T12:28:59+00:00\",\"description\":\"Getr\u00e4nketheken & Biertheken zu TOP Preisen \u2713 mit Zentralk\u00fchlung \u2713 von CHROMOnorm \u2713 komplette Systeme \u2713 online Kaufen\",\"breadcrumb\":{\"@id\":\"https:\/\/www.chromonorm.de\/ratgeber\/getraenketheken\/#breadcrumb\"},\"inLanguage\":\"de\",\"potentialAction\":[{\"@type\":\"ReadAction\",\"target\":[\"https:\/\/www.chromonorm.de\/ratgeber\/getraenketheken\/\"]}]},{\"@type\":\"BreadcrumbList\",\"@id\":\"https:\/\/www.chromonorm.de\/ratgeber\/getraenketheken\/#breadcrumb\",\"itemListElement\":[{\"@type\":\"ListItem\",\"position\":1,\"name\":\"Startseite\",\"item\":\"https:\/\/www.chromonorm.de\/ratgeber\/\"},{\"@type\":\"ListItem\",\"position\":2,\"name\":\"Getr\u00e4nketheken\"}]},{\"@type\":\"WebSite\",\"@id\":\"https:\/\/www.chromonorm.de\/ratgeber\/#website\",\"url\":\"https:\/\/www.chromonorm.de\/ratgeber\/\",\"name\":\"Chromonorm Ratgeber\",\"description\":\"Ratgeber f\u00fcr Gastro K\u00fcchen\",\"publisher\":{\"@id\":\"https:\/\/www.chromonorm.de\/ratgeber\/#organization\"},\"potentialAction\":[{\"@type\":\"SearchAction\",\"target\":{\"@type\":\"EntryPoint\",\"urlTemplate\":\"https:\/\/www.chromonorm.de\/ratgeber\/?s={search_term_string}\"},\"query-input\":\"required name=search_term_string\"}],\"inLanguage\":\"de\"},{\"@type\":\"Organization\",\"@id\":\"https:\/\/www.chromonorm.de\/ratgeber\/#organization\",\"name\":\"Chromonorm\",\"url\":\"https:\/\/www.chromonorm.de\/ratgeber\/\",\"logo\":{\"@type\":\"ImageObject\",\"inLanguage\":\"de\",\"@id\":\"https:\/\/www.chromonorm.de\/ratgeber\/#\/schema\/logo\/image\/\",\"url\":\"https:\/\/www.chromonorm.de\/ratgeber\/wp-content\/uploads\/2019\/07\/Chromonorm-Logo.png\",\"contentUrl\":\"https:\/\/www.chromonorm.de\/ratgeber\/wp-content\/uploads\/2019\/07\/Chromonorm-Logo.png\",\"width\":350,\"height\":51,\"caption\":\"Chromonorm\"},\"image\":{\"@id\":\"https:\/\/www.chromonorm.de\/ratgeber\/#\/schema\/logo\/image\/\"}}]}<\/script>\n<!-- \/ Yoast SEO plugin. -->","yoast_head_json":{"title":"TOP Getr\u00e4nketheken f\u00fcr die Gastronomie | Chromonorm","description":"Getr\u00e4nketheken & Biertheken zu TOP Preisen \u2713 mit Zentralk\u00fchlung \u2713 von CHROMOnorm \u2713 komplette Systeme \u2713 online Kaufen","robots":{"index":"index","follow":"nofollow","max-snippet":"max-snippet:-1","max-image-preview":"max-image-preview:large","max-video-preview":"max-video-preview:-1"},"canonical":"https:\/\/www.chromonorm.de\/ratgeber\/getraenketheken\/","og_locale":"de_DE","og_type":"article","og_title":"TOP Getr\u00e4nketheken f\u00fcr die Gastronomie | Chromonorm","og_description":"Getr\u00e4nketheken & Biertheken zu TOP Preisen \u2713 mit Zentralk\u00fchlung \u2713 von CHROMOnorm \u2713 komplette Systeme \u2713 online Kaufen","og_url":"https:\/\/www.chromonorm.de\/ratgeber\/getraenketheken\/","og_site_name":"Chromonorm Ratgeber","article_modified_time":"2024-08-22T12:28:59+00:00","twitter_card":"summary_large_image","twitter_misc":{"Gesch\u00e4tzte Lesezeit":"7\u00a0Minuten"},"schema":{"@context":"https:\/\/schema.org","@graph":[{"@type":"WebPage","@id":"https:\/\/www.chromonorm.de\/ratgeber\/getraenketheken\/","url":"https:\/\/www.chromonorm.de\/ratgeber\/getraenketheken\/","name":"TOP Getr\u00e4nketheken f\u00fcr die Gastronomie | Chromonorm","isPartOf":{"@id":"https:\/\/www.chromonorm.de\/ratgeber\/#website"},"datePublished":"2019-11-05T14:11:33+00:00","dateModified":"2024-08-22T12:28:59+00:00","description":"Getr\u00e4nketheken & Biertheken zu TOP Preisen \u2713 mit Zentralk\u00fchlung \u2713 von CHROMOnorm \u2713 komplette Systeme \u2713 online Kaufen","breadcrumb":{"@id":"https:\/\/www.chromonorm.de\/ratgeber\/getraenketheken\/#breadcrumb"},"inLanguage":"de","potentialAction":[{"@type":"ReadAction","target":["https:\/\/www.chromonorm.de\/ratgeber\/getraenketheken\/"]}]},{"@type":"BreadcrumbList","@id":"https:\/\/www.chromonorm.de\/ratgeber\/getraenketheken\/#breadcrumb","itemListElement":[{"@type":"ListItem","position":1,"name":"Startseite","item":"https:\/\/www.chromonorm.de\/ratgeber\/"},{"@type":"ListItem","position":2,"name":"Getr\u00e4nketheken"}]},{"@type":"WebSite","@id":"https:\/\/www.chromonorm.de\/ratgeber\/#website","url":"https:\/\/www.chromonorm.de\/ratgeber\/","name":"Chromonorm Ratgeber","description":"Ratgeber f\u00fcr Gastro K\u00fcchen","publisher":{"@id":"https:\/\/www.chromonorm.de\/ratgeber\/#organization"},"potentialAction":[{"@type":"SearchAction","target":{"@type":"EntryPoint","urlTemplate":"https:\/\/www.chromonorm.de\/ratgeber\/?s={search_term_string}"},"query-input":"required name=search_term_string"}],"inLanguage":"de"},{"@type":"Organization","@id":"https:\/\/www.chromonorm.de\/ratgeber\/#organization","name":"Chromonorm","url":"https:\/\/www.chromonorm.de\/ratgeber\/","logo":{"@type":"ImageObject","inLanguage":"de","@id":"https:\/\/www.chromonorm.de\/ratgeber\/#\/schema\/logo\/image\/","url":"https:\/\/www.chromonorm.de\/ratgeber\/wp-content\/uploads\/2019\/07\/Chromonorm-Logo.png","contentUrl":"https:\/\/www.chromonorm.de\/ratgeber\/wp-content\/uploads\/2019\/07\/Chromonorm-Logo.png","width":350,"height":51,"caption":"Chromonorm"},"image":{"@id":"https:\/\/www.chromonorm.de\/ratgeber\/#\/schema\/logo\/image\/"}}]}},"_links":{"self":[{"href":"https:\/\/www.chromonorm.de\/ratgeber\/wp-json\/wp\/v2\/pages\/396"}],"collection":[{"href":"https:\/\/www.chromonorm.de\/ratgeber\/wp-json\/wp\/v2\/pages"}],"about":[{"href":"https:\/\/www.chromonorm.de\/ratgeber\/wp-json\/wp\/v2\/types\/page"}],"author":[{"embeddable":true,"href":"https:\/\/www.chromonorm.de\/ratgeber\/wp-json\/wp\/v2\/users\/6"}],"replies":[{"embeddable":true,"href":"https:\/\/www.chromonorm.de\/ratgeber\/wp-json\/wp\/v2\/comments?post=396"}],"version-history":[{"count":101,"href":"https:\/\/www.chromonorm.de\/ratgeber\/wp-json\/wp\/v2\/pages\/396\/revisions"}],"predecessor-version":[{"id":1767,"href":"https:\/\/www.chromonorm.de\/ratgeber\/wp-json\/wp\/v2\/pages\/396\/revisions\/1767"}],"wp:attachment":[{"href":"https:\/\/www.chromonorm.de\/ratgeber\/wp-json\/wp\/v2\/media?parent=396"}],"curies":[{"name":"wp","href":"https:\/\/api.w.org\/{rel}","templated":true}]}}