{"id":461,"date":"2019-11-05T15:11:34","date_gmt":"2019-11-05T14:11:34","guid":{"rendered":"https:\/\/chromonorm.de\/ratgeber\/?page_id=461"},"modified":"2024-08-22T14:28:57","modified_gmt":"2024-08-22T12:28:57","slug":"tiefkuehltische","status":"publish","type":"page","link":"https:\/\/www.chromonorm.de\/ratgeber\/tiefkuehltische\/","title":{"rendered":"Tiefk\u00fchltische"},"content":{"rendered":"<section class=\"wpb-content-wrapper\"><p>[vc_row full_width=&#8220;stretch_row&#8220; gap=&#8220;35&#8243; css=&#8220;.vc_custom_1566485346340{margin-top: -65px !important;padding-bottom: 20px !important;background-color: #f2faff !important;}&#8220;][vc_column width=&#8220;1\/2&#8243;][vc_empty_space height=&#8220;20px&#8220;][vc_column_text single_style=&#8220;&#8220;]<\/p>\n<h1>Tiefk\u00fchltische in der Gastronomie<\/h1>\n<p><span style=\"font-weight: 400;\">Tiefk\u00fchltische sind in der Gastronomie unverzichtbar. Egal ob im Restaurant, in der Bar, im Bistro oder in der B\u00e4ckerei. Verschiedene Lebensmittel m\u00fcssen ebenso verschieden gelagert werden, da reicht ein einfacher K\u00fchltisch h\u00e4ufig nicht aus. Neben einem K\u00fchlraum werden einzelne Tiefk\u00fchltische immer wichtiger f\u00fcr den allt\u00e4glichen Betrieb in der Gastronomie. Die jeweiligen <strong>Arbeitsschritte gehen schneller und einfacher<\/strong>, wenn sich die tiefgek\u00fchlte Ware in unmittelbarer N\u00e4he befindet. F\u00fcr diese Situationen eignen sich Tiefk\u00fchltische am besten.<\/span><\/p>\n<p><strong>Unsere Vorteile im \u00dcberblick<\/strong><\/p>\n<ul>\n<li style=\"font-weight: 400;\"><span style=\"font-weight: 400;\">Tiefk\u00fchltische mit 2 oder 3 T\u00fcren<\/span><\/li>\n<li style=\"font-weight: 400;\"><span style=\"font-weight: 400;\">Fassungsverm\u00f6gen der K\u00fchlung von 212 bis 318 Litern<\/span><\/li>\n<li style=\"font-weight: 400;\"><span style=\"font-weight: 400;\">Wir bieten Ihnen eine gro\u00dfe Auswahl an Tiefk\u00fchltischen aus Edelstahl.<\/span><\/li>\n<li style=\"font-weight: 400;\"><span style=\"font-weight: 400;\">Wir beraten Sie gerne umfangreich zu unseren Produkten. Mit unserer Hilfe finden Sie den Tiefk\u00fchltisch, der zu Ihrem Betrieb und Ihren Bed\u00fcrfnissen passt.<\/span><\/li>\n<\/ul>\n<p>[\/vc_column_text][vc_empty_space height=&#8220;20px&#8220;][\/vc_column][vc_column width=&#8220;1\/2&#8243;][vc_empty_space height=&#8220;100px&#8220;][vc_single_image image=&#8220;1595&#8243; img_size=&#8220;full&#8220; alignment=&#8220;right&#8220; css=&#8220;.vc_custom_1724317283383{padding-left: 0px !important;}&#8220;][vc_btn title=&#8220;Alle Tiefk\u00fchltische ansehen&#8220; style=&#8220;flat&#8220; color=&#8220;primary&#8220; align=&#8220;center&#8220; link=&#8220;url:https%3A%2F%2Fwww.chromonorm.de%2Fkuehlgeraete%2Ftiefkuehltische%2F|||&#8220;][\/vc_column][\/vc_row][vc_row css=&#8220;.vc_custom_1566485560490{margin-top: 40px !important;}&#8220;][vc_column][vc_column_text single_style=&#8220;&#8220;]<\/p>\n<h2>Tiefk\u00fchltische in vielen Variationen<\/h2>\n<p>[\/vc_column_text][\/vc_column][\/vc_row][vc_row full_width=&#8220;stretch_row&#8220; gap=&#8220;20&#8243; css=&#8220;.vc_custom_1566487132571{margin-top: 0px !important;margin-bottom: 100px !important;}&#8220; el_class=&#8220;kategorie&#8220;][vc_column width=&#8220;1\/4&#8243;][vc_row_inner css=&#8220;.vc_custom_1566480253547{border-radius: 10px !important;}&#8220; el_class=&#8220;meinprodukt&#8220;][vc_column_inner][vc_single_image image=&#8220;1436&#8243; img_size=&#8220;full&#8220;][vc_column_text single_style=&#8220;&#8220;]<\/p>\n<ul>\n<li><strong>2 T\u00fcren<\/strong><\/li>\n<li><strong>mit Tischplatte<\/strong><\/li>\n<\/ul>\n<p>&nbsp;<\/p>\n<p>Unsere Tiefk\u00fchltische bieten mit 2 Fl\u00fcgelt\u00fcren viel Platz in Ihrer Gastronomiek\u00fcche. Gemeinsam mit einer Tischplatte k\u00f6nnen die Arbeitsabl\u00e4ufe optimiert und Wege zwischen Tiefk\u00fchlfach und Arbeitsfl\u00e4che minimiert werden.<\/p>\n<p style=\"text-align: right;\"><strong>ab 4.580 \u20ac<\/strong><\/p>\n<p>[\/vc_column_text][vc_btn title=&#8220;Zur \u00dcbersicht&#8220; style=&#8220;flat&#8220; color=&#8220;primary&#8220; size=&#8220;sm&#8220; align=&#8220;center&#8220; button_block=&#8220;true&#8220; link=&#8220;url:https%3A%2F%2Fwww.chromonorm.de%2Fkuehlgeraete%2Ftiefkuehltische%2F%3Fp%3D1%26o%3D3%26n%3D12%26f%3D9%257C21|||&#8220;][\/vc_column_inner][\/vc_row_inner][\/vc_column][vc_column width=&#8220;1\/4&#8243;][vc_row_inner el_class=&#8220;meinprodukt&#8220;][vc_column_inner][vc_single_image image=&#8220;1437&#8243; img_size=&#8220;full&#8220;][vc_column_text single_style=&#8220;&#8220;]<\/p>\n<ul>\n<li><strong>2 T\u00fcren<\/strong><\/li>\n<li><strong>ohne Tischplatte<\/strong><\/li>\n<\/ul>\n<p>&nbsp;<\/p>\n<p>Ob in Restaurant, Bar, Bistro oder B\u00e4ckerei, mit 2 Fl\u00fcgelt\u00fcren bieten unsere Tiefk\u00fchltische viel Platz f\u00fcr Lebensmittel und Getr\u00e4nke. Ohne Tischplatte lassen sie sich dabei perfekt in bestehende Gastronomiek\u00fcchen integrieren und an Arbeitsprozesse anpassen.<\/p>\n<p style=\"text-align: right;\"><strong>ab 4.400 \u20ac<\/strong><\/p>\n<p>[\/vc_column_text][vc_btn title=&#8220;Zur \u00dcbersicht&#8220; style=&#8220;flat&#8220; color=&#8220;primary&#8220; size=&#8220;sm&#8220; align=&#8220;center&#8220; button_block=&#8220;true&#8220; link=&#8220;url:https%3A%2F%2Fwww.chromonorm.de%2Fkuehlgeraete%2Ftiefkuehltische%2F%3Fp%3D1%26o%3D3%26n%3D12%26f%3D9%257C22|||&#8220;][\/vc_column_inner][\/vc_row_inner][\/vc_column][vc_column width=&#8220;1\/4&#8243;][vc_row_inner][vc_column_inner][vc_single_image image=&#8220;1438&#8243; img_size=&#8220;full&#8220;][vc_column_text single_style=&#8220;&#8220;]<\/p>\n<ul>\n<li><strong>3 T\u00fcren<\/strong><\/li>\n<li><strong>mit Tischplatte<\/strong><\/li>\n<\/ul>\n<p>&nbsp;<\/p>\n<p>Mit den 3 Fl\u00fcgelt\u00fcren unserer Tiefk\u00fchltische verf\u00fcgen Sie \u00fcber einen gro\u00dfen Stauraum in Ihrer Gastronomiek\u00fcche. Eine Tischplatte komplettiert die Tiefk\u00fchltische aus Edelstahl und erleichtert die Arbeitsabl\u00e4ufe vor Ort.<\/p>\n<p style=\"text-align: right;\"><strong>ab 5.490 \u20ac<\/strong><\/p>\n<p>[\/vc_column_text][vc_btn title=&#8220;Zur \u00dcbersicht&#8220; style=&#8220;flat&#8220; color=&#8220;primary&#8220; size=&#8220;sm&#8220; align=&#8220;center&#8220; button_block=&#8220;true&#8220; link=&#8220;url:https%3A%2F%2Fwww.chromonorm.de%2Fkuehlgeraete%2Ftiefkuehltische%2F%3Fp%3D1%26o%3D3%26n%3D12%26f%3D23%257C21|||&#8220;][\/vc_column_inner][\/vc_row_inner][\/vc_column][vc_column width=&#8220;1\/4&#8243;][vc_row_inner][vc_column_inner][vc_single_image image=&#8220;1439&#8243; img_size=&#8220;full&#8220;][vc_column_text single_style=&#8220;&#8220;]<\/p>\n<ul>\n<li><strong>3 T\u00fcren<\/strong><\/li>\n<li><strong>ohne Tischplatte<\/strong><\/li>\n<\/ul>\n<p>&nbsp;<\/p>\n<p>Genie\u00dfen Sie jede Menge Platz dank der 3 Fl\u00fcgelt\u00fcren unserer Tiefk\u00fchltische aus Edelstahl. Die fehlende Tischplatte unterst\u00fctzt dabei eine ideale Anpassung an bestehende K\u00fcchensysteme und erm\u00f6glicht so reibungslose Arbeitsprozesse.<\/p>\n<p style=\"text-align: right;\"><strong>ab 5.255 \u20ac<\/strong><\/p>\n<p>[\/vc_column_text][vc_btn title=&#8220;Zur \u00dcbersicht&#8220; style=&#8220;flat&#8220; color=&#8220;primary&#8220; size=&#8220;sm&#8220; align=&#8220;center&#8220; button_block=&#8220;true&#8220; link=&#8220;url:https%3A%2F%2Fwww.chromonorm.de%2Fkuehlgeraete%2Ftiefkuehltische%2F%3Fp%3D1%26o%3D3%26n%3D12%26f%3D23%257C22|||&#8220;][\/vc_column_inner][\/vc_row_inner][\/vc_column][\/vc_row][vc_row full_width=&#8220;stretch_row&#8220; css=&#8220;.vc_custom_1566485353024{padding-top: 40px !important;padding-bottom: 40px !important;background-color: #f2faff !important;}&#8220;][vc_column width=&#8220;2\/3&#8243;][vc_column_text single_style=&#8220;&#8220; css=&#8220;.vc_custom_1569930497853{padding-right: 40px !important;}&#8220;]<\/p>\n<h2>Tiefk\u00fchltische von CHROMOnorm<\/h2>\n<p><span style=\"font-weight: 400;\">Bei uns k\u00f6nnen Sie Tiefk\u00fchltische <strong>mit oder ohne Tischplatten<\/strong> erhalten. Es besteht zus\u00e4tzlich die M\u00f6glichkeit, zwischen einer flachen Tischplatte und einer Platte mit <strong>Aufkantung<\/strong> zu w\u00e4hlen. All unsere Tiefk\u00fchltische verf\u00fcgen \u00fcber eine <strong>Umluftk\u00fchlung<\/strong> mit einem spezialbeschichtetem Mittelverdampfer, einer automatischen Abtauung sowie einer Tauwasserverdunstung. Die elektronische Regulierung mit einer Digitalanzeige bietet zus\u00e4tzlichen Komfort.<\/span><\/p>\n<p><span style=\"font-weight: 400;\">Je nach Bedarf k\u00f6nnen Sie sich zwischen Tiefk\u00fchltischen mit <strong>zwei oder drei Fl\u00fcgelt\u00fcren<\/strong> entscheiden. Die L\u00e4nge der Tische variiert ebenfalls je nach Produkt. Der Nutzinhalt der K\u00fchlung bei kleineren Tischen liegt\u00a0 bei<strong> 212 Litern<\/strong>. Die gr\u00f6\u00dferen K\u00fchltische haben ein Fassungsverm\u00f6gen von <strong>224 bis 318 Litern<\/strong>. Die Tische erreichen Temperaturen von -18 bis -20 Grad Celsius.<\/span><\/p>\n<p><strong>Finden Sie Ihren optimalen K\u00fchltisch aus dem vielseitigen Angebot von Chromonorm. <\/strong>[\/vc_column_text][\/vc_column][vc_column width=&#8220;1\/3&#8243;][vc_empty_space][vc_single_image image=&#8220;320&#8243; img_size=&#8220;full&#8220;][\/vc_column][\/vc_row][vc_row css=&#8220;.vc_custom_1566487681620{margin-top: 80px !important;}&#8220;][vc_column width=&#8220;1\/2&#8243;][vc_single_image image=&#8220;113&#8243; img_size=&#8220;large&#8220; css=&#8220;.vc_custom_1566487696729{margin-top: 50px !important;}&#8220;][\/vc_column][vc_column width=&#8220;1\/2&#8243;][vc_column_text single_style=&#8220;&#8220;]<\/p>\n<h2>Unser Qualit\u00e4tsanspruch<\/h2>\n<p><span style=\"font-weight: 400;\"><strong>Wir von Chromonorm stehen f\u00fcr h\u00f6chste Qualit\u00e4t<\/strong> und sorgen daf\u00fcr, dass Sie den perfekten Tiefk\u00fchltisch f\u00fcr Ihren Betrieb finden. All unsere Produkte bestehen sowohl <strong>von innen als auch von au\u00dfen aus Edelstahl<\/strong>. Die edle und zugleich neutrale Oberfl\u00e4che f\u00fcgt sich optisch ideal in Ihren Betrieb ein. Einen zus\u00e4tzlichen Vorteil bietet die <strong>einfache Reinigung<\/strong>.<\/span><\/p>\n<p>Zu einer guten Qualit\u00e4t geh\u00f6rt in unseren Augen auch ein guter Service. Deswegen halten wir <strong>kurze Lieferzeiten<\/strong> ein und liefern direkt aus unserem Lager.[\/vc_column_text][\/vc_column][\/vc_row][vc_row][vc_column][vc_column_text single_style=&#8220;&#8220;]<\/p>\n<h2>Das k\u00f6nnte Sie auch interessieren<\/h2>\n<p>[\/vc_column_text][\/vc_column][\/vc_row][vc_row][vc_column width=&#8220;1\/4&#8243;][vc_row_inner][vc_column_inner][vc_single_image image=&#8220;1591&#8243; img_size=&#8220;full&#8220;][vc_column_text single_style=&#8220;&#8220;]<\/p>\n<h3 style=\"text-align: center;\">K\u00fchlschr\u00e4nke<\/h3>\n<p>[\/vc_column_text][vc_btn title=&#8220;Zu den K\u00fchlschr\u00e4nken&#8220; color=&#8220;primary&#8220; size=&#8220;sm&#8220; align=&#8220;center&#8220; link=&#8220;url:https%3A%2F%2Fchromonorm.de%2Fratgeber%2Fkuehlschraenke%2F|title:Arbeitsschr%C3%A4nke||&#8220;][\/vc_column_inner][\/vc_row_inner][\/vc_column][vc_column width=&#8220;1\/4&#8243;][vc_row_inner][vc_column_inner][vc_single_image image=&#8220;1592&#8243; img_size=&#8220;full&#8220;][vc_column_text single_style=&#8220;&#8220;]<\/p>\n<h3 style=\"text-align: center;\">Tiefk\u00fchlschr.<\/h3>\n<p>[\/vc_column_text][vc_btn title=&#8220;Zu den Tiefk\u00fchlschr.&#8220; color=&#8220;primary&#8220; size=&#8220;sm&#8220; align=&#8220;center&#8220; link=&#8220;url:https%3A%2F%2Fchromonorm.de%2Fratgeber%2Ftiefkuehlschraenke%2F|title:Arbeitsschr%C3%A4nke||&#8220;][\/vc_column_inner][\/vc_row_inner][\/vc_column][vc_column width=&#8220;1\/4&#8243;][vc_row_inner][vc_column_inner][vc_single_image image=&#8220;1589&#8243; img_size=&#8220;full&#8220;][vc_column_text single_style=&#8220;&#8220;]<\/p>\n<h3 style=\"text-align: center;\">Arbeitsschr\u00e4nke<\/h3>\n<p>[\/vc_column_text][vc_btn title=&#8220;Zu den Arbeitsschr\u00e4nken&#8220; color=&#8220;primary&#8220; size=&#8220;sm&#8220; align=&#8220;center&#8220; link=&#8220;url:https%3A%2F%2Fchromonorm.de%2Fratgeber%2Farbeitsschraenke%2F|title:Arbeitsschr%C3%A4nke||&#8220;][\/vc_column_inner][\/vc_row_inner][\/vc_column][vc_column width=&#8220;1\/4&#8243;][vc_row_inner][vc_column_inner][vc_single_image image=&#8220;1587&#8243; img_size=&#8220;full&#8220;][vc_column_text single_style=&#8220;&#8220;]<\/p>\n<h3 style=\"text-align: center;\">Arbeitstische<\/h3>\n<p>[\/vc_column_text][vc_btn title=&#8220;Zu den Arbeitstischen&#8220; color=&#8220;primary&#8220; size=&#8220;sm&#8220; align=&#8220;center&#8220; link=&#8220;url:https%3A%2F%2Fchromonorm.de%2Fratgeber%2Farbeitstische%2F|title:Arbeitsschr%C3%A4nke||&#8220;][\/vc_column_inner][\/vc_row_inner][\/vc_column][\/vc_row]<\/p>\n<\/section>","protected":false},"excerpt":{"rendered":"<p>[vc_row full_width=&#8220;stretch_row&#8220; gap=&#8220;35&#8243; css=&#8220;.vc_custom_1566485346340{margin-top: -65px !important;padding-bottom: 20px !important;background-color: #f2faff !important;}&#8220;][vc_column width=&#8220;1\/2&#8243;][vc_empty_space height=&#8220;20px&#8220;][vc_column_text single_style=&#8220;&#8220;] Tiefk\u00fchltische in der Gastronomie Tiefk\u00fchltische sind in der Gastronomie unverzichtbar. Egal ob im Restaurant, in der Bar, im Bistro oder in der B\u00e4ckerei. Verschiedene Lebensmittel m\u00fcssen ebenso verschieden gelagert werden, da reicht ein einfacher K\u00fchltisch h\u00e4ufig nicht aus. Neben einem K\u00fchlraum werden<\/p>\n","protected":false},"author":6,"featured_media":0,"parent":0,"menu_order":0,"comment_status":"closed","ping_status":"closed","template":"page-blocks.php","meta":{"footnotes":""},"featured_image_urls":{"full":"","thumbnail":"","medium":"","medium_large":"","large":"","1536x1536":"","2048x2048":"","post-thumbnail":"","contentberg-main":"","contentberg-main-full":"","contentberg-slider-stylish":"","contentberg-slider-carousel":"","contentberg-slider-grid-b":"","contentberg-slider-grid-b-sm":"","contentberg-slider-bold-sm":"","contentberg-grid":"","contentberg-list":"","contentberg-list-b":"","contentberg-thumb":"","contentberg-thumb-alt":""},"post_excerpt_stackable":"<p>[vc_row full_width=&#8220;stretch_row&#8220; gap=&#8220;35&#8243; css=&#8220;.vc_custom_1566485346340{margin-top: -65px !important;padding-bottom: 20px !important;background-color: #f2faff !important;}&#8220;][vc_column width=&#8220;1\/2&#8243;][vc_empty_space height=&#8220;20px&#8220;][vc_column_text single_style=&#8220;&#8220;] Tiefk\u00fchltische in der Gastronomie Tiefk\u00fchltische sind in der Gastronomie unverzichtbar. Egal ob im Restaurant, in der Bar, im Bistro oder in der B\u00e4ckerei. Verschiedene Lebensmittel m\u00fcssen ebenso verschieden gelagert werden, da reicht ein einfacher K\u00fchltisch h\u00e4ufig nicht aus. Neben einem K\u00fchlraum werden einzelne Tiefk\u00fchltische immer wichtiger f\u00fcr den allt\u00e4glichen Betrieb in der Gastronomie. Die jeweiligen Arbeitsschritte gehen schneller und einfacher, wenn sich die tiefgek\u00fchlte Ware in unmittelbarer N\u00e4he befindet. F\u00fcr diese Situationen eignen sich Tiefk\u00fchltische am besten. Unsere Vorteile im \u00dcberblick Tiefk\u00fchltische mit 2 oder 3 T\u00fcren&hellip;<\/p>\n","category_list":"","author_info":{"name":"Dawid Kunda","url":"https:\/\/www.chromonorm.de\/ratgeber\/author\/dawid-kunda\/"},"comments_num":"0 comments","featured_image_urls_v2":{"full":"","thumbnail":"","medium":"","medium_large":"","large":"","1536x1536":"","2048x2048":"","post-thumbnail":"","contentberg-main":"","contentberg-main-full":"","contentberg-slider-stylish":"","contentberg-slider-carousel":"","contentberg-slider-grid-b":"","contentberg-slider-grid-b-sm":"","contentberg-slider-bold-sm":"","contentberg-grid":"","contentberg-list":"","contentberg-list-b":"","contentberg-thumb":"","contentberg-thumb-alt":""},"post_excerpt_stackable_v2":"<p>[vc_row full_width=&#8220;stretch_row&#8220; gap=&#8220;35&#8243; css=&#8220;.vc_custom_1566485346340{margin-top: -65px !important;padding-bottom: 20px !important;background-color: #f2faff !important;}&#8220;][vc_column width=&#8220;1\/2&#8243;][vc_empty_space height=&#8220;20px&#8220;][vc_column_text single_style=&#8220;&#8220;] Tiefk\u00fchltische in der Gastronomie Tiefk\u00fchltische sind in der Gastronomie unverzichtbar. Egal ob im Restaurant, in der Bar, im Bistro oder in der B\u00e4ckerei. Verschiedene Lebensmittel m\u00fcssen ebenso verschieden gelagert werden, da reicht ein einfacher K\u00fchltisch h\u00e4ufig nicht aus. Neben einem K\u00fchlraum werden einzelne Tiefk\u00fchltische immer wichtiger f\u00fcr den allt\u00e4glichen Betrieb in der Gastronomie. Die jeweiligen Arbeitsschritte gehen schneller und einfacher, wenn sich die tiefgek\u00fchlte Ware in unmittelbarer N\u00e4he befindet. F\u00fcr diese Situationen eignen sich Tiefk\u00fchltische am besten. Unsere Vorteile im \u00dcberblick Tiefk\u00fchltische mit 2 oder 3 T\u00fcren&hellip;<\/p>\n","category_list_v2":"","author_info_v2":{"name":"Dawid Kunda","url":"https:\/\/www.chromonorm.de\/ratgeber\/author\/dawid-kunda\/"},"comments_num_v2":"0 comments","yoast_head":"<!-- This site is optimized with the Yoast SEO plugin v22.6 - https:\/\/yoast.com\/wordpress\/plugins\/seo\/ -->\n<title>Edelstahl Tiefk\u00fchltische online kaufen - TOP Qualit\u00e4t | Chromonorm<\/title>\n<meta name=\"description\" content=\"Tiefk\u00fchltische aus Edelstahl \u2713 in TOP Qualit\u00e4t \u2713 f\u00fcr den Gastronomieeinsatz \u2713 Jetzt Tiefkl\u00fchltische online bestellen!\" \/>\n<meta name=\"robots\" content=\"index, nofollow, max-snippet:-1, max-image-preview:large, max-video-preview:-1\" \/>\n<link rel=\"canonical\" href=\"https:\/\/www.chromonorm.de\/ratgeber\/tiefkuehltische\/\" \/>\n<meta property=\"og:locale\" content=\"de_DE\" \/>\n<meta property=\"og:type\" content=\"article\" \/>\n<meta property=\"og:title\" content=\"Edelstahl Tiefk\u00fchltische online kaufen - TOP Qualit\u00e4t | Chromonorm\" \/>\n<meta property=\"og:description\" content=\"Tiefk\u00fchltische aus Edelstahl \u2713 in TOP Qualit\u00e4t \u2713 f\u00fcr den Gastronomieeinsatz \u2713 Jetzt Tiefkl\u00fchltische online bestellen!\" \/>\n<meta property=\"og:url\" content=\"https:\/\/www.chromonorm.de\/ratgeber\/tiefkuehltische\/\" \/>\n<meta property=\"og:site_name\" content=\"Chromonorm Ratgeber\" \/>\n<meta property=\"article:modified_time\" content=\"2024-08-22T12:28:57+00:00\" \/>\n<meta name=\"twitter:card\" content=\"summary_large_image\" \/>\n<meta name=\"twitter:label1\" content=\"Gesch\u00e4tzte Lesezeit\" \/>\n\t<meta name=\"twitter:data1\" content=\"4\u00a0Minuten\" \/>\n<script type=\"application\/ld+json\" class=\"yoast-schema-graph\">{\"@context\":\"https:\/\/schema.org\",\"@graph\":[{\"@type\":\"WebPage\",\"@id\":\"https:\/\/www.chromonorm.de\/ratgeber\/tiefkuehltische\/\",\"url\":\"https:\/\/www.chromonorm.de\/ratgeber\/tiefkuehltische\/\",\"name\":\"Edelstahl Tiefk\u00fchltische online kaufen - TOP Qualit\u00e4t | Chromonorm\",\"isPartOf\":{\"@id\":\"https:\/\/www.chromonorm.de\/ratgeber\/#website\"},\"datePublished\":\"2019-11-05T14:11:34+00:00\",\"dateModified\":\"2024-08-22T12:28:57+00:00\",\"description\":\"Tiefk\u00fchltische aus Edelstahl \u2713 in TOP Qualit\u00e4t \u2713 f\u00fcr den Gastronomieeinsatz \u2713 Jetzt Tiefkl\u00fchltische online bestellen!\",\"breadcrumb\":{\"@id\":\"https:\/\/www.chromonorm.de\/ratgeber\/tiefkuehltische\/#breadcrumb\"},\"inLanguage\":\"de\",\"potentialAction\":[{\"@type\":\"ReadAction\",\"target\":[\"https:\/\/www.chromonorm.de\/ratgeber\/tiefkuehltische\/\"]}]},{\"@type\":\"BreadcrumbList\",\"@id\":\"https:\/\/www.chromonorm.de\/ratgeber\/tiefkuehltische\/#breadcrumb\",\"itemListElement\":[{\"@type\":\"ListItem\",\"position\":1,\"name\":\"Startseite\",\"item\":\"https:\/\/www.chromonorm.de\/ratgeber\/\"},{\"@type\":\"ListItem\",\"position\":2,\"name\":\"Tiefk\u00fchltische\"}]},{\"@type\":\"WebSite\",\"@id\":\"https:\/\/www.chromonorm.de\/ratgeber\/#website\",\"url\":\"https:\/\/www.chromonorm.de\/ratgeber\/\",\"name\":\"Chromonorm Ratgeber\",\"description\":\"Ratgeber f\u00fcr Gastro K\u00fcchen\",\"publisher\":{\"@id\":\"https:\/\/www.chromonorm.de\/ratgeber\/#organization\"},\"potentialAction\":[{\"@type\":\"SearchAction\",\"target\":{\"@type\":\"EntryPoint\",\"urlTemplate\":\"https:\/\/www.chromonorm.de\/ratgeber\/?s={search_term_string}\"},\"query-input\":\"required name=search_term_string\"}],\"inLanguage\":\"de\"},{\"@type\":\"Organization\",\"@id\":\"https:\/\/www.chromonorm.de\/ratgeber\/#organization\",\"name\":\"Chromonorm\",\"url\":\"https:\/\/www.chromonorm.de\/ratgeber\/\",\"logo\":{\"@type\":\"ImageObject\",\"inLanguage\":\"de\",\"@id\":\"https:\/\/www.chromonorm.de\/ratgeber\/#\/schema\/logo\/image\/\",\"url\":\"https:\/\/www.chromonorm.de\/ratgeber\/wp-content\/uploads\/2019\/07\/Chromonorm-Logo.png\",\"contentUrl\":\"https:\/\/www.chromonorm.de\/ratgeber\/wp-content\/uploads\/2019\/07\/Chromonorm-Logo.png\",\"width\":350,\"height\":51,\"caption\":\"Chromonorm\"},\"image\":{\"@id\":\"https:\/\/www.chromonorm.de\/ratgeber\/#\/schema\/logo\/image\/\"}}]}<\/script>\n<!-- \/ Yoast SEO plugin. -->","yoast_head_json":{"title":"Edelstahl Tiefk\u00fchltische online kaufen - TOP Qualit\u00e4t | Chromonorm","description":"Tiefk\u00fchltische aus Edelstahl \u2713 in TOP Qualit\u00e4t \u2713 f\u00fcr den Gastronomieeinsatz \u2713 Jetzt Tiefkl\u00fchltische online bestellen!","robots":{"index":"index","follow":"nofollow","max-snippet":"max-snippet:-1","max-image-preview":"max-image-preview:large","max-video-preview":"max-video-preview:-1"},"canonical":"https:\/\/www.chromonorm.de\/ratgeber\/tiefkuehltische\/","og_locale":"de_DE","og_type":"article","og_title":"Edelstahl Tiefk\u00fchltische online kaufen - TOP Qualit\u00e4t | Chromonorm","og_description":"Tiefk\u00fchltische aus Edelstahl \u2713 in TOP Qualit\u00e4t \u2713 f\u00fcr den Gastronomieeinsatz \u2713 Jetzt Tiefkl\u00fchltische online bestellen!","og_url":"https:\/\/www.chromonorm.de\/ratgeber\/tiefkuehltische\/","og_site_name":"Chromonorm Ratgeber","article_modified_time":"2024-08-22T12:28:57+00:00","twitter_card":"summary_large_image","twitter_misc":{"Gesch\u00e4tzte Lesezeit":"4\u00a0Minuten"},"schema":{"@context":"https:\/\/schema.org","@graph":[{"@type":"WebPage","@id":"https:\/\/www.chromonorm.de\/ratgeber\/tiefkuehltische\/","url":"https:\/\/www.chromonorm.de\/ratgeber\/tiefkuehltische\/","name":"Edelstahl Tiefk\u00fchltische online kaufen - TOP Qualit\u00e4t | Chromonorm","isPartOf":{"@id":"https:\/\/www.chromonorm.de\/ratgeber\/#website"},"datePublished":"2019-11-05T14:11:34+00:00","dateModified":"2024-08-22T12:28:57+00:00","description":"Tiefk\u00fchltische aus Edelstahl \u2713 in TOP Qualit\u00e4t \u2713 f\u00fcr den Gastronomieeinsatz \u2713 Jetzt Tiefkl\u00fchltische online bestellen!","breadcrumb":{"@id":"https:\/\/www.chromonorm.de\/ratgeber\/tiefkuehltische\/#breadcrumb"},"inLanguage":"de","potentialAction":[{"@type":"ReadAction","target":["https:\/\/www.chromonorm.de\/ratgeber\/tiefkuehltische\/"]}]},{"@type":"BreadcrumbList","@id":"https:\/\/www.chromonorm.de\/ratgeber\/tiefkuehltische\/#breadcrumb","itemListElement":[{"@type":"ListItem","position":1,"name":"Startseite","item":"https:\/\/www.chromonorm.de\/ratgeber\/"},{"@type":"ListItem","position":2,"name":"Tiefk\u00fchltische"}]},{"@type":"WebSite","@id":"https:\/\/www.chromonorm.de\/ratgeber\/#website","url":"https:\/\/www.chromonorm.de\/ratgeber\/","name":"Chromonorm Ratgeber","description":"Ratgeber f\u00fcr Gastro K\u00fcchen","publisher":{"@id":"https:\/\/www.chromonorm.de\/ratgeber\/#organization"},"potentialAction":[{"@type":"SearchAction","target":{"@type":"EntryPoint","urlTemplate":"https:\/\/www.chromonorm.de\/ratgeber\/?s={search_term_string}"},"query-input":"required name=search_term_string"}],"inLanguage":"de"},{"@type":"Organization","@id":"https:\/\/www.chromonorm.de\/ratgeber\/#organization","name":"Chromonorm","url":"https:\/\/www.chromonorm.de\/ratgeber\/","logo":{"@type":"ImageObject","inLanguage":"de","@id":"https:\/\/www.chromonorm.de\/ratgeber\/#\/schema\/logo\/image\/","url":"https:\/\/www.chromonorm.de\/ratgeber\/wp-content\/uploads\/2019\/07\/Chromonorm-Logo.png","contentUrl":"https:\/\/www.chromonorm.de\/ratgeber\/wp-content\/uploads\/2019\/07\/Chromonorm-Logo.png","width":350,"height":51,"caption":"Chromonorm"},"image":{"@id":"https:\/\/www.chromonorm.de\/ratgeber\/#\/schema\/logo\/image\/"}}]}},"_links":{"self":[{"href":"https:\/\/www.chromonorm.de\/ratgeber\/wp-json\/wp\/v2\/pages\/461"}],"collection":[{"href":"https:\/\/www.chromonorm.de\/ratgeber\/wp-json\/wp\/v2\/pages"}],"about":[{"href":"https:\/\/www.chromonorm.de\/ratgeber\/wp-json\/wp\/v2\/types\/page"}],"author":[{"embeddable":true,"href":"https:\/\/www.chromonorm.de\/ratgeber\/wp-json\/wp\/v2\/users\/6"}],"replies":[{"embeddable":true,"href":"https:\/\/www.chromonorm.de\/ratgeber\/wp-json\/wp\/v2\/comments?post=461"}],"version-history":[{"count":33,"href":"https:\/\/www.chromonorm.de\/ratgeber\/wp-json\/wp\/v2\/pages\/461\/revisions"}],"predecessor-version":[{"id":1735,"href":"https:\/\/www.chromonorm.de\/ratgeber\/wp-json\/wp\/v2\/pages\/461\/revisions\/1735"}],"wp:attachment":[{"href":"https:\/\/www.chromonorm.de\/ratgeber\/wp-json\/wp\/v2\/media?parent=461"}],"curies":[{"name":"wp","href":"https:\/\/api.w.org\/{rel}","templated":true}]}}