{"id":468,"date":"2019-10-30T09:38:11","date_gmt":"2019-10-30T08:38:11","guid":{"rendered":"https:\/\/chromonorm.de\/ratgeber\/?page_id=468"},"modified":"2024-08-22T14:29:05","modified_gmt":"2024-08-22T12:29:05","slug":"arbeitsschraenke","status":"publish","type":"page","link":"https:\/\/www.chromonorm.de\/ratgeber\/arbeitsschraenke\/","title":{"rendered":"Arbeitsschr\u00e4nke"},"content":{"rendered":"<section class=\"wpb-content-wrapper\"><p>[vc_row full_width=&#8220;stretch_row&#8220; gap=&#8220;35&#8243; css=&#8220;.vc_custom_1566485346340{margin-top: -65px !important;padding-bottom: 20px !important;background-color: #f2faff !important;}&#8220;][vc_column width=&#8220;1\/2&#8243;][vc_empty_space height=&#8220;20px&#8220;][vc_column_text single_style=&#8220;&#8220;]<\/p>\n<h1>Arbeitsschr\u00e4nke von CHROMOnorm<\/h1>\n<p>Arbeitsschr\u00e4nke geh\u00f6ren in jede K\u00fcche. Besonders in der Gastronomie wird <strong>viel Stauraum<\/strong> ben\u00f6tigt, um zum Beispiel Geschirr und Gl\u00e4ser unterzubringen. <strong>Arbeitsschr\u00e4nke geh\u00f6ren somit zum Grundinventar eines gastronomischen Betriebes.<\/strong> Sie sind unverzichtbar und vielseitig einsetzbar.<\/p>\n<p>Arbeitsschr\u00e4nke sorgen f\u00fcr Ordnung in der Gastronomiek\u00fcche. <strong>Erh\u00e4ltlich sind sie in vielen unterschiedlichen Variationen<\/strong>. So k\u00f6nnen Arbeitsschr\u00e4nke offen gestaltet sein oder \u00fcber Schiebe- und Fl\u00fcgelt\u00fcren verf\u00fcgen. Schubladenbl\u00f6cke dienen ebenfalls dazu, dass Sie Ihre Arbeitsmaterialien geordnet unterbringen k\u00f6nnen.<\/p>\n<p><strong>Unsere Vorteile im \u00dcberblick<\/strong><\/p>\n<ul>\n<li>Wir bieten Ihnen eine gro\u00dfe Auswahl an Arbeitsschr\u00e4nken aus Edelstahl.<\/li>\n<li>Sie k\u00f6nnen Ihren Arbeitsschrank mit Schiebet\u00fcren, Fl\u00fcgelt\u00fcren und Schubladenbl\u00f6cken kombinieren. Eine offene Konstruktion ist ebenfalls m\u00f6glich.<\/li>\n<li>Sie k\u00f6nnen die Edelstahlarbeitsschr\u00e4nke in ihrer Arbeitsh\u00f6he variabel einstellen.<\/li>\n<li>Bei uns erhalten Sie Arbeitsschr\u00e4nke in vielen verschiedenen Ma\u00dfen.<\/li>\n<li>Wir stehen f\u00fcr h\u00f6chste Qualit\u00e4t, individuelle Beratung und hochwertige Produkte.<\/li>\n<li>Unsere Lieferzeiten sind kurz und f\u00fcr Sie in der Regel kostenfrei.<\/li>\n<\/ul>\n<p>[\/vc_column_text][vc_empty_space height=&#8220;20px&#8220;][\/vc_column][vc_column width=&#8220;1\/2&#8243;][vc_empty_space height=&#8220;100px&#8220;][vc_single_image image=&#8220;1589&#8243; img_size=&#8220;full&#8220; alignment=&#8220;right&#8220; css=&#8220;.vc_custom_1724317374757{padding-left: 0px !important;}&#8220;][vc_btn title=&#8220;Alle Arbeitsschr\u00e4nke ansehen&#8220; style=&#8220;flat&#8220; color=&#8220;primary&#8220; align=&#8220;center&#8220; link=&#8220;url:https%3A%2F%2Fwww.chromonorm.de%2Fedelstahlmoebel%2Farbeitsschraenke%2F|||&#8220;][\/vc_column][\/vc_row][vc_row][vc_column][vc_column_text single_style=&#8220;&#8220;]<\/p>\n<h2 style=\"text-align: center;\">NEU! Unser Produktfinder<\/h2>\n<p>[\/vc_column_text][\/vc_column][\/vc_row][vc_row css=&#8220;.vc_custom_1584701464383{margin-top: 0px !important;margin-right: 0px !important;margin-bottom: 0px !important;margin-left: 0px !important;border-top-width: 0px !important;border-right-width: 0px !important;border-bottom-width: 0px !important;border-left-width: 0px !important;padding-top: 0px !important;padding-right: 0px !important;padding-bottom: 0px !important;padding-left: 0px !important;}&#8220;][vc_column width=&#8220;1\/12&#8243;][\/vc_column][vc_column width=&#8220;10\/12&#8243;][vc_message message_box_color=&#8220;success&#8220;]<\/p>\n<p style=\"text-align: center;\"><strong>W\u00e4hlen Sie die unterschiedlichen Konfigurationseinstellungen und gelangen Sie direkt zum passenden Produkt.<\/strong><\/p>\n<p>[\/vc_message][vc_empty_space][vc_raw_html]JTNDZGl2JTIwY2xhc3MlM0QlMjJlbWJlZC1yZXNwb25zaXZlJTIwZW1iZWQtcmVzcG9uc2l2ZS0xNmJ5OSUyMiUzRSUwQSUyMCUyMCUzQ2lmcmFtZSUyMHdpZHRoJTNEJTIyMTAwJTI1JTIyJTIwaGVpZ2h0JTNEJTIyNDAwcHglMjIlMjBjbGFzcyUzRCUyMmVtYmVkLXJlc3BvbnNpdmUtaXRlbSUyMiUyMHNyYyUzRCUyMmh0dHBzJTNBJTJGJTJGd3d3LmNocm9tb25vcm0uZGUlMkZ3aXphcmQlMkZhcmJlaXRzc2NocmFlbmtlLmh0bWwlMjIlMjBhbGxvd2Z1bGxzY3JlZW4lM0UlM0MlMkZpZnJhbWUlM0UlMEElM0MlMkZkaXYlM0U=[\/vc_raw_html][\/vc_column][vc_column width=&#8220;1\/12&#8243;][\/vc_column][\/vc_row][vc_row full_width=&#8220;stretch_row&#8220; css=&#8220;.vc_custom_1586688532439{margin-top: 40px !important;background-color: #f2faff !important;}&#8220;][vc_column][vc_column_text single_style=&#8220;&#8220;]<\/p>\n<h2>Arbeitsschr\u00e4nke in vielen Variationen<\/h2>\n<p>[\/vc_column_text][\/vc_column][\/vc_row][vc_row full_width=&#8220;stretch_row&#8220; gap=&#8220;20&#8243; css=&#8220;.vc_custom_1586688513125{margin-top: -30px !important;margin-bottom: 100px !important;background-color: #f2faff !important;}&#8220; el_class=&#8220;kategorie&#8220;][vc_column width=&#8220;1\/3&#8243;][vc_row_inner][vc_column_inner][vc_single_image image=&#8220;1748&#8243; img_size=&#8220;full&#8220;][vc_column_text single_style=&#8220;&#8220;]<\/p>\n<ul>\n<li><strong>offen<\/strong><\/li>\n<\/ul>\n<p>&nbsp;<\/p>\n<p>Unsere offenen Arbeitstische aus Edelstahl erm\u00f6glichen die Integration weiterer Arbeitsger\u00e4te sowie die Lagerung gr\u00f6\u00dferer Gegenst\u00e4nde.<\/p>\n<p style=\"text-align: right;\"><strong>ab 680 \u20ac<\/strong><\/p>\n<p>[\/vc_column_text][vc_btn title=&#8220;Zur \u00dcbersicht&#8220; style=&#8220;flat&#8220; color=&#8220;primary&#8220; size=&#8220;sm&#8220; align=&#8220;center&#8220; button_block=&#8220;true&#8220; link=&#8220;url:https%3A%2F%2Fwww.chromonorm.de%2Fedelstahlmoebel%2Farbeitsschraenke%2F%3Fp%3D1%26o%3D3%26n%3D12%26f%3D26|||&#8220;][\/vc_column_inner][\/vc_row_inner][\/vc_column][vc_column width=&#8220;1\/3&#8243;][vc_row_inner css=&#8220;.vc_custom_1566480253547{border-radius: 10px !important;}&#8220; el_class=&#8220;meinprodukt&#8220;][vc_column_inner][vc_single_image image=&#8220;1589&#8243; img_size=&#8220;full&#8220;][vc_column_text single_style=&#8220;&#8220;]<\/p>\n<ul>\n<li><strong>Fl\u00fcgelt\u00fcren<\/strong><\/li>\n<\/ul>\n<p>&nbsp;<\/p>\n<p>Unsere Arbeitstische aus Edelstahl sind ausgestattet mit Fl\u00fcgelt\u00fcren und passen sich durch verschiedene Gr\u00f6\u00dfen Ihrer Gastronomiek\u00fcche an.<\/p>\n<p style=\"text-align: right;\"><strong>ab 755 \u20ac<\/strong><\/p>\n<p>[\/vc_column_text][vc_btn title=&#8220;Zur \u00dcbersicht&#8220; style=&#8220;flat&#8220; color=&#8220;primary&#8220; size=&#8220;sm&#8220; align=&#8220;center&#8220; button_block=&#8220;true&#8220; link=&#8220;url:https%3A%2F%2Fwww.chromonorm.de%2Fedelstahlmoebel%2Farbeitsschraenke%2F%3Fp%3D1%26o%3D3%26n%3D12%26f%3D24|||&#8220;][\/vc_column_inner][\/vc_row_inner][\/vc_column][vc_column width=&#8220;1\/3&#8243;][vc_row_inner el_class=&#8220;meinprodukt&#8220;][vc_column_inner][vc_single_image image=&#8220;1749&#8243; img_size=&#8220;full&#8220;][vc_column_text single_style=&#8220;&#8220;]<\/p>\n<ul>\n<li><strong>Schiebet\u00fcren<\/strong><\/li>\n<\/ul>\n<p>&nbsp;<\/p>\n<p>Ausgestattet mit platzsparenden Schiebet\u00fcren, bieten unsere Arbeitstische nicht nur Komfort, sondern auch eine M\u00f6glichkeit f\u00fcr kleine K\u00fcchen.<\/p>\n<p style=\"text-align: right;\"><strong>ab 910 \u20ac<\/strong><\/p>\n<p>[\/vc_column_text][vc_btn title=&#8220;Zur \u00dcbersicht&#8220; style=&#8220;flat&#8220; color=&#8220;primary&#8220; size=&#8220;sm&#8220; align=&#8220;center&#8220; button_block=&#8220;true&#8220; link=&#8220;url:https%3A%2F%2Fwww.chromonorm.de%2Fedelstahlmoebel%2Farbeitsschraenke%2F%3Fp%3D1%26o%3D3%26n%3D12%26f%3D25|||&#8220;][\/vc_column_inner][\/vc_row_inner][\/vc_column][\/vc_row][vc_row full_width=&#8220;stretch_row&#8220;][vc_column width=&#8220;2\/3&#8243;][vc_column_text single_style=&#8220;&#8220; css=&#8220;.vc_custom_1573035710577{padding-right: 40px !important;}&#8220;]<\/p>\n<h2>Gro\u00dfe Vielfalt an Arbeitsschr\u00e4nken<\/h2>\n<p>Bei uns finden Sie die Schr\u00e4nke, die zu Ihrem Betrieb passen. Unser breitgef\u00e4chertes Angebot beinhaltet vielseitige Kombinationsm\u00f6glichkeiten. Sie haben die Wahl zwischen einer <strong>offenen Unterkonstruktion<\/strong>, <strong>Schiebe- oder Fl\u00fcgelt\u00fcren<\/strong>\u00a0sowie eingebauten <strong>Schubladenbl\u00f6cken<\/strong>.<\/p>\n<p>Au\u00dferdem verf\u00fcgen unsere Arbeitsschr\u00e4nke \u00fcber unterschiedliche L\u00e4ngen, Tiefen und variable H\u00f6hen. Somit k\u00f6nnen Sie Ihren <strong>Arbeitsschrank passend zu Ihrem Betrieb<\/strong> ausw\u00e4hlen. Die Arbeitsplatten der Schr\u00e4nke schaffen zudem Platz, um Lebensmittel f\u00fcr die unterschiedlichsten Gerichte vorzubereiten. Diese Arbeiten k\u00f6nnen problemlos ausgef\u00fchrt werden, da sich die <strong>Oberfl\u00e4che aus Edelstahl sehr gut reinigen<\/strong> l\u00e4sst.<\/p>\n<p>Des Weiteren k\u00f6nnen Sie sich bei der Auswahl Ihres Edelstahlarbeitsschrankes entscheiden, ob die Tischplatte allseits <strong>abgekantet oder mit einer Aufkantung<\/strong> angefertigt werden soll. Alternativ k\u00f6nnen Sie Ihren Arbeitsschrank auch <strong>ohne Tischplatte<\/strong> bei uns erhalten.[\/vc_column_text][\/vc_column][vc_column width=&#8220;1\/3&#8243;][vc_empty_space][vc_single_image image=&#8220;320&#8243; img_size=&#8220;full&#8220;][\/vc_column][\/vc_row][vc_row full_width=&#8220;stretch_row&#8220; css=&#8220;.vc_custom_1586688662857{margin-top: 40px !important;margin-bottom: 40px !important;padding-top: 40px !important;padding-bottom: 40px !important;background-color: #f2faff !important;}&#8220;][vc_column width=&#8220;1\/2&#8243;][vc_single_image image=&#8220;113&#8243; img_size=&#8220;large&#8220; css=&#8220;.vc_custom_1566487696729{margin-top: 50px !important;}&#8220;][\/vc_column][vc_column width=&#8220;1\/2&#8243;][vc_column_text single_style=&#8220;&#8220;]<\/p>\n<h2>TOP Qualit\u00e4t von CHROMOnorm<\/h2>\n<p>Von uns k\u00f6nnen Sie immer einen <strong>hohen Qualit\u00e4tsstandard<\/strong> erwarten.\u00a0Uns ist es wichtig, Ihnen nur Artikel zu liefern, die unseren Anspr\u00fcchen gerecht werden. Aus diesem Grund wenden wir modernste Fertigungstechniken\u00a0in Deutschland an.<strong> All unsere Arbeitsschr\u00e4nke bestehen aus Edelstahl<\/strong> und bieten Ihnen somit eine edle Optik und eine l\u00e4ngere Haltbarkeit.<\/p>\n<p>Zu einer guten Qualit\u00e4t geh\u00f6rt in unseren Augen auch ein <strong>guter Service<\/strong>. Deswegen halten wir\u00a0<strong>kurze Lieferzeiten<\/strong>\u00a0ein und liefern direkt aus unserem Lager.[\/vc_column_text][\/vc_column][\/vc_row][vc_row][vc_column][vc_column_text single_style=&#8220;&#8220;]<\/p>\n<h2>Das k\u00f6nnte Sie auch interessieren<\/h2>\n<p>[\/vc_column_text][\/vc_column][\/vc_row][vc_row][vc_column width=&#8220;1\/4&#8243;][vc_row_inner][vc_column_inner][vc_single_image image=&#8220;1595&#8243; img_size=&#8220;full&#8220;][vc_column_text single_style=&#8220;&#8220;]<\/p>\n<h3 style=\"text-align: center;\">Tiefk\u00fchltische<\/h3>\n<p>[\/vc_column_text][vc_btn title=&#8220;Zu den Tiefk\u00fchltischen&#8220; color=&#8220;primary&#8220; size=&#8220;sm&#8220; align=&#8220;center&#8220; link=&#8220;url:https%3A%2F%2Fchromonorm.de%2Fratgeber%2Ftiefkuehltische%2F|title:Arbeitsschr%C3%A4nke||&#8220;][\/vc_column_inner][\/vc_row_inner][\/vc_column][vc_column width=&#8220;1\/4&#8243;][vc_row_inner][vc_column_inner][vc_single_image image=&#8220;1594&#8243; img_size=&#8220;full&#8220;][vc_column_text single_style=&#8220;&#8220;]<\/p>\n<h3 style=\"text-align: center;\">Getr\u00e4nketheken<\/h3>\n<p>[\/vc_column_text][vc_btn title=&#8220;Zu den Getr\u00e4nketheken&#8220; color=&#8220;primary&#8220; size=&#8220;sm&#8220; align=&#8220;center&#8220; link=&#8220;url:https%3A%2F%2Fchromonorm.de%2Fratgeber%2Fgetraenketheken%2F|title:Arbeitsschr%C3%A4nke||&#8220;][\/vc_column_inner][\/vc_row_inner][\/vc_column][vc_column width=&#8220;1\/4&#8243;][vc_row_inner][vc_column_inner][vc_single_image image=&#8220;1596&#8243; img_size=&#8220;full&#8220;][vc_column_text single_style=&#8220;&#8220;]<\/p>\n<h3 style=\"text-align: center;\">Abfallk\u00fchler<\/h3>\n<p>[\/vc_column_text][vc_btn title=&#8220;Zu den Abfallk\u00fchler&#8220; color=&#8220;primary&#8220; size=&#8220;sm&#8220; align=&#8220;center&#8220; link=&#8220;url:https%3A%2F%2Fchromonorm.de%2Fratgeber%2Fabfallkuehler%2F|title:Arbeitsschr%C3%A4nke||&#8220;][\/vc_column_inner][\/vc_row_inner][\/vc_column][vc_column width=&#8220;1\/4&#8243;][vc_row_inner][vc_column_inner][vc_single_image image=&#8220;1593&#8243; img_size=&#8220;full&#8220;][vc_column_text single_style=&#8220;&#8220;]<\/p>\n<h3 style=\"text-align: center;\">Sp\u00fcltische<\/h3>\n<p>[\/vc_column_text][vc_btn title=&#8220;Zu den Sp\u00fcltischen&#8220; color=&#8220;primary&#8220; size=&#8220;sm&#8220; align=&#8220;center&#8220; link=&#8220;url:https%3A%2F%2Fchromonorm.de%2Fratgeber%2Fspueltische%2F|title:Arbeitsschr%C3%A4nke||&#8220;][\/vc_column_inner][\/vc_row_inner][\/vc_column][\/vc_row]<\/p>\n<\/section>","protected":false},"excerpt":{"rendered":"<p>[vc_row full_width=&#8220;stretch_row&#8220; gap=&#8220;35&#8243; css=&#8220;.vc_custom_1566485346340{margin-top: -65px !important;padding-bottom: 20px !important;background-color: #f2faff !important;}&#8220;][vc_column width=&#8220;1\/2&#8243;][vc_empty_space height=&#8220;20px&#8220;][vc_column_text single_style=&#8220;&#8220;] Arbeitsschr\u00e4nke von CHROMOnorm Arbeitsschr\u00e4nke geh\u00f6ren in jede K\u00fcche. Besonders in der Gastronomie wird viel Stauraum ben\u00f6tigt, um zum Beispiel Geschirr und Gl\u00e4ser unterzubringen. Arbeitsschr\u00e4nke geh\u00f6ren somit zum Grundinventar eines gastronomischen Betriebes. Sie sind unverzichtbar und vielseitig einsetzbar. Arbeitsschr\u00e4nke sorgen f\u00fcr Ordnung in<\/p>\n","protected":false},"author":6,"featured_media":0,"parent":0,"menu_order":0,"comment_status":"closed","ping_status":"closed","template":"page-blocks.php","meta":{"footnotes":""},"featured_image_urls":{"full":"","thumbnail":"","medium":"","medium_large":"","large":"","1536x1536":"","2048x2048":"","post-thumbnail":"","contentberg-main":"","contentberg-main-full":"","contentberg-slider-stylish":"","contentberg-slider-carousel":"","contentberg-slider-grid-b":"","contentberg-slider-grid-b-sm":"","contentberg-slider-bold-sm":"","contentberg-grid":"","contentberg-list":"","contentberg-list-b":"","contentberg-thumb":"","contentberg-thumb-alt":""},"post_excerpt_stackable":"<p>[vc_row full_width=&#8220;stretch_row&#8220; gap=&#8220;35&#8243; css=&#8220;.vc_custom_1566485346340{margin-top: -65px !important;padding-bottom: 20px !important;background-color: #f2faff !important;}&#8220;][vc_column width=&#8220;1\/2&#8243;][vc_empty_space height=&#8220;20px&#8220;][vc_column_text single_style=&#8220;&#8220;] Arbeitsschr\u00e4nke von CHROMOnorm Arbeitsschr\u00e4nke geh\u00f6ren in jede K\u00fcche. Besonders in der Gastronomie wird viel Stauraum ben\u00f6tigt, um zum Beispiel Geschirr und Gl\u00e4ser unterzubringen. Arbeitsschr\u00e4nke geh\u00f6ren somit zum Grundinventar eines gastronomischen Betriebes. Sie sind unverzichtbar und vielseitig einsetzbar. Arbeitsschr\u00e4nke sorgen f\u00fcr Ordnung in der Gastronomiek\u00fcche. Erh\u00e4ltlich sind sie in vielen unterschiedlichen Variationen. So k\u00f6nnen Arbeitsschr\u00e4nke offen gestaltet sein oder \u00fcber Schiebe- und Fl\u00fcgelt\u00fcren verf\u00fcgen. Schubladenbl\u00f6cke dienen ebenfalls dazu, dass Sie Ihre Arbeitsmaterialien geordnet unterbringen k\u00f6nnen. Unsere Vorteile im \u00dcberblick Wir bieten Ihnen eine gro\u00dfe Auswahl an Arbeitsschr\u00e4nken aus&hellip;<\/p>\n","category_list":"","author_info":{"name":"Dawid Kunda","url":"https:\/\/www.chromonorm.de\/ratgeber\/author\/dawid-kunda\/"},"comments_num":"0 comments","featured_image_urls_v2":{"full":"","thumbnail":"","medium":"","medium_large":"","large":"","1536x1536":"","2048x2048":"","post-thumbnail":"","contentberg-main":"","contentberg-main-full":"","contentberg-slider-stylish":"","contentberg-slider-carousel":"","contentberg-slider-grid-b":"","contentberg-slider-grid-b-sm":"","contentberg-slider-bold-sm":"","contentberg-grid":"","contentberg-list":"","contentberg-list-b":"","contentberg-thumb":"","contentberg-thumb-alt":""},"post_excerpt_stackable_v2":"<p>[vc_row full_width=&#8220;stretch_row&#8220; gap=&#8220;35&#8243; css=&#8220;.vc_custom_1566485346340{margin-top: -65px !important;padding-bottom: 20px !important;background-color: #f2faff !important;}&#8220;][vc_column width=&#8220;1\/2&#8243;][vc_empty_space height=&#8220;20px&#8220;][vc_column_text single_style=&#8220;&#8220;] Arbeitsschr\u00e4nke von CHROMOnorm Arbeitsschr\u00e4nke geh\u00f6ren in jede K\u00fcche. Besonders in der Gastronomie wird viel Stauraum ben\u00f6tigt, um zum Beispiel Geschirr und Gl\u00e4ser unterzubringen. Arbeitsschr\u00e4nke geh\u00f6ren somit zum Grundinventar eines gastronomischen Betriebes. Sie sind unverzichtbar und vielseitig einsetzbar. Arbeitsschr\u00e4nke sorgen f\u00fcr Ordnung in der Gastronomiek\u00fcche. Erh\u00e4ltlich sind sie in vielen unterschiedlichen Variationen. So k\u00f6nnen Arbeitsschr\u00e4nke offen gestaltet sein oder \u00fcber Schiebe- und Fl\u00fcgelt\u00fcren verf\u00fcgen. Schubladenbl\u00f6cke dienen ebenfalls dazu, dass Sie Ihre Arbeitsmaterialien geordnet unterbringen k\u00f6nnen. Unsere Vorteile im \u00dcberblick Wir bieten Ihnen eine gro\u00dfe Auswahl an Arbeitsschr\u00e4nken aus&hellip;<\/p>\n","category_list_v2":"","author_info_v2":{"name":"Dawid Kunda","url":"https:\/\/www.chromonorm.de\/ratgeber\/author\/dawid-kunda\/"},"comments_num_v2":"0 comments","yoast_head":"<!-- This site is optimized with the Yoast SEO plugin v22.6 - https:\/\/yoast.com\/wordpress\/plugins\/seo\/ -->\n<title>Arbeitsschr\u00e4nke zu TOP Preisen online kaufen | Chromonorm<\/title>\n<meta name=\"description\" content=\"Arbeitsschr\u00e4nke im Online Shop von CHROMOnorm \u2713 f\u00fcr jede Gastronomie geeignet \u2713 Riesenauswahl in Top Qualit\u00e4t\" \/>\n<meta name=\"robots\" content=\"index, nofollow, max-snippet:-1, max-image-preview:large, max-video-preview:-1\" \/>\n<link rel=\"canonical\" href=\"https:\/\/www.chromonorm.de\/ratgeber\/arbeitsschraenke\/\" \/>\n<meta property=\"og:locale\" content=\"de_DE\" \/>\n<meta property=\"og:type\" content=\"article\" \/>\n<meta property=\"og:title\" content=\"Arbeitsschr\u00e4nke zu TOP Preisen online kaufen | Chromonorm\" \/>\n<meta property=\"og:description\" content=\"Arbeitsschr\u00e4nke im Online Shop von CHROMOnorm \u2713 f\u00fcr jede Gastronomie geeignet \u2713 Riesenauswahl in Top Qualit\u00e4t\" \/>\n<meta property=\"og:url\" content=\"https:\/\/www.chromonorm.de\/ratgeber\/arbeitsschraenke\/\" \/>\n<meta property=\"og:site_name\" content=\"Chromonorm Ratgeber\" \/>\n<meta property=\"article:modified_time\" content=\"2024-08-22T12:29:05+00:00\" \/>\n<meta name=\"twitter:card\" content=\"summary_large_image\" \/>\n<meta name=\"twitter:label1\" content=\"Gesch\u00e4tzte Lesezeit\" \/>\n\t<meta name=\"twitter:data1\" content=\"4\u00a0Minuten\" \/>\n<script type=\"application\/ld+json\" class=\"yoast-schema-graph\">{\"@context\":\"https:\/\/schema.org\",\"@graph\":[{\"@type\":\"WebPage\",\"@id\":\"https:\/\/www.chromonorm.de\/ratgeber\/arbeitsschraenke\/\",\"url\":\"https:\/\/www.chromonorm.de\/ratgeber\/arbeitsschraenke\/\",\"name\":\"Arbeitsschr\u00e4nke zu TOP Preisen online kaufen | Chromonorm\",\"isPartOf\":{\"@id\":\"https:\/\/www.chromonorm.de\/ratgeber\/#website\"},\"datePublished\":\"2019-10-30T08:38:11+00:00\",\"dateModified\":\"2024-08-22T12:29:05+00:00\",\"description\":\"Arbeitsschr\u00e4nke im Online Shop von CHROMOnorm \u2713 f\u00fcr jede Gastronomie geeignet \u2713 Riesenauswahl in Top Qualit\u00e4t\",\"breadcrumb\":{\"@id\":\"https:\/\/www.chromonorm.de\/ratgeber\/arbeitsschraenke\/#breadcrumb\"},\"inLanguage\":\"de\",\"potentialAction\":[{\"@type\":\"ReadAction\",\"target\":[\"https:\/\/www.chromonorm.de\/ratgeber\/arbeitsschraenke\/\"]}]},{\"@type\":\"BreadcrumbList\",\"@id\":\"https:\/\/www.chromonorm.de\/ratgeber\/arbeitsschraenke\/#breadcrumb\",\"itemListElement\":[{\"@type\":\"ListItem\",\"position\":1,\"name\":\"Startseite\",\"item\":\"https:\/\/www.chromonorm.de\/ratgeber\/\"},{\"@type\":\"ListItem\",\"position\":2,\"name\":\"Arbeitsschr\u00e4nke\"}]},{\"@type\":\"WebSite\",\"@id\":\"https:\/\/www.chromonorm.de\/ratgeber\/#website\",\"url\":\"https:\/\/www.chromonorm.de\/ratgeber\/\",\"name\":\"Chromonorm Ratgeber\",\"description\":\"Ratgeber f\u00fcr Gastro K\u00fcchen\",\"publisher\":{\"@id\":\"https:\/\/www.chromonorm.de\/ratgeber\/#organization\"},\"potentialAction\":[{\"@type\":\"SearchAction\",\"target\":{\"@type\":\"EntryPoint\",\"urlTemplate\":\"https:\/\/www.chromonorm.de\/ratgeber\/?s={search_term_string}\"},\"query-input\":\"required name=search_term_string\"}],\"inLanguage\":\"de\"},{\"@type\":\"Organization\",\"@id\":\"https:\/\/www.chromonorm.de\/ratgeber\/#organization\",\"name\":\"Chromonorm\",\"url\":\"https:\/\/www.chromonorm.de\/ratgeber\/\",\"logo\":{\"@type\":\"ImageObject\",\"inLanguage\":\"de\",\"@id\":\"https:\/\/www.chromonorm.de\/ratgeber\/#\/schema\/logo\/image\/\",\"url\":\"https:\/\/www.chromonorm.de\/ratgeber\/wp-content\/uploads\/2019\/07\/Chromonorm-Logo.png\",\"contentUrl\":\"https:\/\/www.chromonorm.de\/ratgeber\/wp-content\/uploads\/2019\/07\/Chromonorm-Logo.png\",\"width\":350,\"height\":51,\"caption\":\"Chromonorm\"},\"image\":{\"@id\":\"https:\/\/www.chromonorm.de\/ratgeber\/#\/schema\/logo\/image\/\"}}]}<\/script>\n<!-- \/ Yoast SEO plugin. -->","yoast_head_json":{"title":"Arbeitsschr\u00e4nke zu TOP Preisen online kaufen | Chromonorm","description":"Arbeitsschr\u00e4nke im Online Shop von CHROMOnorm \u2713 f\u00fcr jede Gastronomie geeignet \u2713 Riesenauswahl in Top Qualit\u00e4t","robots":{"index":"index","follow":"nofollow","max-snippet":"max-snippet:-1","max-image-preview":"max-image-preview:large","max-video-preview":"max-video-preview:-1"},"canonical":"https:\/\/www.chromonorm.de\/ratgeber\/arbeitsschraenke\/","og_locale":"de_DE","og_type":"article","og_title":"Arbeitsschr\u00e4nke zu TOP Preisen online kaufen | Chromonorm","og_description":"Arbeitsschr\u00e4nke im Online Shop von CHROMOnorm \u2713 f\u00fcr jede Gastronomie geeignet \u2713 Riesenauswahl in Top Qualit\u00e4t","og_url":"https:\/\/www.chromonorm.de\/ratgeber\/arbeitsschraenke\/","og_site_name":"Chromonorm Ratgeber","article_modified_time":"2024-08-22T12:29:05+00:00","twitter_card":"summary_large_image","twitter_misc":{"Gesch\u00e4tzte Lesezeit":"4\u00a0Minuten"},"schema":{"@context":"https:\/\/schema.org","@graph":[{"@type":"WebPage","@id":"https:\/\/www.chromonorm.de\/ratgeber\/arbeitsschraenke\/","url":"https:\/\/www.chromonorm.de\/ratgeber\/arbeitsschraenke\/","name":"Arbeitsschr\u00e4nke zu TOP Preisen online kaufen | Chromonorm","isPartOf":{"@id":"https:\/\/www.chromonorm.de\/ratgeber\/#website"},"datePublished":"2019-10-30T08:38:11+00:00","dateModified":"2024-08-22T12:29:05+00:00","description":"Arbeitsschr\u00e4nke im Online Shop von CHROMOnorm \u2713 f\u00fcr jede Gastronomie geeignet \u2713 Riesenauswahl in Top Qualit\u00e4t","breadcrumb":{"@id":"https:\/\/www.chromonorm.de\/ratgeber\/arbeitsschraenke\/#breadcrumb"},"inLanguage":"de","potentialAction":[{"@type":"ReadAction","target":["https:\/\/www.chromonorm.de\/ratgeber\/arbeitsschraenke\/"]}]},{"@type":"BreadcrumbList","@id":"https:\/\/www.chromonorm.de\/ratgeber\/arbeitsschraenke\/#breadcrumb","itemListElement":[{"@type":"ListItem","position":1,"name":"Startseite","item":"https:\/\/www.chromonorm.de\/ratgeber\/"},{"@type":"ListItem","position":2,"name":"Arbeitsschr\u00e4nke"}]},{"@type":"WebSite","@id":"https:\/\/www.chromonorm.de\/ratgeber\/#website","url":"https:\/\/www.chromonorm.de\/ratgeber\/","name":"Chromonorm Ratgeber","description":"Ratgeber f\u00fcr Gastro K\u00fcchen","publisher":{"@id":"https:\/\/www.chromonorm.de\/ratgeber\/#organization"},"potentialAction":[{"@type":"SearchAction","target":{"@type":"EntryPoint","urlTemplate":"https:\/\/www.chromonorm.de\/ratgeber\/?s={search_term_string}"},"query-input":"required name=search_term_string"}],"inLanguage":"de"},{"@type":"Organization","@id":"https:\/\/www.chromonorm.de\/ratgeber\/#organization","name":"Chromonorm","url":"https:\/\/www.chromonorm.de\/ratgeber\/","logo":{"@type":"ImageObject","inLanguage":"de","@id":"https:\/\/www.chromonorm.de\/ratgeber\/#\/schema\/logo\/image\/","url":"https:\/\/www.chromonorm.de\/ratgeber\/wp-content\/uploads\/2019\/07\/Chromonorm-Logo.png","contentUrl":"https:\/\/www.chromonorm.de\/ratgeber\/wp-content\/uploads\/2019\/07\/Chromonorm-Logo.png","width":350,"height":51,"caption":"Chromonorm"},"image":{"@id":"https:\/\/www.chromonorm.de\/ratgeber\/#\/schema\/logo\/image\/"}}]}},"_links":{"self":[{"href":"https:\/\/www.chromonorm.de\/ratgeber\/wp-json\/wp\/v2\/pages\/468"}],"collection":[{"href":"https:\/\/www.chromonorm.de\/ratgeber\/wp-json\/wp\/v2\/pages"}],"about":[{"href":"https:\/\/www.chromonorm.de\/ratgeber\/wp-json\/wp\/v2\/types\/page"}],"author":[{"embeddable":true,"href":"https:\/\/www.chromonorm.de\/ratgeber\/wp-json\/wp\/v2\/users\/6"}],"replies":[{"embeddable":true,"href":"https:\/\/www.chromonorm.de\/ratgeber\/wp-json\/wp\/v2\/comments?post=468"}],"version-history":[{"count":35,"href":"https:\/\/www.chromonorm.de\/ratgeber\/wp-json\/wp\/v2\/pages\/468\/revisions"}],"predecessor-version":[{"id":1750,"href":"https:\/\/www.chromonorm.de\/ratgeber\/wp-json\/wp\/v2\/pages\/468\/revisions\/1750"}],"wp:attachment":[{"href":"https:\/\/www.chromonorm.de\/ratgeber\/wp-json\/wp\/v2\/media?parent=468"}],"curies":[{"name":"wp","href":"https:\/\/api.w.org\/{rel}","templated":true}]}}