{"id":472,"date":"2020-01-29T14:27:19","date_gmt":"2020-01-29T13:27:19","guid":{"rendered":"https:\/\/chromonorm.de\/ratgeber\/?page_id=472"},"modified":"2025-08-08T07:31:41","modified_gmt":"2025-08-08T05:31:41","slug":"edelstahl-handwaschbecken","status":"publish","type":"page","link":"https:\/\/www.chromonorm.de\/ratgeber\/edelstahl-handwaschbecken\/","title":{"rendered":"Handwasch- &#038; Ausgussbecken"},"content":{"rendered":"<section class=\"wpb-content-wrapper\"><p>[vc_row full_width=&#8220;stretch_row&#8220; gap=&#8220;35&#8243; css=&#8220;.vc_custom_1566485346340{margin-top: -65px !important;padding-bottom: 20px !important;background-color: #f2faff !important;}&#8220;][vc_column width=&#8220;1\/2&#8243;][vc_empty_space height=&#8220;20px&#8220;][vc_column_text single_style=&#8220;&#8220;]<\/p>\n<h1>Edelstahl Handwaschbecken von CHROMOnorm<\/h1>\n<p><span style=\"font-weight: 400;\"><strong>Die Hygiene steht in der Gastronomie an oberster Stelle<\/strong>. Zu den allt\u00e4glichen Hygienevorschriften geh\u00f6rt selbstverst\u00e4ndlich auch das <strong>H\u00e4ndewaschen<\/strong>. Vor allem bei der Arbeit mit verschiedensten Lebensmitteln, sprich bei der Zubereitung einzelner Gerichte in der Gastronomie, ist die Sauberkeit von hoher Bedeutung. <\/span><\/p>\n<p><span style=\"font-weight: 400;\">Aus diesem Grund ist ein Handwaschbecken ein absolutes Must-have in Ihrer K\u00fcche. Auch die <strong>Kombination mit einem Ausgussbecken<\/strong> f\u00fcr Schmutzwasser ist m\u00f6glich und schafft einen zus\u00e4tzlichen Komfort f\u00fcr Ihre Gastronomie-K\u00fcche.<\/span><\/p>\n<p><strong>Unsere Vorteile im \u00dcberblick<\/strong><\/p>\n<ul>\n<li style=\"font-weight: 400;\"><span style=\"font-weight: 400;\">Wir bieten eine Kombination aus Handwaschbecken und Ausgussbecken.<\/span><\/li>\n<li style=\"font-weight: 400;\"><span style=\"font-weight: 400;\">Sie k\u00f6nnen zwischen der Standardausf\u00fchrung und der Wandausf\u00fchrung w\u00e4hlen.<\/span><\/li>\n<li style=\"font-weight: 400;\"><span style=\"font-weight: 400;\">Die Arbeitsh\u00f6he ist variabel einstellbar.<\/span><\/li>\n<li style=\"font-weight: 400;\"><span style=\"font-weight: 400;\">Zus\u00e4tzliche Fu\u00dferh\u00f6hungen von 50 mm k\u00f6nnen montiert werden und erleichtern den Arbeitsalltag.<\/span><\/li>\n<li style=\"font-weight: 400;\"><span style=\"font-weight: 400;\">All unsere Becken sind aus hochwertigem Edelstahl.<\/span><\/li>\n<li style=\"font-weight: 400;\"><span style=\"font-weight: 400;\">Unsere Handwaschbecken sind in verschiedenen Ma\u00dfen erh\u00e4ltlich.<\/span><\/li>\n<li style=\"font-weight: 400;\"><span style=\"font-weight: 400;\">Wir stehen f\u00fcr h\u00f6chste Qualit\u00e4t, individuelle Beratung und hochwertige Produkte.<\/span><\/li>\n<li style=\"font-weight: 400;\"><span style=\"font-weight: 400;\">Unsere Lieferzeiten sind kurz und zumeist kostenfrei.<\/span><\/li>\n<\/ul>\n<p>[\/vc_column_text][vc_empty_space height=&#8220;20px&#8220;][\/vc_column][vc_column width=&#8220;1\/2&#8243;][vc_empty_space height=&#8220;100px&#8220;][vc_single_image image=&#8220;1817&#8243; img_size=&#8220;full&#8220; alignment=&#8220;right&#8220; css=&#8220;.vc_custom_1754630960910{padding-left: 0px !important;}&#8220;][vc_btn title=&#8220;Alle Handwaschbecken ansehen&#8220; style=&#8220;flat&#8220; color=&#8220;primary&#8220; align=&#8220;center&#8220; link=&#8220;url:https%3A%2F%2Fwww.chromonorm.de%2Fedelstahlmoebel%2Fhandwasch-ausgussbecken%2F|||&#8220;][\/vc_column][\/vc_row][vc_row css=&#8220;.vc_custom_1566485560490{margin-top: 40px !important;}&#8220;][vc_column][vc_column_text single_style=&#8220;&#8220;]<\/p>\n<h2>Abfallk\u00fchler in vielen Variationen<\/h2>\n<p>[\/vc_column_text][\/vc_column][\/vc_row][vc_row full_width=&#8220;stretch_row&#8220; gap=&#8220;20&#8243; css=&#8220;.vc_custom_1566487132571{margin-top: 0px !important;margin-bottom: 100px !important;}&#8220; el_class=&#8220;kategorie&#8220;][vc_column width=&#8220;1\/4&#8243;][vc_row_inner css=&#8220;.vc_custom_1566480253547{border-radius: 10px !important;}&#8220; el_class=&#8220;meinprodukt&#8220;][vc_column_inner][vc_single_image image=&#8220;1817&#8243; img_size=&#8220;full&#8220;][vc_column_text single_style=&#8220;&#8220;]<\/p>\n<ul>\n<li><strong>Tiefe: 600mm<\/strong><\/li>\n<li><strong>L\u00e4nge: 500mm<\/strong><\/li>\n<li><strong>H\u00f6he: 850mm<\/strong><\/li>\n<li><strong>Standausf\u00fchrung<\/strong><\/li>\n<\/ul>\n<p>&nbsp;<\/p>\n<p style=\"text-align: right;\"><strong>ab 790 \u20ac<\/strong><\/p>\n<p>[\/vc_column_text][vc_btn title=&#8220;Zur \u00dcbersicht&#8220; style=&#8220;flat&#8220; color=&#8220;primary&#8220; size=&#8220;sm&#8220; align=&#8220;center&#8220; button_block=&#8220;true&#8220; link=&#8220;url:https%3A%2F%2Fwww.chromonorm.de%2Fedelstahlmoebel%2Fhandwasch-ausgussbecken%2Fausguss-handwasch-kombination-tiefe-600mm-laenge-500mm-hoehe-850mm-standausfuehrung|||&#8220;][\/vc_column_inner][\/vc_row_inner][\/vc_column][vc_column width=&#8220;1\/4&#8243;][vc_row_inner css=&#8220;.vc_custom_1566480253547{border-radius: 10px !important;}&#8220; el_class=&#8220;meinprodukt&#8220;][vc_column_inner][vc_single_image image=&#8220;1817&#8243; img_size=&#8220;full&#8220;][vc_column_text single_style=&#8220;&#8220;]<\/p>\n<ul>\n<li><strong>Tiefe: 700mm<\/strong><\/li>\n<li><strong>L\u00e4nge: 500mm<\/strong><\/li>\n<li><strong>H\u00f6he: 850mm<\/strong><\/li>\n<li><strong>Standausf\u00fchrung<\/strong><\/li>\n<\/ul>\n<p>&nbsp;<\/p>\n<p style=\"text-align: right;\"><strong>ab 790 \u20ac<\/strong><\/p>\n<p>[\/vc_column_text][vc_btn title=&#8220;Zur \u00dcbersicht&#8220; style=&#8220;flat&#8220; color=&#8220;primary&#8220; size=&#8220;sm&#8220; align=&#8220;center&#8220; button_block=&#8220;true&#8220; link=&#8220;url:https%3A%2F%2Fwww.chromonorm.de%2Fedelstahlmoebel%2Fhandwasch-ausgussbecken%2Fausguss-handwasch-kombination-tiefe-700mm-laenge-500mm-hoehe-850mm-standausfuehrung|||&#8220;][\/vc_column_inner][\/vc_row_inner][\/vc_column][\/vc_row][vc_row full_width=&#8220;stretch_row&#8220; css=&#8220;.vc_custom_1566485353024{padding-top: 40px !important;padding-bottom: 40px !important;background-color: #f2faff !important;}&#8220;][vc_column width=&#8220;2\/3&#8243;][vc_column_text single_style=&#8220;&#8220; css=&#8220;.vc_custom_1569914280103{padding-right: 40px !important;}&#8220;]<\/p>\n<h2>Handwasch-Ausguss-Kombinationen von CHROMOnorm<\/h2>\n<p><span style=\"font-weight: 400;\"><strong>Wir von Chromonorm bieten Ihnen den bestm\u00f6glichen Komfort<\/strong> f\u00fcr Ihren individuellen Betrieb. Bei uns finden Sie das passende Handwaschbecken, welches mit einem Ausgussbecken kombiniert ist. <\/span><\/p>\n<p><span style=\"font-weight: 400;\">Sie haben die M\u00f6glichkeit, zwischen zwei verschiedenen Ausf\u00fchrungen zu w\u00e4hlen: Die Kombination aus Handwaschbecken und Ausgussbecken ist zum einen freistehend als <strong>Standardausf\u00fchrung<\/strong> und zum anderen in einer h\u00e4ngenden Variante als <strong>Wandausf\u00fchrung<\/strong> erh\u00e4ltlich. W\u00e4hlen Sie das Produkt, welches am besten zu Ihrer Einrichtung passt.<\/span><\/p>\n<p><span style=\"font-weight: 400;\">Neben den zwei verschiedenen Ausf\u00fchrungen unterscheiden sich die Produkte zudem in ihren Abmessungen. Die <strong>Tiefe der Becken kann 600 mm oder 700 mm betragen<\/strong>. Die H\u00f6he variiert ebenfalls je nach Ausf\u00fchrung. Bei der Standardausf\u00fchrung liegt die <strong>H\u00f6he zwischen 850 mm und 900 mm<\/strong>. Mit einem <strong>zus\u00e4tzlichen Zubeh\u00f6<\/strong>r, kann diese nochmals um 50 mm erh\u00f6ht werden.<\/span>[\/vc_column_text][\/vc_column][vc_column width=&#8220;1\/3&#8243;][vc_empty_space][vc_single_image image=&#8220;320&#8243; img_size=&#8220;full&#8220;][\/vc_column][\/vc_row][vc_row css=&#8220;.vc_custom_1566487681620{margin-top: 80px !important;}&#8220;][vc_column width=&#8220;1\/2&#8243;][vc_single_image image=&#8220;113&#8243; img_size=&#8220;large&#8220; css=&#8220;.vc_custom_1566487696729{margin-top: 50px !important;}&#8220;][\/vc_column][vc_column width=&#8220;1\/2&#8243;][vc_column_text single_style=&#8220;&#8220;]<\/p>\n<h2>Unser Qualit\u00e4tsversprechen<\/h2>\n<p><span style=\"font-weight: 400;\">All unsere Produkte sind aus <strong>hochwertigem Edelstahl<\/strong> angefertigt. Das neutrale Material f\u00fcgt sich optisch optimal ein und ist au\u00dferdem leicht zu reinigen. Die <strong>variabel einstellbare Arbeitsh\u00f6he<\/strong> erleichtert dabei Ihren Arbeitsalltag immens und beugt R\u00fcckenbeschwerden vor.\u00a0<\/span><\/p>\n<p><strong>Qualit\u00e4t ist uns bei unseren Produkten am wichtigsten.<\/strong> Damit Sie genau das Handwasch- und Ausgussbecken finden, welches am besten zu Ihnen und Ihrer Gastronomie passt, bieten wir zus\u00e4tzlich eine individuelle Beratung an.<\/p>\n<p>Erwarten Sie von uns eine <strong>kurze und in der Regel kostenfreie Lieferzeit<\/strong>.[\/vc_column_text][\/vc_column][\/vc_row][vc_row][vc_column][vc_column_text single_style=&#8220;&#8220;]<\/p>\n<h2>Das k\u00f6nnte Sie auch interessieren<\/h2>\n<p>[\/vc_column_text][\/vc_column][\/vc_row][vc_row][vc_column width=&#8220;1\/4&#8243;][vc_row_inner][vc_column_inner][vc_single_image image=&#8220;1595&#8243; img_size=&#8220;full&#8220;][vc_column_text single_style=&#8220;&#8220;]<\/p>\n<h3 style=\"text-align: center;\">Tiefk\u00fchltische<\/h3>\n<p>[\/vc_column_text][vc_btn title=&#8220;Zu den Tiefk\u00fchltischen&#8220; color=&#8220;primary&#8220; size=&#8220;sm&#8220; align=&#8220;center&#8220; link=&#8220;url:https%3A%2F%2Fchromonorm.de%2Fratgeber%2Ftiefkuehltische%2F|title:Arbeitsschr%C3%A4nke||&#8220;][\/vc_column_inner][\/vc_row_inner][\/vc_column][vc_column width=&#8220;1\/4&#8243;][vc_row_inner][vc_column_inner][vc_single_image image=&#8220;1594&#8243; img_size=&#8220;full&#8220;][vc_column_text single_style=&#8220;&#8220;]<\/p>\n<h3 style=\"text-align: center;\">Getr\u00e4nketheken<\/h3>\n<p>[\/vc_column_text][vc_btn title=&#8220;Zu den Getr\u00e4nketheken&#8220; color=&#8220;primary&#8220; size=&#8220;sm&#8220; align=&#8220;center&#8220; link=&#8220;url:https%3A%2F%2Fchromonorm.de%2Fratgeber%2Fgetraenketheken%2F|title:Arbeitsschr%C3%A4nke||&#8220;][\/vc_column_inner][\/vc_row_inner][\/vc_column][vc_column width=&#8220;1\/4&#8243;][vc_row_inner][vc_column_inner][vc_single_image image=&#8220;1596&#8243; img_size=&#8220;full&#8220;][vc_column_text single_style=&#8220;&#8220;]<\/p>\n<h3 style=\"text-align: center;\">Abfallk\u00fchler<\/h3>\n<p>[\/vc_column_text][vc_btn title=&#8220;Zu den Abfallk\u00fchler&#8220; color=&#8220;primary&#8220; size=&#8220;sm&#8220; align=&#8220;center&#8220; link=&#8220;url:https%3A%2F%2Fchromonorm.de%2Fratgeber%2Fabfallkuehler%2F|title:Arbeitsschr%C3%A4nke||&#8220;][\/vc_column_inner][\/vc_row_inner][\/vc_column][vc_column width=&#8220;1\/4&#8243;][vc_row_inner][vc_column_inner][vc_single_image image=&#8220;1593&#8243; img_size=&#8220;full&#8220;][vc_column_text single_style=&#8220;&#8220;]<\/p>\n<h3 style=\"text-align: center;\">Sp\u00fcltische<\/h3>\n<p>[\/vc_column_text][vc_btn title=&#8220;Zu den Sp\u00fcltischen&#8220; color=&#8220;primary&#8220; size=&#8220;sm&#8220; align=&#8220;center&#8220; link=&#8220;url:https%3A%2F%2Fchromonorm.de%2Fratgeber%2Fspueltische%2F|title:Arbeitsschr%C3%A4nke||&#8220;][\/vc_column_inner][\/vc_row_inner][\/vc_column][\/vc_row]<\/p>\n<\/section>","protected":false},"excerpt":{"rendered":"<p>[vc_row full_width=&#8220;stretch_row&#8220; gap=&#8220;35&#8243; css=&#8220;.vc_custom_1566485346340{margin-top: -65px !important;padding-bottom: 20px !important;background-color: #f2faff !important;}&#8220;][vc_column width=&#8220;1\/2&#8243;][vc_empty_space height=&#8220;20px&#8220;][vc_column_text single_style=&#8220;&#8220;] Edelstahl Handwaschbecken von CHROMOnorm Die Hygiene steht in der Gastronomie an oberster Stelle. Zu den allt\u00e4glichen Hygienevorschriften geh\u00f6rt selbstverst\u00e4ndlich auch das H\u00e4ndewaschen. Vor allem bei der Arbeit mit verschiedensten Lebensmitteln, sprich bei der Zubereitung einzelner Gerichte in der Gastronomie, ist die Sauberkeit<\/p>\n","protected":false},"author":6,"featured_media":0,"parent":0,"menu_order":0,"comment_status":"closed","ping_status":"closed","template":"page-blocks.php","meta":{"footnotes":""},"featured_image_urls":{"full":"","thumbnail":"","medium":"","medium_large":"","large":"","1536x1536":"","2048x2048":"","post-thumbnail":"","contentberg-main":"","contentberg-main-full":"","contentberg-slider-stylish":"","contentberg-slider-carousel":"","contentberg-slider-grid-b":"","contentberg-slider-grid-b-sm":"","contentberg-slider-bold-sm":"","contentberg-grid":"","contentberg-list":"","contentberg-list-b":"","contentberg-thumb":"","contentberg-thumb-alt":""},"post_excerpt_stackable":"<p>[vc_row full_width=&#8220;stretch_row&#8220; gap=&#8220;35&#8243; css=&#8220;.vc_custom_1566485346340{margin-top: -65px !important;padding-bottom: 20px !important;background-color: #f2faff !important;}&#8220;][vc_column width=&#8220;1\/2&#8243;][vc_empty_space height=&#8220;20px&#8220;][vc_column_text single_style=&#8220;&#8220;] Edelstahl Handwaschbecken von CHROMOnorm Die Hygiene steht in der Gastronomie an oberster Stelle. Zu den allt\u00e4glichen Hygienevorschriften geh\u00f6rt selbstverst\u00e4ndlich auch das H\u00e4ndewaschen. Vor allem bei der Arbeit mit verschiedensten Lebensmitteln, sprich bei der Zubereitung einzelner Gerichte in der Gastronomie, ist die Sauberkeit von hoher Bedeutung. Aus diesem Grund ist ein Handwaschbecken ein absolutes Must-have in Ihrer K\u00fcche. Auch die Kombination mit einem Ausgussbecken f\u00fcr Schmutzwasser ist m\u00f6glich und schafft einen zus\u00e4tzlichen Komfort f\u00fcr Ihre Gastronomie-K\u00fcche. Unsere Vorteile im \u00dcberblick Wir bieten eine Kombination aus Handwaschbecken und Ausgussbecken.&hellip;<\/p>\n","category_list":"","author_info":{"name":"Dawid Kunda","url":"https:\/\/www.chromonorm.de\/ratgeber\/author\/dawid-kunda\/"},"comments_num":"0 comments","featured_image_urls_v2":{"full":"","thumbnail":"","medium":"","medium_large":"","large":"","1536x1536":"","2048x2048":"","post-thumbnail":"","contentberg-main":"","contentberg-main-full":"","contentberg-slider-stylish":"","contentberg-slider-carousel":"","contentberg-slider-grid-b":"","contentberg-slider-grid-b-sm":"","contentberg-slider-bold-sm":"","contentberg-grid":"","contentberg-list":"","contentberg-list-b":"","contentberg-thumb":"","contentberg-thumb-alt":""},"post_excerpt_stackable_v2":"<p>[vc_row full_width=&#8220;stretch_row&#8220; gap=&#8220;35&#8243; css=&#8220;.vc_custom_1566485346340{margin-top: -65px !important;padding-bottom: 20px !important;background-color: #f2faff !important;}&#8220;][vc_column width=&#8220;1\/2&#8243;][vc_empty_space height=&#8220;20px&#8220;][vc_column_text single_style=&#8220;&#8220;] Edelstahl Handwaschbecken von CHROMOnorm Die Hygiene steht in der Gastronomie an oberster Stelle. Zu den allt\u00e4glichen Hygienevorschriften geh\u00f6rt selbstverst\u00e4ndlich auch das H\u00e4ndewaschen. Vor allem bei der Arbeit mit verschiedensten Lebensmitteln, sprich bei der Zubereitung einzelner Gerichte in der Gastronomie, ist die Sauberkeit von hoher Bedeutung. Aus diesem Grund ist ein Handwaschbecken ein absolutes Must-have in Ihrer K\u00fcche. Auch die Kombination mit einem Ausgussbecken f\u00fcr Schmutzwasser ist m\u00f6glich und schafft einen zus\u00e4tzlichen Komfort f\u00fcr Ihre Gastronomie-K\u00fcche. Unsere Vorteile im \u00dcberblick Wir bieten eine Kombination aus Handwaschbecken und Ausgussbecken.&hellip;<\/p>\n","category_list_v2":"","author_info_v2":{"name":"Dawid Kunda","url":"https:\/\/www.chromonorm.de\/ratgeber\/author\/dawid-kunda\/"},"comments_num_v2":"0 comments","yoast_head":"<!-- This site is optimized with the Yoast SEO plugin v22.6 - https:\/\/yoast.com\/wordpress\/plugins\/seo\/ -->\n<title>Edelstahl Handwaschbecken zu TOP Preisen online kaufen<\/title>\n<meta name=\"description\" content=\"Handwaschbecken aus Edelstahl im Online Shop von CHROMOnorm \u2713 f\u00fcr jeden Gastronomie geeignet \u2713 Riesenauswahl in Top Qualit\u00e4t\" \/>\n<meta name=\"robots\" content=\"index, nofollow, max-snippet:-1, max-image-preview:large, max-video-preview:-1\" \/>\n<link rel=\"canonical\" href=\"https:\/\/www.chromonorm.de\/ratgeber\/edelstahl-handwaschbecken\/\" \/>\n<meta property=\"og:locale\" content=\"de_DE\" \/>\n<meta property=\"og:type\" content=\"article\" \/>\n<meta property=\"og:title\" content=\"Edelstahl Handwaschbecken zu TOP Preisen online kaufen\" \/>\n<meta property=\"og:description\" content=\"Handwaschbecken aus Edelstahl im Online Shop von CHROMOnorm \u2713 f\u00fcr jeden Gastronomie geeignet \u2713 Riesenauswahl in Top Qualit\u00e4t\" \/>\n<meta property=\"og:url\" content=\"https:\/\/www.chromonorm.de\/ratgeber\/edelstahl-handwaschbecken\/\" \/>\n<meta property=\"og:site_name\" content=\"Chromonorm Ratgeber\" \/>\n<meta property=\"article:modified_time\" content=\"2025-08-08T05:31:41+00:00\" \/>\n<meta name=\"twitter:card\" content=\"summary_large_image\" \/>\n<meta name=\"twitter:label1\" content=\"Gesch\u00e4tzte Lesezeit\" \/>\n\t<meta name=\"twitter:data1\" content=\"4\u00a0Minuten\" \/>\n<script type=\"application\/ld+json\" class=\"yoast-schema-graph\">{\"@context\":\"https:\/\/schema.org\",\"@graph\":[{\"@type\":\"WebPage\",\"@id\":\"https:\/\/www.chromonorm.de\/ratgeber\/edelstahl-handwaschbecken\/\",\"url\":\"https:\/\/www.chromonorm.de\/ratgeber\/edelstahl-handwaschbecken\/\",\"name\":\"Edelstahl Handwaschbecken zu TOP Preisen online kaufen\",\"isPartOf\":{\"@id\":\"https:\/\/www.chromonorm.de\/ratgeber\/#website\"},\"datePublished\":\"2020-01-29T13:27:19+00:00\",\"dateModified\":\"2025-08-08T05:31:41+00:00\",\"description\":\"Handwaschbecken aus Edelstahl im Online Shop von CHROMOnorm \u2713 f\u00fcr jeden Gastronomie geeignet \u2713 Riesenauswahl in Top Qualit\u00e4t\",\"breadcrumb\":{\"@id\":\"https:\/\/www.chromonorm.de\/ratgeber\/edelstahl-handwaschbecken\/#breadcrumb\"},\"inLanguage\":\"de\",\"potentialAction\":[{\"@type\":\"ReadAction\",\"target\":[\"https:\/\/www.chromonorm.de\/ratgeber\/edelstahl-handwaschbecken\/\"]}]},{\"@type\":\"BreadcrumbList\",\"@id\":\"https:\/\/www.chromonorm.de\/ratgeber\/edelstahl-handwaschbecken\/#breadcrumb\",\"itemListElement\":[{\"@type\":\"ListItem\",\"position\":1,\"name\":\"Startseite\",\"item\":\"https:\/\/www.chromonorm.de\/ratgeber\/\"},{\"@type\":\"ListItem\",\"position\":2,\"name\":\"Handwasch- &#038; Ausgussbecken\"}]},{\"@type\":\"WebSite\",\"@id\":\"https:\/\/www.chromonorm.de\/ratgeber\/#website\",\"url\":\"https:\/\/www.chromonorm.de\/ratgeber\/\",\"name\":\"Chromonorm Ratgeber\",\"description\":\"Ratgeber f\u00fcr Gastro K\u00fcchen\",\"publisher\":{\"@id\":\"https:\/\/www.chromonorm.de\/ratgeber\/#organization\"},\"potentialAction\":[{\"@type\":\"SearchAction\",\"target\":{\"@type\":\"EntryPoint\",\"urlTemplate\":\"https:\/\/www.chromonorm.de\/ratgeber\/?s={search_term_string}\"},\"query-input\":\"required name=search_term_string\"}],\"inLanguage\":\"de\"},{\"@type\":\"Organization\",\"@id\":\"https:\/\/www.chromonorm.de\/ratgeber\/#organization\",\"name\":\"Chromonorm\",\"url\":\"https:\/\/www.chromonorm.de\/ratgeber\/\",\"logo\":{\"@type\":\"ImageObject\",\"inLanguage\":\"de\",\"@id\":\"https:\/\/www.chromonorm.de\/ratgeber\/#\/schema\/logo\/image\/\",\"url\":\"https:\/\/www.chromonorm.de\/ratgeber\/wp-content\/uploads\/2019\/07\/Chromonorm-Logo.png\",\"contentUrl\":\"https:\/\/www.chromonorm.de\/ratgeber\/wp-content\/uploads\/2019\/07\/Chromonorm-Logo.png\",\"width\":350,\"height\":51,\"caption\":\"Chromonorm\"},\"image\":{\"@id\":\"https:\/\/www.chromonorm.de\/ratgeber\/#\/schema\/logo\/image\/\"}}]}<\/script>\n<!-- \/ Yoast SEO plugin. -->","yoast_head_json":{"title":"Edelstahl Handwaschbecken zu TOP Preisen online kaufen","description":"Handwaschbecken aus Edelstahl im Online Shop von CHROMOnorm \u2713 f\u00fcr jeden Gastronomie geeignet \u2713 Riesenauswahl in Top Qualit\u00e4t","robots":{"index":"index","follow":"nofollow","max-snippet":"max-snippet:-1","max-image-preview":"max-image-preview:large","max-video-preview":"max-video-preview:-1"},"canonical":"https:\/\/www.chromonorm.de\/ratgeber\/edelstahl-handwaschbecken\/","og_locale":"de_DE","og_type":"article","og_title":"Edelstahl Handwaschbecken zu TOP Preisen online kaufen","og_description":"Handwaschbecken aus Edelstahl im Online Shop von CHROMOnorm \u2713 f\u00fcr jeden Gastronomie geeignet \u2713 Riesenauswahl in Top Qualit\u00e4t","og_url":"https:\/\/www.chromonorm.de\/ratgeber\/edelstahl-handwaschbecken\/","og_site_name":"Chromonorm Ratgeber","article_modified_time":"2025-08-08T05:31:41+00:00","twitter_card":"summary_large_image","twitter_misc":{"Gesch\u00e4tzte Lesezeit":"4\u00a0Minuten"},"schema":{"@context":"https:\/\/schema.org","@graph":[{"@type":"WebPage","@id":"https:\/\/www.chromonorm.de\/ratgeber\/edelstahl-handwaschbecken\/","url":"https:\/\/www.chromonorm.de\/ratgeber\/edelstahl-handwaschbecken\/","name":"Edelstahl Handwaschbecken zu TOP Preisen online kaufen","isPartOf":{"@id":"https:\/\/www.chromonorm.de\/ratgeber\/#website"},"datePublished":"2020-01-29T13:27:19+00:00","dateModified":"2025-08-08T05:31:41+00:00","description":"Handwaschbecken aus Edelstahl im Online Shop von CHROMOnorm \u2713 f\u00fcr jeden Gastronomie geeignet \u2713 Riesenauswahl in Top Qualit\u00e4t","breadcrumb":{"@id":"https:\/\/www.chromonorm.de\/ratgeber\/edelstahl-handwaschbecken\/#breadcrumb"},"inLanguage":"de","potentialAction":[{"@type":"ReadAction","target":["https:\/\/www.chromonorm.de\/ratgeber\/edelstahl-handwaschbecken\/"]}]},{"@type":"BreadcrumbList","@id":"https:\/\/www.chromonorm.de\/ratgeber\/edelstahl-handwaschbecken\/#breadcrumb","itemListElement":[{"@type":"ListItem","position":1,"name":"Startseite","item":"https:\/\/www.chromonorm.de\/ratgeber\/"},{"@type":"ListItem","position":2,"name":"Handwasch- &#038; Ausgussbecken"}]},{"@type":"WebSite","@id":"https:\/\/www.chromonorm.de\/ratgeber\/#website","url":"https:\/\/www.chromonorm.de\/ratgeber\/","name":"Chromonorm Ratgeber","description":"Ratgeber f\u00fcr Gastro K\u00fcchen","publisher":{"@id":"https:\/\/www.chromonorm.de\/ratgeber\/#organization"},"potentialAction":[{"@type":"SearchAction","target":{"@type":"EntryPoint","urlTemplate":"https:\/\/www.chromonorm.de\/ratgeber\/?s={search_term_string}"},"query-input":"required name=search_term_string"}],"inLanguage":"de"},{"@type":"Organization","@id":"https:\/\/www.chromonorm.de\/ratgeber\/#organization","name":"Chromonorm","url":"https:\/\/www.chromonorm.de\/ratgeber\/","logo":{"@type":"ImageObject","inLanguage":"de","@id":"https:\/\/www.chromonorm.de\/ratgeber\/#\/schema\/logo\/image\/","url":"https:\/\/www.chromonorm.de\/ratgeber\/wp-content\/uploads\/2019\/07\/Chromonorm-Logo.png","contentUrl":"https:\/\/www.chromonorm.de\/ratgeber\/wp-content\/uploads\/2019\/07\/Chromonorm-Logo.png","width":350,"height":51,"caption":"Chromonorm"},"image":{"@id":"https:\/\/www.chromonorm.de\/ratgeber\/#\/schema\/logo\/image\/"}}]}},"_links":{"self":[{"href":"https:\/\/www.chromonorm.de\/ratgeber\/wp-json\/wp\/v2\/pages\/472"}],"collection":[{"href":"https:\/\/www.chromonorm.de\/ratgeber\/wp-json\/wp\/v2\/pages"}],"about":[{"href":"https:\/\/www.chromonorm.de\/ratgeber\/wp-json\/wp\/v2\/types\/page"}],"author":[{"embeddable":true,"href":"https:\/\/www.chromonorm.de\/ratgeber\/wp-json\/wp\/v2\/users\/6"}],"replies":[{"embeddable":true,"href":"https:\/\/www.chromonorm.de\/ratgeber\/wp-json\/wp\/v2\/comments?post=472"}],"version-history":[{"count":24,"href":"https:\/\/www.chromonorm.de\/ratgeber\/wp-json\/wp\/v2\/pages\/472\/revisions"}],"predecessor-version":[{"id":1818,"href":"https:\/\/www.chromonorm.de\/ratgeber\/wp-json\/wp\/v2\/pages\/472\/revisions\/1818"}],"wp:attachment":[{"href":"https:\/\/www.chromonorm.de\/ratgeber\/wp-json\/wp\/v2\/media?parent=472"}],"curies":[{"name":"wp","href":"https:\/\/api.w.org\/{rel}","templated":true}]}}