{"id":481,"date":"2019-11-05T15:11:33","date_gmt":"2019-11-05T14:11:33","guid":{"rendered":"https:\/\/chromonorm.de\/ratgeber\/?page_id=481"},"modified":"2024-08-22T14:29:01","modified_gmt":"2024-08-22T12:29:01","slug":"arbeitstische","status":"publish","type":"page","link":"https:\/\/www.chromonorm.de\/ratgeber\/arbeitstische\/","title":{"rendered":"Arbeitstische"},"content":{"rendered":"<section class=\"wpb-content-wrapper\"><p>[vc_row full_width=&#8220;stretch_row&#8220; gap=&#8220;35&#8243; css=&#8220;.vc_custom_1566485346340{margin-top: -65px !important;padding-bottom: 20px !important;background-color: #f2faff !important;}&#8220;][vc_column width=&#8220;1\/2&#8243;][vc_empty_space height=&#8220;20px&#8220;][vc_column_text single_style=&#8220;&#8220;]<\/p>\n<h1>Arbeitstische von CHROMOnorm<\/h1>\n<p>Arbeitstische sind in jedem Bereich der Gastronomie unverzichtbar. Ob im Restaurant, an der Bar oder in der B\u00e4ckerei: Arbeitstische sind f\u00fcr jeden Gastronomen ein absolutes Must-have. <strong>Unsere Edelstahl-Arbeitstische gibt es daf\u00fcr in den verschiedensten Gr\u00f6\u00dfen und L\u00e4ngen<\/strong>.<\/p>\n<p>Ob in einem kleinen Bistro oder einem gro\u00dfen Restaurant, unsere Arbeitstische k\u00f6nnen so \u00fcberall zum Einsatz kommen. Die Modelle sind vielf\u00e4ltig. Sie reichen vom einfachen <strong>offenen Tisch mit flachen Arbeitsfl\u00e4chen<\/strong> bis hin zu <strong>Arbeitstischen mit Zwischenb\u00f6den<\/strong> und F\u00e4chern zum Verstauen von Arbeitsmaterialien. Jedes Modell kann zudem in seiner <strong>Tiefe, L\u00e4nge und H\u00f6he individuell angepasst<\/strong> werden.<\/p>\n<p><strong>Unsere Vorteile im \u00dcberblick<\/strong><\/p>\n<ul>\n<li>Wir bieten Ihnen eine gro\u00dfe Auswahl an Arbeitstischen.<\/li>\n<li>Mit unserer individuellen Beratung finden Sie das richtige Produkt f\u00fcr Ihren Gastronomiebetrieb. Wir sind f\u00fcr Sie da und beraten Sie gerne umfangreich.<\/li>\n<li>Unsere Lieferzeiten sind kurz und zumeist kostenfrei.<\/li>\n<li>Bei uns erhalten Sie 12 Monate Garantie auf Ihren Arbeitstisch.<\/li>\n<li>Wir stehen f\u00fcr hohe Qualit\u00e4t und modernste Fertigungstechnologien aus Deutschland.<\/li>\n<\/ul>\n<p>[\/vc_column_text][vc_empty_space height=&#8220;20px&#8220;][\/vc_column][vc_column width=&#8220;1\/2&#8243;][vc_empty_space height=&#8220;100px&#8220;][vc_single_image image=&#8220;1587&#8243; img_size=&#8220;full&#8220; alignment=&#8220;right&#8220; css=&#8220;.vc_custom_1724317355798{padding-left: 0px !important;}&#8220;][vc_btn title=&#8220;Alle Arbeitstische ansehen&#8220; style=&#8220;flat&#8220; color=&#8220;primary&#8220; align=&#8220;center&#8220; link=&#8220;url:https%3A%2F%2Fwww.chromonorm.de%2Fedelstahlmoebel%2Farbeitstische%2F|||&#8220;][\/vc_column][\/vc_row][vc_row][vc_column][vc_column_text single_style=&#8220;&#8220;]<\/p>\n<h2 style=\"text-align: center;\">NEU! Unser Produktfinder<\/h2>\n<p>[\/vc_column_text][\/vc_column][\/vc_row][vc_row css=&#8220;.vc_custom_1584701464383{margin-top: 0px !important;margin-right: 0px !important;margin-bottom: 0px !important;margin-left: 0px !important;border-top-width: 0px !important;border-right-width: 0px !important;border-bottom-width: 0px !important;border-left-width: 0px !important;padding-top: 0px !important;padding-right: 0px !important;padding-bottom: 0px !important;padding-left: 0px !important;}&#8220;][vc_column width=&#8220;1\/12&#8243;][\/vc_column][vc_column width=&#8220;10\/12&#8243;][vc_message message_box_color=&#8220;success&#8220;]<\/p>\n<p style=\"text-align: center;\"><strong>W\u00e4hlen Sie die unterschiedlichen Konfigurationseinstellungen und gelangen Sie direkt zum passenden Produkt.<\/strong><\/p>\n<p>[\/vc_message][vc_empty_space][vc_raw_html]JTNDZGl2JTIwY2xhc3MlM0QlMjJlbWJlZC1yZXNwb25zaXZlJTIwZW1iZWQtcmVzcG9uc2l2ZS0xNmJ5OSUyMiUzRSUwQSUyMCUyMCUzQ2lmcmFtZSUyMHdpZHRoJTNEJTIyMTAwJTI1JTIyJTIwaGVpZ2h0JTNEJTIyNDAwcHglMjIlMjBjbGFzcyUzRCUyMmVtYmVkLXJlc3BvbnNpdmUtaXRlbSUyMiUyMHNyYyUzRCUyMmh0dHBzJTNBJTJGJTJGd3d3LmNocm9tb25vcm0uZGUlMkZ3aXphcmQlMkZhcmJlaXRzdGlzY2hlLmh0bWwlMjIlMjBhbGxvd2Z1bGxzY3JlZW4lM0UlM0MlMkZpZnJhbWUlM0UlMEElM0MlMkZkaXYlM0U=[\/vc_raw_html][\/vc_column][vc_column width=&#8220;1\/12&#8243;][\/vc_column][\/vc_row][vc_row full_width=&#8220;stretch_row&#8220; css=&#8220;.vc_custom_1586689549125{margin-top: 40px !important;background-color: #f2faff !important;}&#8220;][vc_column][vc_column_text single_style=&#8220;&#8220;]<\/p>\n<h2>Arbeitstische in vielen Variationen<\/h2>\n<p>[\/vc_column_text][\/vc_column][\/vc_row][vc_row full_width=&#8220;stretch_row&#8220; gap=&#8220;20&#8243; css=&#8220;.vc_custom_1586689523921{margin-top: 0px !important;padding-bottom: 40px !important;background-color: #f2faff !important;}&#8220; el_class=&#8220;kategorie&#8220;][vc_column width=&#8220;1\/3&#8243;][vc_row_inner css=&#8220;.vc_custom_1566480253547{border-radius: 10px !important;}&#8220; el_class=&#8220;meinprodukt&#8220;][vc_column_inner][vc_single_image image=&#8220;1751&#8243; img_size=&#8220;full&#8220;][vc_column_text single_style=&#8220;&#8220;]<\/p>\n<ul>\n<li><strong>mit Zwischenboden<\/strong><\/li>\n<\/ul>\n<p>&nbsp;<\/p>\n<p>Unsere Arbeitstische aus Edelstahl bieten durch einen Zwischenboden mehr Stauraum f\u00fcr Ihre Gastronomiek\u00fcche.<\/p>\n<p style=\"text-align: right;\"><strong>ab 295 \u20ac<\/strong><\/p>\n<p>[\/vc_column_text][vc_btn title=&#8220;Zur \u00dcbersicht&#8220; style=&#8220;flat&#8220; color=&#8220;primary&#8220; size=&#8220;sm&#8220; align=&#8220;center&#8220; button_block=&#8220;true&#8220; link=&#8220;url:https%3A%2F%2Fwww.chromonorm.de%2Fedelstahlmoebel%2Farbeitstische%2F%3Fp%3D1%26o%3D3%26n%3D12%26f%3D30|||&#8220;][\/vc_column_inner][\/vc_row_inner][\/vc_column][vc_column width=&#8220;1\/3&#8243;][vc_row_inner el_class=&#8220;meinprodukt&#8220;][vc_column_inner][vc_single_image image=&#8220;1753&#8243; img_size=&#8220;full&#8220;][vc_column_text single_style=&#8220;&#8220;]<\/p>\n<ul>\n<li><strong>ohne Tischplatte<\/strong><\/li>\n<\/ul>\n<p>&nbsp;<\/p>\n<p>Ohne Tischplatte lassen sich unsere Arbeitstische optimal in jede K\u00fcche integrieren und sind dabei einfach zu reinigen.<\/p>\n<p style=\"text-align: right;\"><strong>ab 295 \u20ac<\/strong><\/p>\n<p>[\/vc_column_text][vc_btn title=&#8220;Zur \u00dcbersicht&#8220; style=&#8220;flat&#8220; color=&#8220;primary&#8220; size=&#8220;sm&#8220; align=&#8220;center&#8220; button_block=&#8220;true&#8220; link=&#8220;url:https%3A%2F%2Fwww.chromonorm.de%2Fedelstahlmoebel%2Farbeitstische%2F%3Fp%3D1%26o%3D3%26n%3D12%26f%3D22|||&#8220;][\/vc_column_inner][\/vc_row_inner][\/vc_column][vc_column width=&#8220;1\/3&#8243;][vc_row_inner][vc_column_inner][vc_single_image image=&#8220;1752&#8243; img_size=&#8220;full&#8220;][vc_column_text single_style=&#8220;&#8220;]<\/p>\n<ul>\n<li><strong>offen<\/strong><\/li>\n<\/ul>\n<p>&nbsp;<\/p>\n<p>Unsere offenen Arbeitstische sorgen f\u00fcr viel Platz unter Ihrer Arbeitsfl\u00e4che. Anderes Mobiliar kann optimal eingef\u00fcgt werden.<\/p>\n<p style=\"text-align: right;\"><strong>ab 510 \u20ac<\/strong><\/p>\n<p>[\/vc_column_text][vc_btn title=&#8220;Zur \u00dcbersicht&#8220; style=&#8220;flat&#8220; color=&#8220;primary&#8220; size=&#8220;sm&#8220; align=&#8220;center&#8220; button_block=&#8220;true&#8220; link=&#8220;url:https%3A%2F%2Fwww.chromonorm.de%2Fedelstahlmoebel%2Farbeitstische%2F%3Fp%3D1%26o%3D3%26n%3D12%26f%3D26|||&#8220;][\/vc_column_inner][\/vc_row_inner][\/vc_column][\/vc_row][vc_row full_width=&#8220;stretch_row&#8220; css=&#8220;.vc_custom_1586689531918{padding-top: 40px !important;padding-bottom: 40px !important;}&#8220;][vc_column width=&#8220;2\/3&#8243;][vc_column_text single_style=&#8220;&#8220; css=&#8220;.vc_custom_1569933083696{padding-right: 40px !important;}&#8220;]<\/p>\n<h2>Gro\u00dfe Vielfalt an Arbeitstischen<\/h2>\n<p>Ein Arbeitstisch ist bei uns nicht blo\u00df ein einfacher Tisch. Wir von Chromonorm bieten Ihnen <strong>genau die Variationen, die Sie f\u00fcr Ihre Gastronomie ben\u00f6tigen<\/strong>. Bei uns erhalten Sie Edelstahlm\u00f6bel, die zu Ihrem Arbeitsort passen. Ihnen stehen <strong>vielf\u00e4ltige Modelle mit unterschiedlicher Ausstattung<\/strong> zur Auswahl.<\/p>\n<p>Unsere Arbeitstische erhalten Sie wie alle <strong>Edelstahlm\u00f6bel<\/strong> <strong>in vielen verschiedenen Gr\u00f6\u00dfen<\/strong>, mit flacher Arbeitsfl\u00e4che oder mit einer Abkantung. Je nach Bedarf k\u00f6nnen die Arbeitstische auch mit einem Zwischenboden oder mit Schubladenbl\u00f6cken kombiniert werden.<\/p>\n<p>Die <strong>variabel einstellbare Arbeitsh\u00f6he<\/strong> der Edelstahltische ist zudem ein besonderes Merkmal. Sie kann dadurch an jede Arbeitssituation angepasst werden. Die einzelnen Arbeitsabl\u00e4ufe werden so vereinfacht und bieten <strong>mehr Komfort<\/strong> f\u00fcr Ihren Arbeitsalltag.[\/vc_column_text][\/vc_column][vc_column width=&#8220;1\/3&#8243;][vc_empty_space][vc_single_image image=&#8220;320&#8243; img_size=&#8220;full&#8220;][\/vc_column][\/vc_row][vc_row full_width=&#8220;stretch_row&#8220; css=&#8220;.vc_custom_1586689602462{padding-top: 40px !important;padding-bottom: 40px !important;background-color: #f2faff !important;}&#8220;][vc_column width=&#8220;1\/2&#8243;][vc_single_image image=&#8220;113&#8243; img_size=&#8220;large&#8220; css=&#8220;.vc_custom_1566487696729{margin-top: 50px !important;}&#8220;][\/vc_column][vc_column width=&#8220;1\/2&#8243;][vc_column_text single_style=&#8220;&#8220;]<\/p>\n<h2>TOP Qualit\u00e4t von CHROMOnorm<\/h2>\n<p><strong>Alle Arbeitstische von Chromonorm sind aus Edelstahl<\/strong>. Die neutrale Oberfl\u00e4che f\u00fcgt sich optisch \u00fcberall ein und ist au\u00dferdem <strong>leicht zu reinigen<\/strong>. Somit bieten wir Ihnen die ideale Voraussetzung f\u00fcr ein reibungsloses Alltagsgesch\u00e4ft in der Gastronomie.<\/p>\n<p>Von uns k\u00f6nnen Sie immer einen <strong>hohen Qualit\u00e4tsstandard<\/strong> erwarten. Uns ist es wichtig, Ihnen nur Artikel zu liefern, die unseren Anspr\u00fcchen gerecht werden. Aus diesem Grund wenden wir modernste Fertigungstechniken in Deutschland an. Zu einer guten Qualit\u00e4t geh\u00f6rt in unseren Augen auch ein <strong>guter Service<\/strong>. Deswegen halten wir\u00a0<strong>kurze Lieferzeiten<\/strong>\u00a0ein und liefern direkt aus unserem Lager.[\/vc_column_text][\/vc_column][\/vc_row][vc_row][vc_column][vc_column_text single_style=&#8220;&#8220;]<\/p>\n<h2>Das k\u00f6nnte Sie auch interessieren<\/h2>\n<p>[\/vc_column_text][\/vc_column][\/vc_row][vc_row][vc_column width=&#8220;1\/4&#8243;][vc_row_inner][vc_column_inner][vc_single_image image=&#8220;1595&#8243; img_size=&#8220;full&#8220;][vc_column_text single_style=&#8220;&#8220;]<\/p>\n<h3 style=\"text-align: center;\">Tiefk\u00fchltische<\/h3>\n<p>[\/vc_column_text][vc_btn title=&#8220;Zu den Tiefk\u00fchltischen&#8220; color=&#8220;primary&#8220; size=&#8220;sm&#8220; align=&#8220;center&#8220; link=&#8220;url:https%3A%2F%2Fchromonorm.de%2Fratgeber%2Ftiefkuehltische%2F|title:Arbeitsschr%C3%A4nke||&#8220;][\/vc_column_inner][\/vc_row_inner][\/vc_column][vc_column width=&#8220;1\/4&#8243;][vc_row_inner][vc_column_inner][vc_single_image image=&#8220;1594&#8243; img_size=&#8220;full&#8220;][vc_column_text single_style=&#8220;&#8220;]<\/p>\n<h3 style=\"text-align: center;\">Getr\u00e4nketheken<\/h3>\n<p>[\/vc_column_text][vc_btn title=&#8220;Zu den Getr\u00e4nketheken&#8220; color=&#8220;primary&#8220; size=&#8220;sm&#8220; align=&#8220;center&#8220; link=&#8220;url:https%3A%2F%2Fchromonorm.de%2Fratgeber%2Fgetraenketheken%2F|title:Arbeitsschr%C3%A4nke||&#8220;][\/vc_column_inner][\/vc_row_inner][\/vc_column][vc_column width=&#8220;1\/4&#8243;][vc_row_inner][vc_column_inner][vc_single_image image=&#8220;1596&#8243; img_size=&#8220;full&#8220;][vc_column_text single_style=&#8220;&#8220;]<\/p>\n<h3 style=\"text-align: center;\">Abfallk\u00fchler<\/h3>\n<p>[\/vc_column_text][vc_btn title=&#8220;Zu den Abfallk\u00fchler&#8220; color=&#8220;primary&#8220; size=&#8220;sm&#8220; align=&#8220;center&#8220; link=&#8220;url:https%3A%2F%2Fchromonorm.de%2Fratgeber%2Fabfallkuehler%2F|title:Arbeitsschr%C3%A4nke||&#8220;][\/vc_column_inner][\/vc_row_inner][\/vc_column][vc_column width=&#8220;1\/4&#8243;][vc_row_inner][vc_column_inner][vc_single_image image=&#8220;1593&#8243; img_size=&#8220;full&#8220;][vc_column_text single_style=&#8220;&#8220;]<\/p>\n<h3 style=\"text-align: center;\">Sp\u00fcltische<\/h3>\n<p>[\/vc_column_text][vc_btn title=&#8220;Zu den Sp\u00fcltischen&#8220; color=&#8220;primary&#8220; size=&#8220;sm&#8220; align=&#8220;center&#8220; link=&#8220;url:https%3A%2F%2Fchromonorm.de%2Fratgeber%2Fspueltische%2F|title:Arbeitsschr%C3%A4nke||&#8220;][\/vc_column_inner][\/vc_row_inner][\/vc_column][\/vc_row]<\/p>\n<\/section>","protected":false},"excerpt":{"rendered":"<p>[vc_row full_width=&#8220;stretch_row&#8220; gap=&#8220;35&#8243; css=&#8220;.vc_custom_1566485346340{margin-top: -65px !important;padding-bottom: 20px !important;background-color: #f2faff !important;}&#8220;][vc_column width=&#8220;1\/2&#8243;][vc_empty_space height=&#8220;20px&#8220;][vc_column_text single_style=&#8220;&#8220;] Arbeitstische von CHROMOnorm Arbeitstische sind in jedem Bereich der Gastronomie unverzichtbar. Ob im Restaurant, an der Bar oder in der B\u00e4ckerei: Arbeitstische sind f\u00fcr jeden Gastronomen ein absolutes Must-have. Unsere Edelstahl-Arbeitstische gibt es daf\u00fcr in den verschiedensten Gr\u00f6\u00dfen und L\u00e4ngen. Ob in<\/p>\n","protected":false},"author":6,"featured_media":0,"parent":0,"menu_order":0,"comment_status":"closed","ping_status":"closed","template":"page-blocks.php","meta":{"footnotes":""},"featured_image_urls":{"full":"","thumbnail":"","medium":"","medium_large":"","large":"","1536x1536":"","2048x2048":"","post-thumbnail":"","contentberg-main":"","contentberg-main-full":"","contentberg-slider-stylish":"","contentberg-slider-carousel":"","contentberg-slider-grid-b":"","contentberg-slider-grid-b-sm":"","contentberg-slider-bold-sm":"","contentberg-grid":"","contentberg-list":"","contentberg-list-b":"","contentberg-thumb":"","contentberg-thumb-alt":""},"post_excerpt_stackable":"<p>[vc_row full_width=&#8220;stretch_row&#8220; gap=&#8220;35&#8243; css=&#8220;.vc_custom_1566485346340{margin-top: -65px !important;padding-bottom: 20px !important;background-color: #f2faff !important;}&#8220;][vc_column width=&#8220;1\/2&#8243;][vc_empty_space height=&#8220;20px&#8220;][vc_column_text single_style=&#8220;&#8220;] Arbeitstische von CHROMOnorm Arbeitstische sind in jedem Bereich der Gastronomie unverzichtbar. Ob im Restaurant, an der Bar oder in der B\u00e4ckerei: Arbeitstische sind f\u00fcr jeden Gastronomen ein absolutes Must-have. Unsere Edelstahl-Arbeitstische gibt es daf\u00fcr in den verschiedensten Gr\u00f6\u00dfen und L\u00e4ngen. Ob in einem kleinen Bistro oder einem gro\u00dfen Restaurant, unsere Arbeitstische k\u00f6nnen so \u00fcberall zum Einsatz kommen. Die Modelle sind vielf\u00e4ltig. Sie reichen vom einfachen offenen Tisch mit flachen Arbeitsfl\u00e4chen bis hin zu Arbeitstischen mit Zwischenb\u00f6den und F\u00e4chern zum Verstauen von Arbeitsmaterialien. Jedes Modell kann zudem in&hellip;<\/p>\n","category_list":"","author_info":{"name":"Dawid Kunda","url":"https:\/\/www.chromonorm.de\/ratgeber\/author\/dawid-kunda\/"},"comments_num":"0 comments","featured_image_urls_v2":{"full":"","thumbnail":"","medium":"","medium_large":"","large":"","1536x1536":"","2048x2048":"","post-thumbnail":"","contentberg-main":"","contentberg-main-full":"","contentberg-slider-stylish":"","contentberg-slider-carousel":"","contentberg-slider-grid-b":"","contentberg-slider-grid-b-sm":"","contentberg-slider-bold-sm":"","contentberg-grid":"","contentberg-list":"","contentberg-list-b":"","contentberg-thumb":"","contentberg-thumb-alt":""},"post_excerpt_stackable_v2":"<p>[vc_row full_width=&#8220;stretch_row&#8220; gap=&#8220;35&#8243; css=&#8220;.vc_custom_1566485346340{margin-top: -65px !important;padding-bottom: 20px !important;background-color: #f2faff !important;}&#8220;][vc_column width=&#8220;1\/2&#8243;][vc_empty_space height=&#8220;20px&#8220;][vc_column_text single_style=&#8220;&#8220;] Arbeitstische von CHROMOnorm Arbeitstische sind in jedem Bereich der Gastronomie unverzichtbar. Ob im Restaurant, an der Bar oder in der B\u00e4ckerei: Arbeitstische sind f\u00fcr jeden Gastronomen ein absolutes Must-have. Unsere Edelstahl-Arbeitstische gibt es daf\u00fcr in den verschiedensten Gr\u00f6\u00dfen und L\u00e4ngen. Ob in einem kleinen Bistro oder einem gro\u00dfen Restaurant, unsere Arbeitstische k\u00f6nnen so \u00fcberall zum Einsatz kommen. Die Modelle sind vielf\u00e4ltig. Sie reichen vom einfachen offenen Tisch mit flachen Arbeitsfl\u00e4chen bis hin zu Arbeitstischen mit Zwischenb\u00f6den und F\u00e4chern zum Verstauen von Arbeitsmaterialien. Jedes Modell kann zudem in&hellip;<\/p>\n","category_list_v2":"","author_info_v2":{"name":"Dawid Kunda","url":"https:\/\/www.chromonorm.de\/ratgeber\/author\/dawid-kunda\/"},"comments_num_v2":"0 comments","yoast_head":"<!-- This site is optimized with the Yoast SEO plugin v22.6 - https:\/\/yoast.com\/wordpress\/plugins\/seo\/ -->\n<title>Arbeitstische zu TOP Preisen online kaufen - CHROMOnorm<\/title>\n<meta name=\"description\" content=\"Arbeitstische im Online Shop von CHROMOnorm \u2713 f\u00fcr jeden Gastronomie geeignet \u2713 Riesenauswahl in Top Qualit\u00e4t\" \/>\n<meta name=\"robots\" content=\"index, nofollow, max-snippet:-1, max-image-preview:large, max-video-preview:-1\" \/>\n<link rel=\"canonical\" href=\"https:\/\/www.chromonorm.de\/ratgeber\/arbeitstische\/\" \/>\n<meta property=\"og:locale\" content=\"de_DE\" \/>\n<meta property=\"og:type\" content=\"article\" \/>\n<meta property=\"og:title\" content=\"Arbeitstische zu TOP Preisen online kaufen - CHROMOnorm\" \/>\n<meta property=\"og:description\" content=\"Arbeitstische im Online Shop von CHROMOnorm \u2713 f\u00fcr jeden Gastronomie geeignet \u2713 Riesenauswahl in Top Qualit\u00e4t\" \/>\n<meta property=\"og:url\" content=\"https:\/\/www.chromonorm.de\/ratgeber\/arbeitstische\/\" \/>\n<meta property=\"og:site_name\" content=\"Chromonorm Ratgeber\" \/>\n<meta property=\"article:modified_time\" content=\"2024-08-22T12:29:01+00:00\" \/>\n<meta name=\"twitter:card\" content=\"summary_large_image\" \/>\n<meta name=\"twitter:label1\" content=\"Gesch\u00e4tzte Lesezeit\" \/>\n\t<meta name=\"twitter:data1\" content=\"4\u00a0Minuten\" \/>\n<script type=\"application\/ld+json\" class=\"yoast-schema-graph\">{\"@context\":\"https:\/\/schema.org\",\"@graph\":[{\"@type\":\"WebPage\",\"@id\":\"https:\/\/www.chromonorm.de\/ratgeber\/arbeitstische\/\",\"url\":\"https:\/\/www.chromonorm.de\/ratgeber\/arbeitstische\/\",\"name\":\"Arbeitstische zu TOP Preisen online kaufen - CHROMOnorm\",\"isPartOf\":{\"@id\":\"https:\/\/www.chromonorm.de\/ratgeber\/#website\"},\"datePublished\":\"2019-11-05T14:11:33+00:00\",\"dateModified\":\"2024-08-22T12:29:01+00:00\",\"description\":\"Arbeitstische im Online Shop von CHROMOnorm \u2713 f\u00fcr jeden Gastronomie geeignet \u2713 Riesenauswahl in Top Qualit\u00e4t\",\"breadcrumb\":{\"@id\":\"https:\/\/www.chromonorm.de\/ratgeber\/arbeitstische\/#breadcrumb\"},\"inLanguage\":\"de\",\"potentialAction\":[{\"@type\":\"ReadAction\",\"target\":[\"https:\/\/www.chromonorm.de\/ratgeber\/arbeitstische\/\"]}]},{\"@type\":\"BreadcrumbList\",\"@id\":\"https:\/\/www.chromonorm.de\/ratgeber\/arbeitstische\/#breadcrumb\",\"itemListElement\":[{\"@type\":\"ListItem\",\"position\":1,\"name\":\"Startseite\",\"item\":\"https:\/\/www.chromonorm.de\/ratgeber\/\"},{\"@type\":\"ListItem\",\"position\":2,\"name\":\"Arbeitstische\"}]},{\"@type\":\"WebSite\",\"@id\":\"https:\/\/www.chromonorm.de\/ratgeber\/#website\",\"url\":\"https:\/\/www.chromonorm.de\/ratgeber\/\",\"name\":\"Chromonorm Ratgeber\",\"description\":\"Ratgeber f\u00fcr Gastro K\u00fcchen\",\"publisher\":{\"@id\":\"https:\/\/www.chromonorm.de\/ratgeber\/#organization\"},\"potentialAction\":[{\"@type\":\"SearchAction\",\"target\":{\"@type\":\"EntryPoint\",\"urlTemplate\":\"https:\/\/www.chromonorm.de\/ratgeber\/?s={search_term_string}\"},\"query-input\":\"required name=search_term_string\"}],\"inLanguage\":\"de\"},{\"@type\":\"Organization\",\"@id\":\"https:\/\/www.chromonorm.de\/ratgeber\/#organization\",\"name\":\"Chromonorm\",\"url\":\"https:\/\/www.chromonorm.de\/ratgeber\/\",\"logo\":{\"@type\":\"ImageObject\",\"inLanguage\":\"de\",\"@id\":\"https:\/\/www.chromonorm.de\/ratgeber\/#\/schema\/logo\/image\/\",\"url\":\"https:\/\/www.chromonorm.de\/ratgeber\/wp-content\/uploads\/2019\/07\/Chromonorm-Logo.png\",\"contentUrl\":\"https:\/\/www.chromonorm.de\/ratgeber\/wp-content\/uploads\/2019\/07\/Chromonorm-Logo.png\",\"width\":350,\"height\":51,\"caption\":\"Chromonorm\"},\"image\":{\"@id\":\"https:\/\/www.chromonorm.de\/ratgeber\/#\/schema\/logo\/image\/\"}}]}<\/script>\n<!-- \/ Yoast SEO plugin. -->","yoast_head_json":{"title":"Arbeitstische zu TOP Preisen online kaufen - CHROMOnorm","description":"Arbeitstische im Online Shop von CHROMOnorm \u2713 f\u00fcr jeden Gastronomie geeignet \u2713 Riesenauswahl in Top Qualit\u00e4t","robots":{"index":"index","follow":"nofollow","max-snippet":"max-snippet:-1","max-image-preview":"max-image-preview:large","max-video-preview":"max-video-preview:-1"},"canonical":"https:\/\/www.chromonorm.de\/ratgeber\/arbeitstische\/","og_locale":"de_DE","og_type":"article","og_title":"Arbeitstische zu TOP Preisen online kaufen - CHROMOnorm","og_description":"Arbeitstische im Online Shop von CHROMOnorm \u2713 f\u00fcr jeden Gastronomie geeignet \u2713 Riesenauswahl in Top Qualit\u00e4t","og_url":"https:\/\/www.chromonorm.de\/ratgeber\/arbeitstische\/","og_site_name":"Chromonorm Ratgeber","article_modified_time":"2024-08-22T12:29:01+00:00","twitter_card":"summary_large_image","twitter_misc":{"Gesch\u00e4tzte Lesezeit":"4\u00a0Minuten"},"schema":{"@context":"https:\/\/schema.org","@graph":[{"@type":"WebPage","@id":"https:\/\/www.chromonorm.de\/ratgeber\/arbeitstische\/","url":"https:\/\/www.chromonorm.de\/ratgeber\/arbeitstische\/","name":"Arbeitstische zu TOP Preisen online kaufen - CHROMOnorm","isPartOf":{"@id":"https:\/\/www.chromonorm.de\/ratgeber\/#website"},"datePublished":"2019-11-05T14:11:33+00:00","dateModified":"2024-08-22T12:29:01+00:00","description":"Arbeitstische im Online Shop von CHROMOnorm \u2713 f\u00fcr jeden Gastronomie geeignet \u2713 Riesenauswahl in Top Qualit\u00e4t","breadcrumb":{"@id":"https:\/\/www.chromonorm.de\/ratgeber\/arbeitstische\/#breadcrumb"},"inLanguage":"de","potentialAction":[{"@type":"ReadAction","target":["https:\/\/www.chromonorm.de\/ratgeber\/arbeitstische\/"]}]},{"@type":"BreadcrumbList","@id":"https:\/\/www.chromonorm.de\/ratgeber\/arbeitstische\/#breadcrumb","itemListElement":[{"@type":"ListItem","position":1,"name":"Startseite","item":"https:\/\/www.chromonorm.de\/ratgeber\/"},{"@type":"ListItem","position":2,"name":"Arbeitstische"}]},{"@type":"WebSite","@id":"https:\/\/www.chromonorm.de\/ratgeber\/#website","url":"https:\/\/www.chromonorm.de\/ratgeber\/","name":"Chromonorm Ratgeber","description":"Ratgeber f\u00fcr Gastro K\u00fcchen","publisher":{"@id":"https:\/\/www.chromonorm.de\/ratgeber\/#organization"},"potentialAction":[{"@type":"SearchAction","target":{"@type":"EntryPoint","urlTemplate":"https:\/\/www.chromonorm.de\/ratgeber\/?s={search_term_string}"},"query-input":"required name=search_term_string"}],"inLanguage":"de"},{"@type":"Organization","@id":"https:\/\/www.chromonorm.de\/ratgeber\/#organization","name":"Chromonorm","url":"https:\/\/www.chromonorm.de\/ratgeber\/","logo":{"@type":"ImageObject","inLanguage":"de","@id":"https:\/\/www.chromonorm.de\/ratgeber\/#\/schema\/logo\/image\/","url":"https:\/\/www.chromonorm.de\/ratgeber\/wp-content\/uploads\/2019\/07\/Chromonorm-Logo.png","contentUrl":"https:\/\/www.chromonorm.de\/ratgeber\/wp-content\/uploads\/2019\/07\/Chromonorm-Logo.png","width":350,"height":51,"caption":"Chromonorm"},"image":{"@id":"https:\/\/www.chromonorm.de\/ratgeber\/#\/schema\/logo\/image\/"}}]}},"_links":{"self":[{"href":"https:\/\/www.chromonorm.de\/ratgeber\/wp-json\/wp\/v2\/pages\/481"}],"collection":[{"href":"https:\/\/www.chromonorm.de\/ratgeber\/wp-json\/wp\/v2\/pages"}],"about":[{"href":"https:\/\/www.chromonorm.de\/ratgeber\/wp-json\/wp\/v2\/types\/page"}],"author":[{"embeddable":true,"href":"https:\/\/www.chromonorm.de\/ratgeber\/wp-json\/wp\/v2\/users\/6"}],"replies":[{"embeddable":true,"href":"https:\/\/www.chromonorm.de\/ratgeber\/wp-json\/wp\/v2\/comments?post=481"}],"version-history":[{"count":31,"href":"https:\/\/www.chromonorm.de\/ratgeber\/wp-json\/wp\/v2\/pages\/481\/revisions"}],"predecessor-version":[{"id":1754,"href":"https:\/\/www.chromonorm.de\/ratgeber\/wp-json\/wp\/v2\/pages\/481\/revisions\/1754"}],"wp:attachment":[{"href":"https:\/\/www.chromonorm.de\/ratgeber\/wp-json\/wp\/v2\/media?parent=481"}],"curies":[{"name":"wp","href":"https:\/\/api.w.org\/{rel}","templated":true}]}}