{"id":623,"date":"2019-11-05T15:11:34","date_gmt":"2019-11-05T14:11:34","guid":{"rendered":"https:\/\/chromonorm.de\/ratgeber\/?page_id=623"},"modified":"2024-08-22T14:29:06","modified_gmt":"2024-08-22T12:29:06","slug":"spuelcenter","status":"publish","type":"page","link":"https:\/\/www.chromonorm.de\/ratgeber\/spuelcenter\/","title":{"rendered":"Sp\u00fclcenter"},"content":{"rendered":"<section class=\"wpb-content-wrapper\"><p>[vc_row full_width=&#8220;stretch_row&#8220; gap=&#8220;35&#8243; css=&#8220;.vc_custom_1566485346340{margin-top: -65px !important;padding-bottom: 20px !important;background-color: #f2faff !important;}&#8220;][vc_column width=&#8220;1\/2&#8243;][vc_empty_space height=&#8220;20px&#8220;][vc_column_text single_style=&#8220;&#8220;]<\/p>\n<h1>Sp\u00fclcenter von CHROMOnorm<\/h1>\n<p><span style=\"font-weight: 400;\">Ein Sp\u00fclcenter geh\u00f6rt heutzutage in jede Gastronomiek\u00fcche. Ein funktionales Sp\u00fclcenter sorgt daf\u00fcr, den Hygienestandard in Ihrem Betrieb aufrecht zu erhalten. Sauberkeit und Ordnung geh\u00f6ren zu den wichtigsten Faktoren in einem gastronomischen Betrieb. Mit einem Sp\u00fclcenter kann benutztes Geschirr sofort abgestellt und gereinigt werden.\u00a0<\/span><\/p>\n<p><span style=\"font-weight: 400;\">Bei einem hohen G\u00e4steaufkommen sammelt sich schnell schmutziges Geschirr an. Ein Sp\u00fclcenter gilt auch daf\u00fcr als praktische L\u00f6sung und erm\u00f6glicht sauberes und einsatzbereites Geschirr im Handumdrehen.<\/span><\/p>\n<p><strong>Unsere Vorteile im \u00dcberblick<\/strong><\/p>\n<ul>\n<li style=\"font-weight: 400;\"><span style=\"font-weight: 400;\">Sp\u00fclcenter aus Edelstahl<\/span><\/li>\n<li style=\"font-weight: 400;\"><span style=\"font-weight: 400;\">Wahlm\u00f6glichkeit zwischen einem oder zwei Sp\u00fclbecken<\/span><\/li>\n<li style=\"font-weight: 400;\"><span style=\"font-weight: 400;\">Variationen in der Tiefe und L\u00e4nge, passend zu Ihrer K\u00fcche<\/span><\/li>\n<li style=\"font-weight: 400;\"><span style=\"font-weight: 400;\">offene Unterkonstruktion, Zwischenboden oder ein Schrank mit Fl\u00fcgelt\u00fcren<\/span><\/li>\n<li style=\"font-weight: 400;\"><span style=\"font-weight: 400;\">geeignet f\u00fcr den Unterbau einer Sp\u00fclmaschine<\/span><\/li>\n<li style=\"font-weight: 400;\"><span style=\"font-weight: 400;\">Arbeitsh\u00f6he variabel einstellbar<\/span><\/li>\n<\/ul>\n<p>[\/vc_column_text][vc_empty_space height=&#8220;20px&#8220;][\/vc_column][vc_column width=&#8220;1\/2&#8243;][vc_empty_space height=&#8220;100px&#8220;][vc_single_image image=&#8220;1597&#8243; img_size=&#8220;full&#8220; alignment=&#8220;right&#8220; css=&#8220;.vc_custom_1724317416761{padding-left: 0px !important;}&#8220;][vc_btn title=&#8220;Alle Sp\u00fclcenter ansehen&#8220; style=&#8220;flat&#8220; color=&#8220;primary&#8220; align=&#8220;center&#8220; link=&#8220;url:https%3A%2F%2Fwww.chromonorm.de%2Fedelstahlmoebel%2Fspuelcenter%2F|||&#8220;][\/vc_column][\/vc_row][vc_row css=&#8220;.vc_custom_1566485560490{margin-top: 40px !important;}&#8220;][vc_column][vc_column_text single_style=&#8220;&#8220;]<\/p>\n<h2>Sp\u00fclcenter in vielen Variationen<\/h2>\n<p>[\/vc_column_text][\/vc_column][\/vc_row][vc_row full_width=&#8220;stretch_row&#8220; gap=&#8220;20&#8243; css=&#8220;.vc_custom_1566487132571{margin-top: 0px !important;margin-bottom: 100px !important;}&#8220; el_class=&#8220;kategorie&#8220;][vc_column width=&#8220;1\/4&#8243;][vc_row_inner css=&#8220;.vc_custom_1566480253547{border-radius: 10px !important;}&#8220; el_class=&#8220;meinprodukt&#8220;][vc_column_inner][vc_single_image image=&#8220;1742&#8243; img_size=&#8220;full&#8220;][vc_column_text single_style=&#8220;&#8220;]<\/p>\n<ul>\n<li><strong>1 Becken<\/strong><\/li>\n<li><strong>600 mm<\/strong><\/li>\n<\/ul>\n<p>&nbsp;<\/p>\n<p style=\"text-align: right;\"><strong>ab 925 \u20ac<\/strong><\/p>\n<p>[\/vc_column_text][vc_btn title=&#8220;Zur \u00dcbersicht&#8220; style=&#8220;flat&#8220; color=&#8220;primary&#8220; size=&#8220;sm&#8220; align=&#8220;center&#8220; button_block=&#8220;true&#8220; link=&#8220;url:https%3A%2F%2Fwww.chromonorm.de%2Fedelstahlmoebel%2Fspuelcenter%2F%3Fp%3D1%26o%3D2%26n%3D12%26f%3D12%257C28|||&#8220;][\/vc_column_inner][\/vc_row_inner][\/vc_column][vc_column width=&#8220;1\/4&#8243;][vc_row_inner el_class=&#8220;meinprodukt&#8220;][vc_column_inner][vc_single_image image=&#8220;1742&#8243; img_size=&#8220;full&#8220;][vc_column_text single_style=&#8220;&#8220;]<\/p>\n<ul>\n<li><strong>1 Becken<\/strong><\/li>\n<li><strong>700 mm<\/strong><\/li>\n<\/ul>\n<p>&nbsp;<\/p>\n<p style=\"text-align: right;\"><strong>ab 925 \u20ac<\/strong><\/p>\n<p>[\/vc_column_text][vc_btn title=&#8220;Zur \u00dcbersicht&#8220; style=&#8220;flat&#8220; color=&#8220;primary&#8220; size=&#8220;sm&#8220; align=&#8220;center&#8220; button_block=&#8220;true&#8220; link=&#8220;url:https%3A%2F%2Fwww.chromonorm.de%2Fedelstahlmoebel%2Fspuelcenter%2F%3Fp%3D1%26o%3D2%26n%3D12%26f%3D12%257C28|||&#8220;][\/vc_column_inner][\/vc_row_inner][\/vc_column][vc_column width=&#8220;1\/4&#8243;][vc_row_inner][vc_column_inner][vc_single_image image=&#8220;1743&#8243; img_size=&#8220;full&#8220;][vc_column_text single_style=&#8220;&#8220;]<\/p>\n<ul>\n<li><strong>2 Becken<\/strong><\/li>\n<li><strong>600 mm<\/strong><\/li>\n<\/ul>\n<p>&nbsp;<\/p>\n<p style=\"text-align: right;\"><strong>ab 1.100 \u20ac<\/strong><\/p>\n<p>[\/vc_column_text][vc_btn title=&#8220;Zur \u00dcbersicht&#8220; style=&#8220;flat&#8220; color=&#8220;primary&#8220; size=&#8220;sm&#8220; align=&#8220;center&#8220; button_block=&#8220;true&#8220; link=&#8220;url:https%3A%2F%2Fwww.chromonorm.de%2Fedelstahlmoebel%2Fspuelcenter%2F%3Fp%3D1%26o%3D3%26n%3D12%26f%3D13%257C28|||&#8220;][\/vc_column_inner][\/vc_row_inner][\/vc_column][vc_column width=&#8220;1\/4&#8243;][vc_row_inner][vc_column_inner][vc_single_image image=&#8220;1743&#8243; img_size=&#8220;full&#8220;][vc_column_text single_style=&#8220;&#8220;]<\/p>\n<ul>\n<li><strong>2 Becken<\/strong><\/li>\n<li><strong>700 mm<\/strong><\/li>\n<\/ul>\n<p>&nbsp;<\/p>\n<p style=\"text-align: right;\"><strong>ab 1.215 \u20ac<\/strong><\/p>\n<p>[\/vc_column_text][vc_btn title=&#8220;Zur \u00dcbersicht&#8220; style=&#8220;flat&#8220; color=&#8220;primary&#8220; size=&#8220;sm&#8220; align=&#8220;center&#8220; button_block=&#8220;true&#8220; link=&#8220;url:https%3A%2F%2Fwww.chromonorm.de%2Fedelstahlmoebel%2Fspuelcenter%2F%3Fp%3D1%26o%3D3%26n%3D12%26f%3D13%257C29|||&#8220;][\/vc_column_inner][\/vc_row_inner][\/vc_column][\/vc_row][vc_row full_width=&#8220;stretch_row&#8220; css=&#8220;.vc_custom_1566485353024{padding-top: 40px !important;padding-bottom: 40px !important;background-color: #f2faff !important;}&#8220;][vc_column width=&#8220;2\/3&#8243;][vc_column_text single_style=&#8220;&#8220; css=&#8220;.vc_custom_1580295050848{padding-right: 40px !important;}&#8220;]<\/p>\n<h2>Gro\u00dfe Auswahl an Sp\u00fclcentern<\/h2>\n<p><span style=\"font-weight: 400;\">Unsere Sp\u00fclcenter von CHROMOnorm bieten Ihnen alles, was sie f\u00fcr Ihre Gastronomiek\u00fcche brauchen. Unser Angebot beinhaltet sowohl Center mit einem, als auch mit zwei Sp\u00fclbecken. Zudem k\u00f6nnen sie zwischen verschiedenen Aufmachungen w\u00e4hlen. Unser Sortiment bietet Sp\u00fclcenter mit offenen Unterkonstruktionen, einem Zwischenboden oder einem Schrank mit Fl\u00fcgelt\u00fcren. Entscheiden Sie selbst, welches Produkt zu Ihrer K\u00fcche passt.<\/span><\/p>\n<p><span style=\"font-weight: 400;\">Ebenfalls variiert die Tiefe und L\u00e4nge der Produkte. Das Sortiment reicht von einem kleineren Sp\u00fclcenter mit einer L\u00e4nge von 1,20 m bis hin zu einem 2 m gro\u00dfen Sp\u00fclcenter. Die Arbeitsh\u00f6he liegt zwischen 850 und 900 m, welche variabel einstellbar ist. Zudem besteht bei allen Sp\u00fclcentern die M\u00f6glichkeit, einen Niveauausgleich vorzunehmen.<\/span><\/p>\n<p><span style=\"font-weight: 400;\">All unsere Sp\u00fclcenter sind aus Edelstahl und bieten Ihnen neben der edlen Optik eine lange Haltbarkeit. Au\u00dferdem sind Sp\u00fclbecken aus Edelstahl sehr leicht zu reinigen. Jedes Sp\u00fclcenter verf\u00fcgt selbstverst\u00e4ndlich \u00fcber eine gerillte Abtropffl\u00e4che, welche entweder rechts oder links vom Sp\u00fclbecken angebracht werden kann. Auch hier gibt es Variationen in der L\u00e4nge. Die hintere Aufkantung und der ringsumlaufende Wulstrand sorgen zus\u00e4tzlich f\u00fcr ein problemloses Arbeiten.<\/span>[\/vc_column_text][\/vc_column][vc_column width=&#8220;1\/3&#8243;][vc_empty_space][vc_single_image image=&#8220;320&#8243; img_size=&#8220;full&#8220;][\/vc_column][\/vc_row][vc_row][vc_column][vc_column_text single_style=&#8220;&#8220;]<\/p>\n<h2>Das k\u00f6nnte Sie auch interessieren<\/h2>\n<p>[\/vc_column_text][\/vc_column][\/vc_row][vc_row][vc_column width=&#8220;1\/4&#8243;][vc_row_inner][vc_column_inner][vc_single_image image=&#8220;1595&#8243; img_size=&#8220;full&#8220;][vc_column_text single_style=&#8220;&#8220;]<\/p>\n<h3 style=\"text-align: center;\">Tiefk\u00fchltische<\/h3>\n<p>[\/vc_column_text][vc_btn title=&#8220;Zu den Tiefk\u00fchltischen&#8220; color=&#8220;primary&#8220; size=&#8220;sm&#8220; align=&#8220;center&#8220; link=&#8220;url:https%3A%2F%2Fchromonorm.de%2Fratgeber%2Ftiefkuehltische%2F|title:Arbeitsschr%C3%A4nke||&#8220;][\/vc_column_inner][\/vc_row_inner][\/vc_column][vc_column width=&#8220;1\/4&#8243;][vc_row_inner][vc_column_inner][vc_single_image image=&#8220;1594&#8243; img_size=&#8220;full&#8220;][vc_column_text single_style=&#8220;&#8220;]<\/p>\n<h3 style=\"text-align: center;\">Getr\u00e4nketheken<\/h3>\n<p>[\/vc_column_text][vc_btn title=&#8220;Zu den Getr\u00e4nketheken&#8220; color=&#8220;primary&#8220; size=&#8220;sm&#8220; align=&#8220;center&#8220; link=&#8220;url:https%3A%2F%2Fchromonorm.de%2Fratgeber%2Fgetraenketheken%2F|title:Arbeitsschr%C3%A4nke||&#8220;][\/vc_column_inner][\/vc_row_inner][\/vc_column][vc_column width=&#8220;1\/4&#8243;][vc_row_inner][vc_column_inner][vc_single_image image=&#8220;1596&#8243; img_size=&#8220;full&#8220;][vc_column_text single_style=&#8220;&#8220;]<\/p>\n<h3 style=\"text-align: center;\">Abfallk\u00fchler<\/h3>\n<p>[\/vc_column_text][vc_btn title=&#8220;Zu den Abfallk\u00fchler&#8220; color=&#8220;primary&#8220; size=&#8220;sm&#8220; align=&#8220;center&#8220; link=&#8220;url:https%3A%2F%2Fchromonorm.de%2Fratgeber%2Fabfallkuehler%2F|title:Arbeitsschr%C3%A4nke||&#8220;][\/vc_column_inner][\/vc_row_inner][\/vc_column][vc_column width=&#8220;1\/4&#8243;][vc_row_inner][vc_column_inner][vc_single_image image=&#8220;1593&#8243; img_size=&#8220;full&#8220;][vc_column_text single_style=&#8220;&#8220;]<\/p>\n<h3 style=\"text-align: center;\">Sp\u00fcltische<\/h3>\n<p>[\/vc_column_text][vc_btn title=&#8220;Zu den Sp\u00fcltischen&#8220; color=&#8220;primary&#8220; size=&#8220;sm&#8220; align=&#8220;center&#8220; link=&#8220;url:https%3A%2F%2Fchromonorm.de%2Fratgeber%2Fspueltische%2F|title:Arbeitsschr%C3%A4nke||&#8220;][\/vc_column_inner][\/vc_row_inner][\/vc_column][\/vc_row]<\/p>\n<\/section>","protected":false},"excerpt":{"rendered":"<p>[vc_row full_width=&#8220;stretch_row&#8220; gap=&#8220;35&#8243; css=&#8220;.vc_custom_1566485346340{margin-top: -65px !important;padding-bottom: 20px !important;background-color: #f2faff !important;}&#8220;][vc_column width=&#8220;1\/2&#8243;][vc_empty_space height=&#8220;20px&#8220;][vc_column_text single_style=&#8220;&#8220;] Sp\u00fclcenter von CHROMOnorm Ein Sp\u00fclcenter geh\u00f6rt heutzutage in jede Gastronomiek\u00fcche. Ein funktionales Sp\u00fclcenter sorgt daf\u00fcr, den Hygienestandard in Ihrem Betrieb aufrecht zu erhalten. Sauberkeit und Ordnung geh\u00f6ren zu den wichtigsten Faktoren in einem gastronomischen Betrieb. Mit einem Sp\u00fclcenter kann benutztes Geschirr sofort<\/p>\n","protected":false},"author":6,"featured_media":0,"parent":0,"menu_order":0,"comment_status":"closed","ping_status":"closed","template":"page-blocks.php","meta":{"footnotes":""},"featured_image_urls":{"full":"","thumbnail":"","medium":"","medium_large":"","large":"","1536x1536":"","2048x2048":"","post-thumbnail":"","contentberg-main":"","contentberg-main-full":"","contentberg-slider-stylish":"","contentberg-slider-carousel":"","contentberg-slider-grid-b":"","contentberg-slider-grid-b-sm":"","contentberg-slider-bold-sm":"","contentberg-grid":"","contentberg-list":"","contentberg-list-b":"","contentberg-thumb":"","contentberg-thumb-alt":""},"post_excerpt_stackable":"<p>[vc_row full_width=&#8220;stretch_row&#8220; gap=&#8220;35&#8243; css=&#8220;.vc_custom_1566485346340{margin-top: -65px !important;padding-bottom: 20px !important;background-color: #f2faff !important;}&#8220;][vc_column width=&#8220;1\/2&#8243;][vc_empty_space height=&#8220;20px&#8220;][vc_column_text single_style=&#8220;&#8220;] Sp\u00fclcenter von CHROMOnorm Ein Sp\u00fclcenter geh\u00f6rt heutzutage in jede Gastronomiek\u00fcche. Ein funktionales Sp\u00fclcenter sorgt daf\u00fcr, den Hygienestandard in Ihrem Betrieb aufrecht zu erhalten. Sauberkeit und Ordnung geh\u00f6ren zu den wichtigsten Faktoren in einem gastronomischen Betrieb. Mit einem Sp\u00fclcenter kann benutztes Geschirr sofort abgestellt und gereinigt werden.\u00a0 Bei einem hohen G\u00e4steaufkommen sammelt sich schnell schmutziges Geschirr an. Ein Sp\u00fclcenter gilt auch daf\u00fcr als praktische L\u00f6sung und erm\u00f6glicht sauberes und einsatzbereites Geschirr im Handumdrehen. Unsere Vorteile im \u00dcberblick Sp\u00fclcenter aus Edelstahl Wahlm\u00f6glichkeit zwischen einem oder zwei Sp\u00fclbecken Variationen in&hellip;<\/p>\n","category_list":"","author_info":{"name":"Dawid Kunda","url":"https:\/\/www.chromonorm.de\/ratgeber\/author\/dawid-kunda\/"},"comments_num":"0 comments","featured_image_urls_v2":{"full":"","thumbnail":"","medium":"","medium_large":"","large":"","1536x1536":"","2048x2048":"","post-thumbnail":"","contentberg-main":"","contentberg-main-full":"","contentberg-slider-stylish":"","contentberg-slider-carousel":"","contentberg-slider-grid-b":"","contentberg-slider-grid-b-sm":"","contentberg-slider-bold-sm":"","contentberg-grid":"","contentberg-list":"","contentberg-list-b":"","contentberg-thumb":"","contentberg-thumb-alt":""},"post_excerpt_stackable_v2":"<p>[vc_row full_width=&#8220;stretch_row&#8220; gap=&#8220;35&#8243; css=&#8220;.vc_custom_1566485346340{margin-top: -65px !important;padding-bottom: 20px !important;background-color: #f2faff !important;}&#8220;][vc_column width=&#8220;1\/2&#8243;][vc_empty_space height=&#8220;20px&#8220;][vc_column_text single_style=&#8220;&#8220;] Sp\u00fclcenter von CHROMOnorm Ein Sp\u00fclcenter geh\u00f6rt heutzutage in jede Gastronomiek\u00fcche. Ein funktionales Sp\u00fclcenter sorgt daf\u00fcr, den Hygienestandard in Ihrem Betrieb aufrecht zu erhalten. Sauberkeit und Ordnung geh\u00f6ren zu den wichtigsten Faktoren in einem gastronomischen Betrieb. Mit einem Sp\u00fclcenter kann benutztes Geschirr sofort abgestellt und gereinigt werden.\u00a0 Bei einem hohen G\u00e4steaufkommen sammelt sich schnell schmutziges Geschirr an. Ein Sp\u00fclcenter gilt auch daf\u00fcr als praktische L\u00f6sung und erm\u00f6glicht sauberes und einsatzbereites Geschirr im Handumdrehen. Unsere Vorteile im \u00dcberblick Sp\u00fclcenter aus Edelstahl Wahlm\u00f6glichkeit zwischen einem oder zwei Sp\u00fclbecken Variationen in&hellip;<\/p>\n","category_list_v2":"","author_info_v2":{"name":"Dawid Kunda","url":"https:\/\/www.chromonorm.de\/ratgeber\/author\/dawid-kunda\/"},"comments_num_v2":"0 comments","yoast_head":"<!-- This site is optimized with the Yoast SEO plugin v22.6 - https:\/\/yoast.com\/wordpress\/plugins\/seo\/ -->\n<title>Edelstahl Sp\u00fclcenter online kaufen - TOP Qualit\u00e4t | Chromonorm<\/title>\n<meta name=\"description\" content=\"Sp\u00fclcenter aus Edelstahl \u2713 in TOP Qualit\u00e4t \u2713 f\u00fcr den Gastronomieeinsatz \u2713 Jetzt Edelstahlarbeitstische online bestellen!\" \/>\n<meta name=\"robots\" content=\"index, nofollow, max-snippet:-1, max-image-preview:large, max-video-preview:-1\" \/>\n<link rel=\"canonical\" href=\"https:\/\/www.chromonorm.de\/ratgeber\/spuelcenter\/\" \/>\n<meta property=\"og:locale\" content=\"de_DE\" \/>\n<meta property=\"og:type\" content=\"article\" \/>\n<meta property=\"og:title\" content=\"Edelstahl Sp\u00fclcenter online kaufen - TOP Qualit\u00e4t | Chromonorm\" \/>\n<meta property=\"og:description\" content=\"Sp\u00fclcenter aus Edelstahl \u2713 in TOP Qualit\u00e4t \u2713 f\u00fcr den Gastronomieeinsatz \u2713 Jetzt Edelstahlarbeitstische online bestellen!\" \/>\n<meta property=\"og:url\" content=\"https:\/\/www.chromonorm.de\/ratgeber\/spuelcenter\/\" \/>\n<meta property=\"og:site_name\" content=\"Chromonorm Ratgeber\" \/>\n<meta property=\"article:modified_time\" content=\"2024-08-22T12:29:06+00:00\" \/>\n<meta name=\"twitter:card\" content=\"summary_large_image\" \/>\n<meta name=\"twitter:label1\" content=\"Gesch\u00e4tzte Lesezeit\" \/>\n\t<meta name=\"twitter:data1\" content=\"3\u00a0Minuten\" \/>\n<script type=\"application\/ld+json\" class=\"yoast-schema-graph\">{\"@context\":\"https:\/\/schema.org\",\"@graph\":[{\"@type\":\"WebPage\",\"@id\":\"https:\/\/www.chromonorm.de\/ratgeber\/spuelcenter\/\",\"url\":\"https:\/\/www.chromonorm.de\/ratgeber\/spuelcenter\/\",\"name\":\"Edelstahl Sp\u00fclcenter online kaufen - TOP Qualit\u00e4t | Chromonorm\",\"isPartOf\":{\"@id\":\"https:\/\/www.chromonorm.de\/ratgeber\/#website\"},\"datePublished\":\"2019-11-05T14:11:34+00:00\",\"dateModified\":\"2024-08-22T12:29:06+00:00\",\"description\":\"Sp\u00fclcenter aus Edelstahl \u2713 in TOP Qualit\u00e4t \u2713 f\u00fcr den Gastronomieeinsatz \u2713 Jetzt Edelstahlarbeitstische online bestellen!\",\"breadcrumb\":{\"@id\":\"https:\/\/www.chromonorm.de\/ratgeber\/spuelcenter\/#breadcrumb\"},\"inLanguage\":\"de\",\"potentialAction\":[{\"@type\":\"ReadAction\",\"target\":[\"https:\/\/www.chromonorm.de\/ratgeber\/spuelcenter\/\"]}]},{\"@type\":\"BreadcrumbList\",\"@id\":\"https:\/\/www.chromonorm.de\/ratgeber\/spuelcenter\/#breadcrumb\",\"itemListElement\":[{\"@type\":\"ListItem\",\"position\":1,\"name\":\"Startseite\",\"item\":\"https:\/\/www.chromonorm.de\/ratgeber\/\"},{\"@type\":\"ListItem\",\"position\":2,\"name\":\"Sp\u00fclcenter\"}]},{\"@type\":\"WebSite\",\"@id\":\"https:\/\/www.chromonorm.de\/ratgeber\/#website\",\"url\":\"https:\/\/www.chromonorm.de\/ratgeber\/\",\"name\":\"Chromonorm Ratgeber\",\"description\":\"Ratgeber f\u00fcr Gastro K\u00fcchen\",\"publisher\":{\"@id\":\"https:\/\/www.chromonorm.de\/ratgeber\/#organization\"},\"potentialAction\":[{\"@type\":\"SearchAction\",\"target\":{\"@type\":\"EntryPoint\",\"urlTemplate\":\"https:\/\/www.chromonorm.de\/ratgeber\/?s={search_term_string}\"},\"query-input\":\"required name=search_term_string\"}],\"inLanguage\":\"de\"},{\"@type\":\"Organization\",\"@id\":\"https:\/\/www.chromonorm.de\/ratgeber\/#organization\",\"name\":\"Chromonorm\",\"url\":\"https:\/\/www.chromonorm.de\/ratgeber\/\",\"logo\":{\"@type\":\"ImageObject\",\"inLanguage\":\"de\",\"@id\":\"https:\/\/www.chromonorm.de\/ratgeber\/#\/schema\/logo\/image\/\",\"url\":\"https:\/\/www.chromonorm.de\/ratgeber\/wp-content\/uploads\/2019\/07\/Chromonorm-Logo.png\",\"contentUrl\":\"https:\/\/www.chromonorm.de\/ratgeber\/wp-content\/uploads\/2019\/07\/Chromonorm-Logo.png\",\"width\":350,\"height\":51,\"caption\":\"Chromonorm\"},\"image\":{\"@id\":\"https:\/\/www.chromonorm.de\/ratgeber\/#\/schema\/logo\/image\/\"}}]}<\/script>\n<!-- \/ Yoast SEO plugin. -->","yoast_head_json":{"title":"Edelstahl Sp\u00fclcenter online kaufen - TOP Qualit\u00e4t | Chromonorm","description":"Sp\u00fclcenter aus Edelstahl \u2713 in TOP Qualit\u00e4t \u2713 f\u00fcr den Gastronomieeinsatz \u2713 Jetzt Edelstahlarbeitstische online bestellen!","robots":{"index":"index","follow":"nofollow","max-snippet":"max-snippet:-1","max-image-preview":"max-image-preview:large","max-video-preview":"max-video-preview:-1"},"canonical":"https:\/\/www.chromonorm.de\/ratgeber\/spuelcenter\/","og_locale":"de_DE","og_type":"article","og_title":"Edelstahl Sp\u00fclcenter online kaufen - TOP Qualit\u00e4t | Chromonorm","og_description":"Sp\u00fclcenter aus Edelstahl \u2713 in TOP Qualit\u00e4t \u2713 f\u00fcr den Gastronomieeinsatz \u2713 Jetzt Edelstahlarbeitstische online bestellen!","og_url":"https:\/\/www.chromonorm.de\/ratgeber\/spuelcenter\/","og_site_name":"Chromonorm Ratgeber","article_modified_time":"2024-08-22T12:29:06+00:00","twitter_card":"summary_large_image","twitter_misc":{"Gesch\u00e4tzte Lesezeit":"3\u00a0Minuten"},"schema":{"@context":"https:\/\/schema.org","@graph":[{"@type":"WebPage","@id":"https:\/\/www.chromonorm.de\/ratgeber\/spuelcenter\/","url":"https:\/\/www.chromonorm.de\/ratgeber\/spuelcenter\/","name":"Edelstahl Sp\u00fclcenter online kaufen - TOP Qualit\u00e4t | Chromonorm","isPartOf":{"@id":"https:\/\/www.chromonorm.de\/ratgeber\/#website"},"datePublished":"2019-11-05T14:11:34+00:00","dateModified":"2024-08-22T12:29:06+00:00","description":"Sp\u00fclcenter aus Edelstahl \u2713 in TOP Qualit\u00e4t \u2713 f\u00fcr den Gastronomieeinsatz \u2713 Jetzt Edelstahlarbeitstische online bestellen!","breadcrumb":{"@id":"https:\/\/www.chromonorm.de\/ratgeber\/spuelcenter\/#breadcrumb"},"inLanguage":"de","potentialAction":[{"@type":"ReadAction","target":["https:\/\/www.chromonorm.de\/ratgeber\/spuelcenter\/"]}]},{"@type":"BreadcrumbList","@id":"https:\/\/www.chromonorm.de\/ratgeber\/spuelcenter\/#breadcrumb","itemListElement":[{"@type":"ListItem","position":1,"name":"Startseite","item":"https:\/\/www.chromonorm.de\/ratgeber\/"},{"@type":"ListItem","position":2,"name":"Sp\u00fclcenter"}]},{"@type":"WebSite","@id":"https:\/\/www.chromonorm.de\/ratgeber\/#website","url":"https:\/\/www.chromonorm.de\/ratgeber\/","name":"Chromonorm Ratgeber","description":"Ratgeber f\u00fcr Gastro K\u00fcchen","publisher":{"@id":"https:\/\/www.chromonorm.de\/ratgeber\/#organization"},"potentialAction":[{"@type":"SearchAction","target":{"@type":"EntryPoint","urlTemplate":"https:\/\/www.chromonorm.de\/ratgeber\/?s={search_term_string}"},"query-input":"required name=search_term_string"}],"inLanguage":"de"},{"@type":"Organization","@id":"https:\/\/www.chromonorm.de\/ratgeber\/#organization","name":"Chromonorm","url":"https:\/\/www.chromonorm.de\/ratgeber\/","logo":{"@type":"ImageObject","inLanguage":"de","@id":"https:\/\/www.chromonorm.de\/ratgeber\/#\/schema\/logo\/image\/","url":"https:\/\/www.chromonorm.de\/ratgeber\/wp-content\/uploads\/2019\/07\/Chromonorm-Logo.png","contentUrl":"https:\/\/www.chromonorm.de\/ratgeber\/wp-content\/uploads\/2019\/07\/Chromonorm-Logo.png","width":350,"height":51,"caption":"Chromonorm"},"image":{"@id":"https:\/\/www.chromonorm.de\/ratgeber\/#\/schema\/logo\/image\/"}}]}},"_links":{"self":[{"href":"https:\/\/www.chromonorm.de\/ratgeber\/wp-json\/wp\/v2\/pages\/623"}],"collection":[{"href":"https:\/\/www.chromonorm.de\/ratgeber\/wp-json\/wp\/v2\/pages"}],"about":[{"href":"https:\/\/www.chromonorm.de\/ratgeber\/wp-json\/wp\/v2\/types\/page"}],"author":[{"embeddable":true,"href":"https:\/\/www.chromonorm.de\/ratgeber\/wp-json\/wp\/v2\/users\/6"}],"replies":[{"embeddable":true,"href":"https:\/\/www.chromonorm.de\/ratgeber\/wp-json\/wp\/v2\/comments?post=623"}],"version-history":[{"count":16,"href":"https:\/\/www.chromonorm.de\/ratgeber\/wp-json\/wp\/v2\/pages\/623\/revisions"}],"predecessor-version":[{"id":1744,"href":"https:\/\/www.chromonorm.de\/ratgeber\/wp-json\/wp\/v2\/pages\/623\/revisions\/1744"}],"wp:attachment":[{"href":"https:\/\/www.chromonorm.de\/ratgeber\/wp-json\/wp\/v2\/media?parent=623"}],"curies":[{"name":"wp","href":"https:\/\/api.w.org\/{rel}","templated":true}]}}